{"id":16807,"date":"2021-09-28T03:37:42","date_gmt":"2021-09-27T20:37:42","guid":{"rendered":"https:\/\/mouldking.store\/product\/mork-031003-apollo-saturn-v-launch-umbilical-tower-1758095"},"modified":"2024-03-11T15:52:19","modified_gmt":"2024-03-11T08:52:19","slug":"mork-031003-apollo-saturn-v-launch-umbilical-tower","status":"publish","type":"product","link":"https:\/\/mouldking.store\/hu\/shop\/mork-031003-apollo-saturn-v-launch-umbilical-tower\/","title":{"rendered":"MORK 031003 Apollo Saturn V ind\u00edt\u00e1sa k\u00f6ld\u00f6ktorony"},"content":{"rendered":"<p style=\"text-align: left;\">A MORK 031003 Apollo Saturn V Launch Umbilical Tower egy k\u00e9szlet a Space kollekci\u00f3ban. A MORK 031003 k\u00e9zi utas\u00edt\u00e1ssal \u00e9rkezik, amelyet k\u00f6nny\u0171 meg\u00e9p\u00edteni \u00e9s megtal\u00e1lni a hi\u00e1nyz\u00f3 darabokat. A k\u00e9szlet 3586 darabot tartalmaz, el\u0151sz\u00f6r 2021-ben adt\u00e1k ki.<\/p>\n<p><a href=\"https:\/\/pay.lpwstore.com\/wp-content\/uploads\/2021\/01\/MORK-031003-Apollo-Saturn-V-Launch-Umbilical-Tower.jpg\" target=\"_blank\" rel=\"noopener\"><img fetchpriority=\"high\" decoding=\"async\" class=\"aligncenter wp-image-201070 size-full\" src=\"https:\/\/pay.lpwstore.com\/wp-content\/uploads\/2021\/01\/MORK-031003-Apollo-Saturn-V-Launch-Umbilical-Tower.jpg\" alt=\"MORK-031003-Apollo-Saturn-V-Launch-Umbilical-Tower\" width=\"800\" height=\"800\" title=\"-\"><\/a> <img decoding=\"async\" class=\"alignnone size-full wp-image-201071 aligncenter\" src=\"https:\/\/pay.lpwstore.com\/wp-content\/uploads\/2021\/01\/MORK-031003-Apollo-Saturn-V-Launch-Umbilical-Tower-2.jpg\" alt=\"-\" width=\"800\" height=\"800\" title=\"-\"> <img decoding=\"async\" class=\"alignnone size-full wp-image-201072 aligncenter\" src=\"https:\/\/pay.lpwstore.com\/wp-content\/uploads\/2021\/01\/MORK-031003-Apollo-Saturn-V-Launch-Umbilical-Tower-3.jpg\" alt=\"-\" width=\"800\" height=\"800\" title=\"-\"> <img loading=\"lazy\" decoding=\"async\" class=\"alignnone size-full wp-image-201073 aligncenter\" src=\"https:\/\/pay.lpwstore.com\/wp-content\/uploads\/2021\/01\/MORK-031003-Apollo-Saturn-V-Launch-Umbilical-Tower-4.jpg\" alt=\"-\" width=\"800\" height=\"800\" title=\"-\"> <img loading=\"lazy\" decoding=\"async\" class=\"alignnone size-full wp-image-201074 aligncenter\" src=\"https:\/\/pay.lpwstore.com\/wp-content\/uploads\/2021\/01\/MORK-031003-Apollo-Saturn-V-Launch-Umbilical-Tower-5.jpg\" alt=\"-\" width=\"800\" height=\"800\" title=\"-\"><\/p>","protected":false},"excerpt":{"rendered":"<ul>\n<li>Tartalmazza <strong>3586+<\/strong> db<\/li>\n<li>K\u00e9zi haszn\u00e1lati \u00fatmutat\u00f3<\/li>\n<li>Kiv\u00e1l\u00f3 min\u0151s\u00e9g\u0171 ABS blokk<\/li>\n<li>Eredeti doboza nincs<\/li>\n<\/ul>","protected":false},"featured_media":16808,"comment_status":"open","ping_status":"closed","template":"","meta":{"_acf_changed":false},"product_cat":[15],"product_tag":[],"class_list":["product","first","outofstock","shipping-taxable","purchasable","product-type-simple"],"acf":[],"_links":{"self":[{"href":"https:\/\/mouldking.store\/hu\/wp-json\/wp\/v2\/product\/16807","targetHints":{"allow":["GET"]}}],"collection":[{"href":"https:\/\/mouldking.store\/hu\/wp-json\/wp\/v2\/product"}],"about":[{"href":"https:\/\/mouldking.store\/hu\/wp-json\/wp\/v2\/types\/product"}],"replies":[{"embeddable":true,"href":"https:\/\/mouldking.store\/hu\/wp-json\/wp\/v2\/comments?post=16807"}],"wp:featuredmedia":[{"embeddable":true,"href":"https:\/\/mouldking.store\/hu\/wp-json\/wp\/v2\/media\/16808"}],"wp:attachment":[{"href":"https:\/\/mouldking.store\/hu\/wp-json\/wp\/v2\/media?parent=16807"}],"wp:term":[{"taxonomy":"product_cat","embeddable":true,"href":"https:\/\/mouldking.store\/hu\/wp-json\/wp\/v2\/product_cat?post=16807"},{"taxonomy":"product_tag","embeddable":true,"href":"https:\/\/mouldking.store\/hu\/wp-json\/wp\/v2\/product_tag?post=16807"}],"curies":[{"name":"wp","href":"https:\/\/api.w.org\/{rel}","templated":true}]}}