{"id":16870,"date":"2021-09-28T03:38:35","date_gmt":"2021-09-28T03:38:35","guid":{"rendered":"https:\/\/mouldking.store\/product\/sembo-107027-wandering-earth-es-series-cn171-personnel-carrier-military-truck-7376521"},"modified":"2021-12-23T09:53:06","modified_gmt":"2021-12-23T09:53:06","slug":"sembo-107027-wandering-earth-es-series-cn171-personnel-carrier-military-truck","status":"publish","type":"product","link":"https:\/\/mouldking.store\/hu\/shop\/sembo-107027-wandering-earth-es-series-cn171-personnel-carrier-military-truck\/","title":{"rendered":"SEMBO 107027 V\u00e1ndorl\u00f3 F\u00f6ld: ES Series-CN171 Szem\u00e9lysz\u00e1ll\u00edt\u00f3 katonai teheraut\u00f3"},"content":{"rendered":"<p style=\"text-align: left;\"><span>A SEMBO 107027 Wandering Earth: ES Series-CN171 Szem\u00e9lysz\u00e1ll\u00edt\u00f3 katonai teheraut\u00f3 a filmes \u00e9s telev\u00edzi\u00f3s j\u00e1t\u00e9ksorozat \u00e9p\u00edt\u0151elemei k\u00f6z\u00e9 tartozik. A teljes k\u00e9szlet 532 \u00e9p\u00edt\u0151elem r\u00e9szecsk\u00e9t tartalmaz. <\/span><span>El\u0151sz\u00f6r 2020-ban jelent meg.<\/span><\/p>\n<figure id=\"attachment_201600\" aria-describedby=\"caption-attachment-201600\" style=\"width: 800px\" class=\"wp-caption aligncenter\"><a href=\"https:\/\/pay.lpwstore.com\/wp-content\/uploads\/2021\/01\/SEMBO-107027-Wandering-Earth-ES-Series-CN171-Personnel-Carrier-Military-Truck.jpg\" target=\"_blank\" rel=\"noopener\"><img fetchpriority=\"high\" decoding=\"async\" class=\"wp-image-201600 size-full\" title=\"SEMBO 107027 V\u00e1ndorl\u00f3 F\u00f6ld: ES Series-CN171 Szem\u00e9lysz\u00e1ll\u00edt\u00f3 katonai teheraut\u00f3\" src=\"https:\/\/pay.lpwstore.com\/wp-content\/uploads\/2021\/01\/SEMBO-107027-Wandering-Earth-ES-Series-CN171-Personnel-Carrier-Military-Truck.jpg\" alt=\"SEMBO 107027 Wandering Earth: ES Series-CN171 Personnel Carrier Military Truck\" width=\"800\" height=\"800\" \/><\/a><figcaption id=\"caption-attachment-201600\" class=\"wp-caption-text\">SEMBO 107027 V\u00e1ndorl\u00f3 F\u00f6ld: ES Series-CN171 Szem\u00e9lysz\u00e1ll\u00edt\u00f3 katonai teheraut\u00f3<\/figcaption><\/figure>\n<p><img decoding=\"async\" class=\"alignnone size-full wp-image-201602 aligncenter\" src=\"https:\/\/pay.lpwstore.com\/wp-content\/uploads\/2021\/01\/SEMBO-107027-Wandering-Earth-ES-Series-CN171-Personnel-Carrier-Military-Truck-3.jpg\" alt=\"-\" width=\"800\" height=\"800\" title=\"-\"> <img decoding=\"async\" class=\"alignnone size-full wp-image-201601 aligncenter\" src=\"https:\/\/pay.lpwstore.com\/wp-content\/uploads\/2021\/01\/SEMBO-107027-Wandering-Earth-ES-Series-CN171-Personnel-Carrier-Military-Truck-2.jpg\" alt=\"-\" width=\"800\" height=\"800\" title=\"-\"> <img loading=\"lazy\" decoding=\"async\" class=\"alignnone size-full wp-image-201603 aligncenter\" src=\"https:\/\/pay.lpwstore.com\/wp-content\/uploads\/2021\/01\/SEMBO-107027-Wandering-Earth-ES-Series-CN171-Personnel-Carrier-Military-Truck-4.jpg\" alt=\"-\" width=\"800\" height=\"800\" title=\"-\"><\/p>","protected":false},"excerpt":{"rendered":"<ul>\n<li>Tartalmazza\u00a0<strong>532+<\/strong>\u00a0db<\/li>\n<li>K\u00e9zi haszn\u00e1lati \u00fatmutat\u00f3<\/li>\n<li>Kiv\u00e1l\u00f3 min\u0151s\u00e9g\u0171 ABS blokk<\/li>\n<li>Eredeti doboza nincs<\/li>\n<\/ul>","protected":false},"featured_media":16871,"comment_status":"open","ping_status":"closed","template":"","meta":{"_acf_changed":false},"product_cat":[372],"product_tag":[],"class_list":["product","first","instock","shipping-taxable","purchasable","product-type-simple"],"acf":[],"_links":{"self":[{"href":"https:\/\/mouldking.store\/hu\/wp-json\/wp\/v2\/product\/16870","targetHints":{"allow":["GET"]}}],"collection":[{"href":"https:\/\/mouldking.store\/hu\/wp-json\/wp\/v2\/product"}],"about":[{"href":"https:\/\/mouldking.store\/hu\/wp-json\/wp\/v2\/types\/product"}],"replies":[{"embeddable":true,"href":"https:\/\/mouldking.store\/hu\/wp-json\/wp\/v2\/comments?post=16870"}],"wp:featuredmedia":[{"embeddable":true,"href":"https:\/\/mouldking.store\/hu\/wp-json\/wp\/v2\/media\/16871"}],"wp:attachment":[{"href":"https:\/\/mouldking.store\/hu\/wp-json\/wp\/v2\/media?parent=16870"}],"wp:term":[{"taxonomy":"product_cat","embeddable":true,"href":"https:\/\/mouldking.store\/hu\/wp-json\/wp\/v2\/product_cat?post=16870"},{"taxonomy":"product_tag","embeddable":true,"href":"https:\/\/mouldking.store\/hu\/wp-json\/wp\/v2\/product_tag?post=16870"}],"curies":[{"name":"wp","href":"https:\/\/api.w.org\/{rel}","templated":true}]}}