{"id":16911,"date":"2021-09-28T03:39:07","date_gmt":"2021-09-28T03:39:07","guid":{"rendered":"https:\/\/mouldking.store\/product\/xingbao-xb-06040-kampfpanzer-leopard-2a6-main-battle-tank-130-2597029"},"modified":"2021-12-23T09:53:06","modified_gmt":"2021-12-23T09:53:06","slug":"xingbao-xb-06040-kampfpanzer-leopard-2a6-main-battle-tank-130","status":"publish","type":"product","link":"https:\/\/mouldking.store\/hu\/shop\/xingbao-xb-06040-kampfpanzer-leopard-2a6-main-battle-tank-130\/","title":{"rendered":"XINGBAO XB-06040 Kampfpanzer Leopard 2A6 Main Battle Tank 1:30"},"content":{"rendered":"<p style=\"text-align: left;\"><span>XINGBAO XB-06040 Kampfpanzer Leopard 2A6 Main Battle Tank 1:30 belongs to the military series building block set, the whole set contains 1346 building block particles. <\/span><span>El\u0151sz\u00f6r 2021-ben jelent meg.<\/span><\/p>\n<figure id=\"attachment_201714\" aria-describedby=\"caption-attachment-201714\" style=\"width: 800px\" class=\"wp-caption aligncenter\"><a href=\"https:\/\/pay.lpwstore.com\/wp-content\/uploads\/2021\/01\/XINGBAO-XB-06040-Kampfpanzer-Leopard-2A6-Main-Battle-Tank-130.jpg\" target=\"_blank\" rel=\"noopener\"><img fetchpriority=\"high\" decoding=\"async\" class=\"wp-image-201714 size-full\" title=\"XINGBAO XB-06040 Kampfpanzer Leopard 2A6 Main Battle Tank 1:30\" src=\"https:\/\/pay.lpwstore.com\/wp-content\/uploads\/2021\/01\/XINGBAO-XB-06040-Kampfpanzer-Leopard-2A6-Main-Battle-Tank-130.jpg\" alt=\"XINGBAO XB-06040 Kampfpanzer Leopard 2A6 Main Battle Tank 1:30\" width=\"800\" height=\"800\" \/><\/a><figcaption id=\"caption-attachment-201714\" class=\"wp-caption-text\">XINGBAO XB-06040 Kampfpanzer Leopard 2A6 Main Battle Tank 1:30<\/figcaption><\/figure>\n<p><img decoding=\"async\" class=\"alignnone size-full wp-image-201715 aligncenter\" src=\"https:\/\/pay.lpwstore.com\/wp-content\/uploads\/2021\/01\/XINGBAO-XB-06040-Kampfpanzer-Leopard-2A6-Main-Battle-Tank-130-v2.jpg\" alt=\"-\" width=\"800\" height=\"800\" title=\"-\"> <img decoding=\"async\" class=\"alignnone size-full wp-image-201716 aligncenter\" src=\"https:\/\/pay.lpwstore.com\/wp-content\/uploads\/2021\/01\/XINGBAO-XB-06040-Kampfpanzer-Leopard-2A6-Main-Battle-Tank-130-v3.jpg\" alt=\"-\" width=\"800\" height=\"800\" title=\"-\"><\/p>","protected":false},"excerpt":{"rendered":"<ul>\n<li>Tartalmazza\u00a0<strong>1346+<\/strong>\u00a0db<\/li>\n<li>K\u00e9zi haszn\u00e1lati \u00fatmutat\u00f3<\/li>\n<li>Kiv\u00e1l\u00f3 min\u0151s\u00e9g\u0171 ABS blokk<\/li>\n<\/ul>","protected":false},"featured_media":16912,"comment_status":"open","ping_status":"closed","template":"","meta":{"_acf_changed":false},"product_cat":[],"product_tag":[],"class_list":["product","first","instock","shipping-taxable","purchasable","product-type-simple"],"acf":[],"_links":{"self":[{"href":"https:\/\/mouldking.store\/hu\/wp-json\/wp\/v2\/product\/16911","targetHints":{"allow":["GET"]}}],"collection":[{"href":"https:\/\/mouldking.store\/hu\/wp-json\/wp\/v2\/product"}],"about":[{"href":"https:\/\/mouldking.store\/hu\/wp-json\/wp\/v2\/types\/product"}],"replies":[{"embeddable":true,"href":"https:\/\/mouldking.store\/hu\/wp-json\/wp\/v2\/comments?post=16911"}],"wp:featuredmedia":[{"embeddable":true,"href":"https:\/\/mouldking.store\/hu\/wp-json\/wp\/v2\/media\/16912"}],"wp:attachment":[{"href":"https:\/\/mouldking.store\/hu\/wp-json\/wp\/v2\/media?parent=16911"}],"wp:term":[{"taxonomy":"product_cat","embeddable":true,"href":"https:\/\/mouldking.store\/hu\/wp-json\/wp\/v2\/product_cat?post=16911"},{"taxonomy":"product_tag","embeddable":true,"href":"https:\/\/mouldking.store\/hu\/wp-json\/wp\/v2\/product_tag?post=16911"}],"curies":[{"name":"wp","href":"https:\/\/api.w.org\/{rel}","templated":true}]}}