{"id":17054,"date":"2021-09-28T03:41:07","date_gmt":"2021-09-28T03:41:07","guid":{"rendered":"https:\/\/mouldking.store\/product\/wange-5223-the-triumphal-arch-of-paris-modular-building-6325941"},"modified":"2021-12-23T09:51:08","modified_gmt":"2021-12-23T09:51:08","slug":"wange-5223-the-triumphal-arch-of-paris-modular-building","status":"publish","type":"product","link":"https:\/\/mouldking.store\/hu\/shop\/wange-5223-the-triumphal-arch-of-paris-modular-building\/","title":{"rendered":"WANGE 5223 A p\u00e1rizsi diadal\u00edv modul\u00e1ris \u00e9p\u00fclet"},"content":{"rendered":"<p style=\"text-align: left;\"><span>WANGE 5223 The Triumphal Arch of Paris Modular Building belongs to the mini model series building block set. The whole set contains 1401 building block particles. <\/span><span>El\u0151sz\u00f6r 2021-ben jelent meg.<\/span><\/p>\n<figure id=\"attachment_202039\" aria-describedby=\"caption-attachment-202039\" style=\"width: 800px\" class=\"wp-caption aligncenter\"><a href=\"https:\/\/pay.lpwstore.com\/wp-content\/uploads\/2021\/02\/WANGE-5223-The-Triumphal-Arch-of-Paris-Modular-Building.jpg\" target=\"_blank\" rel=\"noopener\"><img fetchpriority=\"high\" decoding=\"async\" class=\"wp-image-202039 size-full\" title=\"WANGE 5223 A p\u00e1rizsi diadal\u00edv modul\u00e1ris \u00e9p\u00fclet\" src=\"https:\/\/pay.lpwstore.com\/wp-content\/uploads\/2021\/02\/WANGE-5223-The-Triumphal-Arch-of-Paris-Modular-Building.jpg\" alt=\"WANGE 5223 The Triumphal Arch of Paris Modular Building\" width=\"800\" height=\"800\" \/><\/a><figcaption id=\"caption-attachment-202039\" class=\"wp-caption-text\">WANGE 5223 A p\u00e1rizsi diadal\u00edv modul\u00e1ris \u00e9p\u00fclet<\/figcaption><\/figure>\n<p><img decoding=\"async\" class=\"alignnone size-full wp-image-202040 aligncenter\" src=\"https:\/\/pay.lpwstore.com\/wp-content\/uploads\/2021\/02\/WANGE-5223-The-Triumphal-Arch-of-Paris-Modular-Building-2.jpg\" alt=\"-\" width=\"800\" height=\"800\" title=\"-\"> <img decoding=\"async\" class=\"alignnone size-full wp-image-202041 aligncenter\" src=\"https:\/\/pay.lpwstore.com\/wp-content\/uploads\/2021\/02\/WANGE-5223-The-Triumphal-Arch-of-Paris-Modular-Building-3.jpg\" alt=\"-\" width=\"800\" height=\"800\" title=\"-\"><\/p>","protected":false},"excerpt":{"rendered":"<ul>\n<li>Tartalmazza\u00a0<strong>1401+<\/strong>\u00a0db<\/li>\n<li>K\u00e9zi haszn\u00e1lati \u00fatmutat\u00f3<\/li>\n<li>Kiv\u00e1l\u00f3 min\u0151s\u00e9g\u0171 ABS blokk<\/li>\n<li>Eredeti doboza nincs<\/li>\n<\/ul>","protected":false},"featured_media":17055,"comment_status":"open","ping_status":"closed","template":"","meta":{"_acf_changed":false},"product_cat":[390],"product_tag":[],"class_list":["product","first","instock","shipping-taxable","purchasable","product-type-simple"],"acf":[],"_links":{"self":[{"href":"https:\/\/mouldking.store\/hu\/wp-json\/wp\/v2\/product\/17054","targetHints":{"allow":["GET"]}}],"collection":[{"href":"https:\/\/mouldking.store\/hu\/wp-json\/wp\/v2\/product"}],"about":[{"href":"https:\/\/mouldking.store\/hu\/wp-json\/wp\/v2\/types\/product"}],"replies":[{"embeddable":true,"href":"https:\/\/mouldking.store\/hu\/wp-json\/wp\/v2\/comments?post=17054"}],"wp:featuredmedia":[{"embeddable":true,"href":"https:\/\/mouldking.store\/hu\/wp-json\/wp\/v2\/media\/17055"}],"wp:attachment":[{"href":"https:\/\/mouldking.store\/hu\/wp-json\/wp\/v2\/media?parent=17054"}],"wp:term":[{"taxonomy":"product_cat","embeddable":true,"href":"https:\/\/mouldking.store\/hu\/wp-json\/wp\/v2\/product_cat?post=17054"},{"taxonomy":"product_tag","embeddable":true,"href":"https:\/\/mouldking.store\/hu\/wp-json\/wp\/v2\/product_tag?post=17054"}],"curies":[{"name":"wp","href":"https:\/\/api.w.org\/{rel}","templated":true}]}}