{"id":17201,"date":"2021-09-28T03:43:19","date_gmt":"2021-09-28T03:43:19","guid":{"rendered":"https:\/\/mouldking.store\/product\/zhegao-ql1911-the-big-bang-theory-inside-the-frame-of-the-science-institute-1358172"},"modified":"2021-12-23T09:51:04","modified_gmt":"2021-12-23T09:51:04","slug":"zhegao-ql1911-the-big-bang-theory-inside-the-frame-of-the-science-institute","status":"publish","type":"product","link":"https:\/\/mouldking.store\/hu\/shop\/zhegao-ql1911-the-big-bang-theory-inside-the-frame-of-the-science-institute\/","title":{"rendered":"ZHEGAO QL1911 The Big Bang Theory Inside the Frame of the Science Institute"},"content":{"rendered":"<p style=\"text-align: left;\">ZHEGAO QL1911 The Big Bang Theory Inside the Frame of the Science Institute belongs to the building block set of the film and television game series. The whole set contains 562 building block particles. First released in 2021.<\/p>\n<figure id=\"attachment_202628\" aria-describedby=\"caption-attachment-202628\" style=\"width: 800px\" class=\"wp-caption aligncenter\"><a href=\"https:\/\/pay.lpwstore.com\/wp-content\/uploads\/2021\/02\/ZHEGAO-QL1911-The-Big-Bang-Theory-Inside-the-Frame-of-the-Science-Institute.jpg\" target=\"_blank\" rel=\"noopener\"><img fetchpriority=\"high\" decoding=\"async\" class=\"wp-image-202628 size-full\" title=\"ZHEGAO QL1911 The Big Bang Theory Inside the Frame of the Science Institute\" src=\"https:\/\/pay.lpwstore.com\/wp-content\/uploads\/2021\/02\/ZHEGAO-QL1911-The-Big-Bang-Theory-Inside-the-Frame-of-the-Science-Institute.jpg\" alt=\"ZHEGAO QL1911 The Big Bang Theory Inside the Frame of the Science Institute\" width=\"800\" height=\"800\" \/><\/a><figcaption id=\"caption-attachment-202628\" class=\"wp-caption-text\">ZHEGAO QL1911 The Big Bang Theory Inside the Frame of the Science Institute<\/figcaption><\/figure>\n<p><img decoding=\"async\" class=\"alignnone size-full wp-image-202629 aligncenter\" src=\"https:\/\/pay.lpwstore.com\/wp-content\/uploads\/2021\/02\/ZHEGAO-QL1911-The-Big-Bang-Theory-Inside-the-Frame-of-the-Science-Institute-2.jpg\" alt=\"-\" width=\"800\" height=\"800\" title=\"-\"> <img decoding=\"async\" class=\"alignnone size-full wp-image-202630 aligncenter\" src=\"https:\/\/pay.lpwstore.com\/wp-content\/uploads\/2021\/02\/ZHEGAO-QL1911-The-Big-Bang-Theory-Inside-the-Frame-of-the-Science-Institute-3.jpg\" alt=\"-\" width=\"800\" height=\"800\" title=\"-\"><\/p>","protected":false},"excerpt":{"rendered":"<ul>\n<li>Tartalmazza\u00a0<strong>562+<\/strong>\u00a0db<\/li>\n<li>K\u00e9zi haszn\u00e1lati \u00fatmutat\u00f3<\/li>\n<li>Kiv\u00e1l\u00f3 min\u0151s\u00e9g\u0171 ABS blokk<\/li>\n<li>Eredeti doboza nincs<\/li>\n<\/ul>","protected":false},"featured_media":17202,"comment_status":"open","ping_status":"closed","template":"","meta":{"_acf_changed":false},"product_cat":[],"product_tag":[],"class_list":["product","first","instock","shipping-taxable","purchasable","product-type-simple"],"acf":[],"_links":{"self":[{"href":"https:\/\/mouldking.store\/hu\/wp-json\/wp\/v2\/product\/17201","targetHints":{"allow":["GET"]}}],"collection":[{"href":"https:\/\/mouldking.store\/hu\/wp-json\/wp\/v2\/product"}],"about":[{"href":"https:\/\/mouldking.store\/hu\/wp-json\/wp\/v2\/types\/product"}],"replies":[{"embeddable":true,"href":"https:\/\/mouldking.store\/hu\/wp-json\/wp\/v2\/comments?post=17201"}],"wp:featuredmedia":[{"embeddable":true,"href":"https:\/\/mouldking.store\/hu\/wp-json\/wp\/v2\/media\/17202"}],"wp:attachment":[{"href":"https:\/\/mouldking.store\/hu\/wp-json\/wp\/v2\/media?parent=17201"}],"wp:term":[{"taxonomy":"product_cat","embeddable":true,"href":"https:\/\/mouldking.store\/hu\/wp-json\/wp\/v2\/product_cat?post=17201"},{"taxonomy":"product_tag","embeddable":true,"href":"https:\/\/mouldking.store\/hu\/wp-json\/wp\/v2\/product_tag?post=17201"}],"curies":[{"name":"wp","href":"https:\/\/api.w.org\/{rel}","templated":true}]}}