{"id":17234,"date":"2021-09-28T03:43:45","date_gmt":"2021-09-28T03:43:45","guid":{"rendered":"https:\/\/mouldking.store\/product\/zhegao-ql0313-rail-transit-pursende-steam-train-9026641"},"modified":"2021-12-23T09:51:03","modified_gmt":"2021-12-23T09:51:03","slug":"zhegao-ql0313-rail-transit-pursende-steam-train","status":"publish","type":"product","link":"https:\/\/mouldking.store\/hu\/shop\/zhegao-ql0313-rail-transit-pursende-steam-train\/","title":{"rendered":"ZHEGAO QL0313 Rail Transit Pursende g\u0151zvonat"},"content":{"rendered":"<p style=\"text-align: left;\">A ZHEGAO QL0313 Rail Transit Pursende Steam Train a v\u00e1rosi sorozat \u00e9p\u00edt\u0151elem-k\u00e9szlet\u00e9hez tartozik, a teljes k\u00e9szlet 1464 darab \u00e9p\u00edt\u0151elem r\u00e9szecsk\u00e9t tartalmaz. El\u0151sz\u00f6r 2019-ben jelent meg.<\/p>\n<figure id=\"attachment_202647\" aria-describedby=\"caption-attachment-202647\" style=\"width: 800px\" class=\"wp-caption aligncenter\"><a href=\"https:\/\/pay.lpwstore.com\/wp-content\/uploads\/2021\/02\/ZHEGAO-QL0313-Rail-Transit-Pursende-Steam-Train.jpg\" target=\"_blank\" rel=\"noopener\"><img fetchpriority=\"high\" decoding=\"async\" class=\"wp-image-202647 size-full\" title=\"ZHEGAO QL0313 Rail Transit Pursende g\u0151zvonat\" src=\"https:\/\/pay.lpwstore.com\/wp-content\/uploads\/2021\/02\/ZHEGAO-QL0313-Rail-Transit-Pursende-Steam-Train.jpg\" alt=\"ZHEGAO QL0313 Rail Transit Pursende Steam Train\" width=\"800\" height=\"800\" \/><\/a><figcaption id=\"caption-attachment-202647\" class=\"wp-caption-text\">ZHEGAO QL0313 Rail Transit Pursende g\u0151zvonat<\/figcaption><\/figure>\n<p><img decoding=\"async\" class=\"alignnone size-full wp-image-202648 aligncenter\" src=\"https:\/\/pay.lpwstore.com\/wp-content\/uploads\/2021\/02\/ZHEGAO-QL0313-Rail-Transit-Pursende-Steam-Train-2.jpg\" alt=\"-\" width=\"800\" height=\"800\" title=\"-\"> <img decoding=\"async\" class=\"alignnone size-full wp-image-202653 aligncenter\" src=\"https:\/\/pay.lpwstore.com\/wp-content\/uploads\/2021\/02\/ZHEGAO-QL0313-Rail-Transit-Pursende-Steam-Train-7.jpg\" alt=\"-\" width=\"800\" height=\"800\" title=\"-\"> <img loading=\"lazy\" decoding=\"async\" class=\"alignnone size-full wp-image-202652 aligncenter\" src=\"https:\/\/pay.lpwstore.com\/wp-content\/uploads\/2021\/02\/ZHEGAO-QL0313-Rail-Transit-Pursende-Steam-Train-6.jpg\" alt=\"-\" width=\"800\" height=\"800\" title=\"-\"> <img loading=\"lazy\" decoding=\"async\" class=\"alignnone size-full wp-image-202651 aligncenter\" src=\"https:\/\/pay.lpwstore.com\/wp-content\/uploads\/2021\/02\/ZHEGAO-QL0313-Rail-Transit-Pursende-Steam-Train-5.jpg\" alt=\"-\" width=\"800\" height=\"800\" title=\"-\"> <img loading=\"lazy\" decoding=\"async\" class=\"alignnone size-full wp-image-202649 aligncenter\" src=\"https:\/\/pay.lpwstore.com\/wp-content\/uploads\/2021\/02\/ZHEGAO-QL0313-Rail-Transit-Pursende-Steam-Train-3.jpg\" alt=\"-\" width=\"800\" height=\"800\" title=\"-\"> <img loading=\"lazy\" decoding=\"async\" class=\"alignnone size-full wp-image-202650 aligncenter\" src=\"https:\/\/pay.lpwstore.com\/wp-content\/uploads\/2021\/02\/ZHEGAO-QL0313-Rail-Transit-Pursende-Steam-Train-4.jpg\" alt=\"-\" width=\"800\" height=\"800\" title=\"-\"><\/p>","protected":false},"excerpt":{"rendered":"<ul>\n<li>Tartalmazza\u00a0<strong>1464+<\/strong>\u00a0db<\/li>\n<li>K\u00e9zi haszn\u00e1lati \u00fatmutat\u00f3<\/li>\n<li>Kiv\u00e1l\u00f3 min\u0151s\u00e9g\u0171 ABS blokk<\/li>\n<li>Eredeti doboza nincs<\/li>\n<\/ul>","protected":false},"featured_media":17235,"comment_status":"open","ping_status":"closed","template":"","meta":{"_acf_changed":false},"product_cat":[],"product_tag":[],"class_list":["product","first","instock","shipping-taxable","purchasable","product-type-simple"],"acf":[],"_links":{"self":[{"href":"https:\/\/mouldking.store\/hu\/wp-json\/wp\/v2\/product\/17234","targetHints":{"allow":["GET"]}}],"collection":[{"href":"https:\/\/mouldking.store\/hu\/wp-json\/wp\/v2\/product"}],"about":[{"href":"https:\/\/mouldking.store\/hu\/wp-json\/wp\/v2\/types\/product"}],"replies":[{"embeddable":true,"href":"https:\/\/mouldking.store\/hu\/wp-json\/wp\/v2\/comments?post=17234"}],"wp:featuredmedia":[{"embeddable":true,"href":"https:\/\/mouldking.store\/hu\/wp-json\/wp\/v2\/media\/17235"}],"wp:attachment":[{"href":"https:\/\/mouldking.store\/hu\/wp-json\/wp\/v2\/media?parent=17234"}],"wp:term":[{"taxonomy":"product_cat","embeddable":true,"href":"https:\/\/mouldking.store\/hu\/wp-json\/wp\/v2\/product_cat?post=17234"},{"taxonomy":"product_tag","embeddable":true,"href":"https:\/\/mouldking.store\/hu\/wp-json\/wp\/v2\/product_tag?post=17234"}],"curies":[{"name":"wp","href":"https:\/\/api.w.org\/{rel}","templated":true}]}}