{"id":17484,"date":"2021-09-28T03:47:19","date_gmt":"2021-09-28T03:47:19","guid":{"rendered":"https:\/\/mouldking.store\/product\/18k-k85-moc-62260-aston-martin-db11-super-car-8463601"},"modified":"2025-12-25T09:28:01","modified_gmt":"2025-12-25T02:28:01","slug":"18k-k85-moc-62260-aston-martin-db11-super-car","status":"publish","type":"product","link":"https:\/\/mouldking.store\/hu\/shop\/18k-k85-moc-62260-aston-martin-db11-super-car\/","title":{"rendered":"18K K85 MOC-62260 Aston Martin DB11 Super Car"},"content":{"rendered":"<p style=\"text-align: left;\"><span>18K K85 MOC-62260 Aston Martin DB11 Super Car belongs to the mechanical group series building block set, the whole set contains 1986 building block particles. <\/span><span>El\u0151sz\u00f6r 2021-ben jelent meg.<\/span><\/p>\n<figure id=\"attachment_204085\" aria-describedby=\"caption-attachment-204085\" style=\"width: 800px\" class=\"wp-caption aligncenter\"><a href=\"https:\/\/pay.lpwstore.com\/wp-content\/uploads\/2021\/03\/18K-K85-MOC-62260-Aston-Martin-DB11-Super-Car.jpg\" target=\"_blank\" rel=\"noopener\"><img fetchpriority=\"high\" decoding=\"async\" class=\"wp-image-204085 size-full\" title=\"18K K85 MOC-62260 Aston Martin DB11 Super Car\" src=\"https:\/\/pay.lpwstore.com\/wp-content\/uploads\/2021\/03\/18K-K85-MOC-62260-Aston-Martin-DB11-Super-Car.jpg\" alt=\"18K K85 MOC-62260 Aston Martin DB11 Super Car\" width=\"800\" height=\"800\" \/><\/a><figcaption id=\"caption-attachment-204085\" class=\"wp-caption-text\">18K K85 MOC-62260 Aston Martin DB11 Super Car<\/figcaption><\/figure>\n<p><img decoding=\"async\" class=\"alignnone size-full wp-image-204089 aligncenter\" src=\"https:\/\/pay.lpwstore.com\/wp-content\/uploads\/2021\/03\/18K-K85-MOC-62260-Aston-Martin-DB11-Super-Car-5.jpg\" alt=\"-\" width=\"800\" height=\"800\" title=\"-\"> <img decoding=\"async\" class=\"alignnone size-full wp-image-204086 aligncenter\" src=\"https:\/\/pay.lpwstore.com\/wp-content\/uploads\/2021\/03\/18K-K85-MOC-62260-Aston-Martin-DB11-Super-Car-2.jpg\" alt=\"-\" width=\"800\" height=\"800\" title=\"-\"> <img loading=\"lazy\" decoding=\"async\" class=\"alignnone size-full wp-image-204087 aligncenter\" src=\"https:\/\/pay.lpwstore.com\/wp-content\/uploads\/2021\/03\/18K-K85-MOC-62260-Aston-Martin-DB11-Super-Car-3.jpg\" alt=\"-\" width=\"800\" height=\"800\" title=\"-\"> <img loading=\"lazy\" decoding=\"async\" class=\"alignnone size-full wp-image-204088 aligncenter\" src=\"https:\/\/pay.lpwstore.com\/wp-content\/uploads\/2021\/03\/18K-K85-MOC-62260-Aston-Martin-DB11-Super-Car-4.jpg\" alt=\"-\" width=\"800\" height=\"800\" title=\"-\"> <img loading=\"lazy\" decoding=\"async\" class=\"alignnone size-full wp-image-204090 aligncenter\" src=\"https:\/\/pay.lpwstore.com\/wp-content\/uploads\/2021\/03\/18K-K85-MOC-62260-Aston-Martin-DB11-Super-Car-6.jpg\" alt=\"-\" width=\"800\" height=\"800\" title=\"-\"> <img loading=\"lazy\" decoding=\"async\" class=\"alignnone size-full wp-image-204091 aligncenter\" src=\"https:\/\/pay.lpwstore.com\/wp-content\/uploads\/2021\/03\/18K-K85-MOC-62260-Aston-Martin-DB11-Super-Car-7.jpg\" alt=\"-\" width=\"800\" height=\"800\" title=\"-\"><\/p>","protected":false},"excerpt":{"rendered":"<p><span style=\"font-size: 150%; color: #ff0000;\"><strong>EL\u0150AD\u00c1S!<\/strong><\/span><\/p>\n<ul>\n<li>Tartalmazza <strong>1986+<\/strong> db<\/li>\n<li>K\u00e9zi haszn\u00e1lati \u00fatmutat\u00f3<\/li>\n<li>Kiv\u00e1l\u00f3 min\u0151s\u00e9g\u0171 ABS blokk<\/li>\n<\/ul>","protected":false},"featured_media":17485,"comment_status":"open","ping_status":"closed","template":"","meta":{"_acf_changed":false},"product_cat":[],"product_tag":[],"class_list":["product","first","instock","shipping-taxable","purchasable","product-type-simple"],"acf":[],"_links":{"self":[{"href":"https:\/\/mouldking.store\/hu\/wp-json\/wp\/v2\/product\/17484","targetHints":{"allow":["GET"]}}],"collection":[{"href":"https:\/\/mouldking.store\/hu\/wp-json\/wp\/v2\/product"}],"about":[{"href":"https:\/\/mouldking.store\/hu\/wp-json\/wp\/v2\/types\/product"}],"replies":[{"embeddable":true,"href":"https:\/\/mouldking.store\/hu\/wp-json\/wp\/v2\/comments?post=17484"}],"wp:featuredmedia":[{"embeddable":true,"href":"https:\/\/mouldking.store\/hu\/wp-json\/wp\/v2\/media\/17485"}],"wp:attachment":[{"href":"https:\/\/mouldking.store\/hu\/wp-json\/wp\/v2\/media?parent=17484"}],"wp:term":[{"taxonomy":"product_cat","embeddable":true,"href":"https:\/\/mouldking.store\/hu\/wp-json\/wp\/v2\/product_cat?post=17484"},{"taxonomy":"product_tag","embeddable":true,"href":"https:\/\/mouldking.store\/hu\/wp-json\/wp\/v2\/product_tag?post=17484"}],"curies":[{"name":"wp","href":"https:\/\/api.w.org\/{rel}","templated":true}]}}