{"id":17638,"date":"2021-09-28T03:49:21","date_gmt":"2021-09-28T03:49:21","guid":{"rendered":"https:\/\/mouldking.store\/product\/sembo-202130-yun-20-military-large-transport-aircraft-5911911"},"modified":"2021-12-23T09:51:00","modified_gmt":"2021-12-23T09:51:00","slug":"sembo-202130-yun-20-military-large-transport-aircraft","status":"publish","type":"product","link":"https:\/\/mouldking.store\/hu\/shop\/sembo-202130-yun-20-military-large-transport-aircraft\/","title":{"rendered":"SEMBO 202130 Yun-20 katonai nagy sz\u00e1ll\u00edt\u00f3 rep\u00fcl\u0151g\u00e9p"},"content":{"rendered":"<p style=\"text-align: left;\"><span>A SEMBO 202130 Yun-20 Military Large Transport Aircraft a katonai sorozat \u00e9p\u00edt\u0151elemk\u00e9szlet\u00e9hez tartozik. A teljes k\u00e9szlet 1254 \u00e9p\u00edt\u0151elem r\u00e9szecsk\u00e9t tartalmaz. <\/span><span>El\u0151sz\u00f6r 2021-ben jelent meg.<\/span><\/p>\n<figure id=\"attachment_204897\" aria-describedby=\"caption-attachment-204897\" style=\"width: 800px\" class=\"wp-caption aligncenter\"><a href=\"https:\/\/pay.lpwstore.com\/wp-content\/uploads\/2021\/04\/SEMBO-202130-Yun-20-Military-Large-Transport-Aircraft.jpg\" target=\"_blank\" rel=\"noopener\"><img fetchpriority=\"high\" decoding=\"async\" class=\"wp-image-204897 size-full\" title=\"SEMBO 202130 Yun-20 katonai nagy sz\u00e1ll\u00edt\u00f3 rep\u00fcl\u0151g\u00e9p\" src=\"https:\/\/pay.lpwstore.com\/wp-content\/uploads\/2021\/04\/SEMBO-202130-Yun-20-Military-Large-Transport-Aircraft.jpg\" alt=\"SEMBO 202130 Yun-20 Military Large Transport Aircraft\" width=\"800\" height=\"800\" \/><\/a><figcaption id=\"caption-attachment-204897\" class=\"wp-caption-text\">SEMBO 202130 Yun-20 katonai nagy sz\u00e1ll\u00edt\u00f3 rep\u00fcl\u0151g\u00e9p<\/figcaption><\/figure>\n<p><img decoding=\"async\" class=\"alignnone size-full wp-image-204898 aligncenter\" src=\"https:\/\/pay.lpwstore.com\/wp-content\/uploads\/2021\/04\/SEMBO-202130-Yun-20-Military-Large-Transport-Aircraft-2.jpg\" alt=\"-\" width=\"800\" height=\"800\" title=\"-\"> <img decoding=\"async\" class=\"alignnone size-full wp-image-204899 aligncenter\" src=\"https:\/\/pay.lpwstore.com\/wp-content\/uploads\/2021\/04\/SEMBO-202130-Yun-20-Military-Large-Transport-Aircraft-3.jpg\" alt=\"-\" width=\"800\" height=\"800\" title=\"-\"> <img loading=\"lazy\" decoding=\"async\" class=\"alignnone size-full wp-image-204896 aligncenter\" src=\"https:\/\/pay.lpwstore.com\/wp-content\/uploads\/2021\/04\/SEMBO-202130-Yun-20-Military-Large-Transport-Aircraft.2jpg.jpg\" alt=\"-\" width=\"800\" height=\"800\" title=\"-\"><\/p>","protected":false},"excerpt":{"rendered":"<ul>\n<li>Tartalmazza <strong>1254+<\/strong> db<\/li>\n<li>K\u00e9zi haszn\u00e1lati \u00fatmutat\u00f3<\/li>\n<li>Kiv\u00e1l\u00f3 min\u0151s\u00e9g\u0171 ABS blokk<\/li>\n<li>Eredeti doboza nincs<\/li>\n<\/ul>","protected":false},"featured_media":17639,"comment_status":"open","ping_status":"closed","template":"","meta":{"_acf_changed":false},"product_cat":[372],"product_tag":[],"class_list":["product","first","instock","shipping-taxable","purchasable","product-type-simple"],"acf":[],"_links":{"self":[{"href":"https:\/\/mouldking.store\/hu\/wp-json\/wp\/v2\/product\/17638","targetHints":{"allow":["GET"]}}],"collection":[{"href":"https:\/\/mouldking.store\/hu\/wp-json\/wp\/v2\/product"}],"about":[{"href":"https:\/\/mouldking.store\/hu\/wp-json\/wp\/v2\/types\/product"}],"replies":[{"embeddable":true,"href":"https:\/\/mouldking.store\/hu\/wp-json\/wp\/v2\/comments?post=17638"}],"wp:featuredmedia":[{"embeddable":true,"href":"https:\/\/mouldking.store\/hu\/wp-json\/wp\/v2\/media\/17639"}],"wp:attachment":[{"href":"https:\/\/mouldking.store\/hu\/wp-json\/wp\/v2\/media?parent=17638"}],"wp:term":[{"taxonomy":"product_cat","embeddable":true,"href":"https:\/\/mouldking.store\/hu\/wp-json\/wp\/v2\/product_cat?post=17638"},{"taxonomy":"product_tag","embeddable":true,"href":"https:\/\/mouldking.store\/hu\/wp-json\/wp\/v2\/product_tag?post=17638"}],"curies":[{"name":"wp","href":"https:\/\/api.w.org\/{rel}","templated":true}]}}