{"id":17736,"date":"2021-09-28T03:50:45","date_gmt":"2021-09-28T03:50:45","guid":{"rendered":"https:\/\/mouldking.store\/product\/builo-xq1001-mclaren-p1-super-car-9106768"},"modified":"2021-12-23T09:50:57","modified_gmt":"2021-12-23T09:50:57","slug":"builo-xq1001-mclaren-p1-super-car","status":"publish","type":"product","link":"https:\/\/mouldking.store\/hu\/shop\/builo-xq1001-mclaren-p1-super-car\/","title":{"rendered":"BUILO XQ1001 McLaren P1 Super Car"},"content":{"rendered":"<p style=\"text-align: left;\">BUILO XQ1001 McLaren P1 Super Car belongs to the Creative Variety series building block set, the whole set contains 3307 building block particles. First released in 2021.<\/p>\n<figure id=\"attachment_205270\" aria-describedby=\"caption-attachment-205270\" style=\"width: 800px\" class=\"wp-caption aligncenter\"><a href=\"https:\/\/pay.lpwstore.com\/wp-content\/uploads\/2021\/04\/BUILO-XQ1001-McLaren-P1-Super-Car.jpg\" target=\"_blank\" rel=\"noopener\"><img fetchpriority=\"high\" decoding=\"async\" class=\"wp-image-205270 size-full\" title=\"BUILO XQ1001 McLaren P1 Super Car\" src=\"https:\/\/pay.lpwstore.com\/wp-content\/uploads\/2021\/04\/BUILO-XQ1001-McLaren-P1-Super-Car.jpg\" alt=\"BUILO XQ1001 McLaren P1 Super Car\" width=\"800\" height=\"800\" \/><\/a><figcaption id=\"caption-attachment-205270\" class=\"wp-caption-text\">BUILO XQ1001 McLaren P1 Super Car<\/figcaption><\/figure>\n<p><img decoding=\"async\" class=\"alignnone size-full wp-image-205271 aligncenter\" src=\"https:\/\/pay.lpwstore.com\/wp-content\/uploads\/2021\/04\/BUILO-XQ1001-McLaren-P1-Super-Car-2.jpg\" alt=\"-\" width=\"800\" height=\"800\" title=\"-\"> <img decoding=\"async\" class=\"alignnone size-full wp-image-205272 aligncenter\" src=\"https:\/\/pay.lpwstore.com\/wp-content\/uploads\/2021\/04\/BUILO-XQ1001-McLaren-P1-Super-Car-3.jpg\" alt=\"-\" width=\"800\" height=\"800\" title=\"-\"> <img loading=\"lazy\" decoding=\"async\" class=\"alignnone size-full wp-image-205273 aligncenter\" src=\"https:\/\/pay.lpwstore.com\/wp-content\/uploads\/2021\/04\/BUILO-XQ1001-McLaren-P1-Super-Car-4.jpg\" alt=\"-\" width=\"800\" height=\"800\" title=\"-\"> <img loading=\"lazy\" decoding=\"async\" class=\"alignnone size-full wp-image-205274 aligncenter\" src=\"https:\/\/pay.lpwstore.com\/wp-content\/uploads\/2021\/04\/BUILO-XQ1001-McLaren-P1-Super-Car-5.jpg\" alt=\"-\" width=\"800\" height=\"800\" title=\"-\"> <img loading=\"lazy\" decoding=\"async\" class=\"alignnone size-full wp-image-205275 aligncenter\" src=\"https:\/\/pay.lpwstore.com\/wp-content\/uploads\/2021\/04\/BUILO-XQ1001-McLaren-P1-Super-Car-6.jpg\" alt=\"BUILO-XQ1001-McLaren-P1-Super-Car-6\" width=\"800\" height=\"800\" title=\"-\"><\/p>","protected":false},"excerpt":{"rendered":"<ul>\n<li>Tartalmazza <strong>3307+<\/strong> db<\/li>\n<li>K\u00e9zi haszn\u00e1lati \u00fatmutat\u00f3<\/li>\n<li>Kiv\u00e1l\u00f3 min\u0151s\u00e9g\u0171 ABS blokk<\/li>\n<li>Nincs motor<\/li>\n<\/ul>","protected":false},"featured_media":17737,"comment_status":"open","ping_status":"closed","template":"","meta":{"_acf_changed":false},"product_cat":[],"product_tag":[],"class_list":["product","first","instock","shipping-taxable","purchasable","product-type-simple"],"acf":[],"_links":{"self":[{"href":"https:\/\/mouldking.store\/hu\/wp-json\/wp\/v2\/product\/17736","targetHints":{"allow":["GET"]}}],"collection":[{"href":"https:\/\/mouldking.store\/hu\/wp-json\/wp\/v2\/product"}],"about":[{"href":"https:\/\/mouldking.store\/hu\/wp-json\/wp\/v2\/types\/product"}],"replies":[{"embeddable":true,"href":"https:\/\/mouldking.store\/hu\/wp-json\/wp\/v2\/comments?post=17736"}],"wp:featuredmedia":[{"embeddable":true,"href":"https:\/\/mouldking.store\/hu\/wp-json\/wp\/v2\/media\/17737"}],"wp:attachment":[{"href":"https:\/\/mouldking.store\/hu\/wp-json\/wp\/v2\/media?parent=17736"}],"wp:term":[{"taxonomy":"product_cat","embeddable":true,"href":"https:\/\/mouldking.store\/hu\/wp-json\/wp\/v2\/product_cat?post=17736"},{"taxonomy":"product_tag","embeddable":true,"href":"https:\/\/mouldking.store\/hu\/wp-json\/wp\/v2\/product_tag?post=17736"}],"curies":[{"name":"wp","href":"https:\/\/api.w.org\/{rel}","templated":true}]}}