{"id":17871,"date":"2021-09-28T03:52:35","date_gmt":"2021-09-28T03:52:35","guid":{"rendered":"https:\/\/mouldking.store\/product\/wange-5221-the-taipei-101-of-taiwan-1991694"},"modified":"2021-12-23T09:50:55","modified_gmt":"2021-12-23T09:50:55","slug":"wange-5221-the-taipei-101-of-taiwan","status":"publish","type":"product","link":"https:\/\/mouldking.store\/hu\/shop\/wange-5221-the-taipei-101-of-taiwan\/","title":{"rendered":"WANGE 5221 A tajvani Taipei 101"},"content":{"rendered":"<p style=\"text-align: center;\">WANGE 5221 A tajvani Taipei 101 a mini modellsorozat \u00e9p\u00edt\u0151elem-k\u00e9szlet\u00e9hez tartozik, a teljes k\u00e9szlet 1511 darab t\u00e9glaszemcs\u00e9t tartalmaz. El\u0151sz\u00f6r 2020-ban jelent meg.<\/p>\n<figure id=\"attachment_205785\" aria-describedby=\"caption-attachment-205785\" style=\"width: 800px\" class=\"wp-caption aligncenter\"><a href=\"https:\/\/pay.lpwstore.com\/wp-content\/uploads\/2021\/04\/WANGE-5221-The-Taipei-101-of-Taiwan.jpg\" target=\"_blank\" rel=\"noopener\"><img fetchpriority=\"high\" decoding=\"async\" class=\"wp-image-205785 size-full\" title=\"WANGE 5221 A tajvani Taipei 101\" src=\"https:\/\/pay.lpwstore.com\/wp-content\/uploads\/2021\/04\/WANGE-5221-The-Taipei-101-of-Taiwan.jpg\" alt=\"WANGE 5221 The Taipei 101 of Taiwan\" width=\"800\" height=\"800\" \/><\/a><figcaption id=\"caption-attachment-205785\" class=\"wp-caption-text\">WANGE 5221 A tajvani Taipei 101<\/figcaption><\/figure>\n<p><img decoding=\"async\" class=\"alignnone size-full wp-image-205786 aligncenter\" src=\"https:\/\/pay.lpwstore.com\/wp-content\/uploads\/2021\/04\/WANGE-5221-The-Taipei-101-of-Taiwan-2.jpg\" alt=\"-\" width=\"800\" height=\"800\" title=\"-\"> <img decoding=\"async\" class=\"alignnone size-full wp-image-205787 aligncenter\" src=\"https:\/\/pay.lpwstore.com\/wp-content\/uploads\/2021\/04\/WANGE-5221-The-Taipei-101-of-Taiwan-3.jpg\" alt=\"-\" width=\"800\" height=\"800\" title=\"-\"><\/p>","protected":false},"excerpt":{"rendered":"<ul>\n<li>Tartalmazza\u00a0<strong>1511+<\/strong>\u00a0db<\/li>\n<li>K\u00e9zi haszn\u00e1lati \u00fatmutat\u00f3<\/li>\n<li>Kiv\u00e1l\u00f3 min\u0151s\u00e9g\u0171 ABS blokk<\/li>\n<\/ul>","protected":false},"featured_media":17872,"comment_status":"open","ping_status":"closed","template":"","meta":{"_acf_changed":false},"product_cat":[],"product_tag":[],"class_list":["product","first","instock","shipping-taxable","purchasable","product-type-simple"],"acf":[],"_links":{"self":[{"href":"https:\/\/mouldking.store\/hu\/wp-json\/wp\/v2\/product\/17871","targetHints":{"allow":["GET"]}}],"collection":[{"href":"https:\/\/mouldking.store\/hu\/wp-json\/wp\/v2\/product"}],"about":[{"href":"https:\/\/mouldking.store\/hu\/wp-json\/wp\/v2\/types\/product"}],"replies":[{"embeddable":true,"href":"https:\/\/mouldking.store\/hu\/wp-json\/wp\/v2\/comments?post=17871"}],"wp:featuredmedia":[{"embeddable":true,"href":"https:\/\/mouldking.store\/hu\/wp-json\/wp\/v2\/media\/17872"}],"wp:attachment":[{"href":"https:\/\/mouldking.store\/hu\/wp-json\/wp\/v2\/media?parent=17871"}],"wp:term":[{"taxonomy":"product_cat","embeddable":true,"href":"https:\/\/mouldking.store\/hu\/wp-json\/wp\/v2\/product_cat?post=17871"},{"taxonomy":"product_tag","embeddable":true,"href":"https:\/\/mouldking.store\/hu\/wp-json\/wp\/v2\/product_tag?post=17871"}],"curies":[{"name":"wp","href":"https:\/\/api.w.org\/{rel}","templated":true}]}}