{"id":17901,"date":"2021-09-28T03:52:57","date_gmt":"2021-09-28T03:52:57","guid":{"rendered":"https:\/\/mouldking.store\/product\/zhegao-00905-lm-1-a974-lanmui-camera-3643623"},"modified":"2021-12-23T09:50:55","modified_gmt":"2021-12-23T09:50:55","slug":"zhegao-00905-lm-1-a974-lanmui-camera","status":"publish","type":"product","link":"https:\/\/mouldking.store\/hu\/shop\/zhegao-00905-lm-1-a974-lanmui-camera\/","title":{"rendered":"ZHEGAO 00905 LM-1 A974 LanMui f\u00e9nyk\u00e9pez\u0151g\u00e9p"},"content":{"rendered":"<p style=\"text-align: left;\">A ZHEGAO 00905 LM-1 A974 LanMui f\u00e9nyk\u00e9pez\u0151g\u00e9p a Creator gy\u0171jtem\u00e9nyben tal\u00e1lhat\u00f3. A ZHEGAO 00905 k\u00e9zi utas\u00edt\u00e1ssal \u00e9rkezik, amelyet k\u00f6nny\u0171 meg\u00e9p\u00edteni \u00e9s megtal\u00e1lni a hi\u00e1nyz\u00f3 darabokat. A k\u00e9szlet 474 darabot tartalmaz, el\u0151sz\u00f6r 2021-ben adt\u00e1k ki.<\/p>\n<figure id=\"attachment_205872\" aria-describedby=\"caption-attachment-205872\" style=\"width: 800px\" class=\"wp-caption aligncenter\"><a href=\"https:\/\/pay.lpwstore.com\/wp-content\/uploads\/2021\/04\/ZHEGAO-00905-LM-1-A974-LanMui-Camera.jpg\" target=\"_blank\" rel=\"noopener\"><img fetchpriority=\"high\" decoding=\"async\" class=\"wp-image-205872 size-full\" title=\"ZHEGAO 00905 LM-1 A974 LanMui f\u00e9nyk\u00e9pez\u0151g\u00e9p\" src=\"https:\/\/pay.lpwstore.com\/wp-content\/uploads\/2021\/04\/ZHEGAO-00905-LM-1-A974-LanMui-Camera.jpg\" alt=\"ZHEGAO 00905 LM-1 A974 LanMui Camera\" width=\"800\" height=\"800\" \/><\/a><figcaption id=\"caption-attachment-205872\" class=\"wp-caption-text\">ZHEGAO 00905 LM-1 A974 LanMui f\u00e9nyk\u00e9pez\u0151g\u00e9p<\/figcaption><\/figure>\n<p><img decoding=\"async\" class=\"alignnone size-full wp-image-205873 aligncenter\" src=\"https:\/\/pay.lpwstore.com\/wp-content\/uploads\/2021\/04\/ZHEGAO-00905-LM-1-A974-LanMui-Camera-2.jpg\" alt=\"-\" width=\"800\" height=\"800\" title=\"-\"> <img decoding=\"async\" class=\"alignnone size-full wp-image-205874 aligncenter\" src=\"https:\/\/pay.lpwstore.com\/wp-content\/uploads\/2021\/04\/ZHEGAO-00905-LM-1-A974-LanMui-Camera-3.jpg\" alt=\"-\" width=\"800\" height=\"800\" title=\"-\"> <img loading=\"lazy\" decoding=\"async\" class=\"alignnone size-full wp-image-205875 aligncenter\" src=\"https:\/\/pay.lpwstore.com\/wp-content\/uploads\/2021\/04\/ZHEGAO-00905-LM-1-A974-LanMui-Camera-4.jpg\" alt=\"-\" width=\"800\" height=\"800\" title=\"-\"><\/p>","protected":false},"excerpt":{"rendered":"<ul>\n<li>Tartalmazza\u00a0<strong>474+<\/strong>\u00a0db<\/li>\n<li>K\u00e9zi haszn\u00e1lati \u00fatmutat\u00f3<\/li>\n<li>Kiv\u00e1l\u00f3 min\u0151s\u00e9g\u0171 ABS blokk<\/li>\n<\/ul>","protected":false},"featured_media":17902,"comment_status":"open","ping_status":"closed","template":"","meta":{"_acf_changed":false},"product_cat":[],"product_tag":[],"class_list":["product","first","instock","shipping-taxable","purchasable","product-type-simple"],"acf":[],"_links":{"self":[{"href":"https:\/\/mouldking.store\/hu\/wp-json\/wp\/v2\/product\/17901","targetHints":{"allow":["GET"]}}],"collection":[{"href":"https:\/\/mouldking.store\/hu\/wp-json\/wp\/v2\/product"}],"about":[{"href":"https:\/\/mouldking.store\/hu\/wp-json\/wp\/v2\/types\/product"}],"replies":[{"embeddable":true,"href":"https:\/\/mouldking.store\/hu\/wp-json\/wp\/v2\/comments?post=17901"}],"wp:featuredmedia":[{"embeddable":true,"href":"https:\/\/mouldking.store\/hu\/wp-json\/wp\/v2\/media\/17902"}],"wp:attachment":[{"href":"https:\/\/mouldking.store\/hu\/wp-json\/wp\/v2\/media?parent=17901"}],"wp:term":[{"taxonomy":"product_cat","embeddable":true,"href":"https:\/\/mouldking.store\/hu\/wp-json\/wp\/v2\/product_cat?post=17901"},{"taxonomy":"product_tag","embeddable":true,"href":"https:\/\/mouldking.store\/hu\/wp-json\/wp\/v2\/product_tag?post=17901"}],"curies":[{"name":"wp","href":"https:\/\/api.w.org\/{rel}","templated":true}]}}