{"id":17916,"date":"2021-09-28T03:53:10","date_gmt":"2021-09-28T03:53:10","guid":{"rendered":"https:\/\/mouldking.store\/product\/zhegao-00908-inetax-mini-7c-fojifiln-polaroid-7353506"},"modified":"2021-12-23T09:50:55","modified_gmt":"2021-12-23T09:50:55","slug":"zhegao-00908-inetax-mini-7c-fojifiln-polaroid","status":"publish","type":"product","link":"https:\/\/mouldking.store\/hu\/shop\/zhegao-00908-inetax-mini-7c-fojifiln-polaroid\/","title":{"rendered":"ZHEGAO 00908 Inetax Mini 7C FojiFiln Polaroid"},"content":{"rendered":"<p style=\"text-align: center;\">ZHEGAO 00908 Inetax Mini 7C FojiFiln Polaroid is a set in Creator collection. ZHEGAO 00908 comes with manual instruction which is easy to build and find the missing pieces. The set contains 494 pieces, first released in 2021.<\/p>\n<figure id=\"attachment_205887\" aria-describedby=\"caption-attachment-205887\" style=\"width: 800px\" class=\"wp-caption aligncenter\"><a href=\"https:\/\/pay.lpwstore.com\/wp-content\/uploads\/2021\/04\/ZHEGAO-00908-Inetax-Mini-7C-FojiFiln-Polaroid.jpg\" target=\"_blank\" rel=\"noopener\"><img fetchpriority=\"high\" decoding=\"async\" class=\"wp-image-205887 size-full\" title=\"ZHEGAO 00908 Inetax Mini 7C FojiFiln Polaroid\" src=\"https:\/\/pay.lpwstore.com\/wp-content\/uploads\/2021\/04\/ZHEGAO-00908-Inetax-Mini-7C-FojiFiln-Polaroid.jpg\" alt=\"ZHEGAO 00908 Inetax Mini 7C FojiFiln Polaroid\" width=\"800\" height=\"800\" \/><\/a><figcaption id=\"caption-attachment-205887\" class=\"wp-caption-text\">ZHEGAO 00908 Inetax Mini 7C FojiFiln Polaroid<\/figcaption><\/figure>\n<p><img decoding=\"async\" class=\"alignnone size-full wp-image-205888 aligncenter\" src=\"https:\/\/pay.lpwstore.com\/wp-content\/uploads\/2021\/04\/ZHEGAO-00908-Inetax-Mini-7C-FojiFiln-Polaroid-2.jpg\" alt=\"-\" width=\"800\" height=\"800\" title=\"-\"> <img decoding=\"async\" class=\"alignnone size-full wp-image-205889 aligncenter\" src=\"https:\/\/pay.lpwstore.com\/wp-content\/uploads\/2021\/04\/ZHEGAO-00908-Inetax-Mini-7C-FojiFiln-Polaroid-3.jpg\" alt=\"-\" width=\"800\" height=\"800\" title=\"-\"> <img loading=\"lazy\" decoding=\"async\" class=\"alignnone size-full wp-image-205890 aligncenter\" src=\"https:\/\/pay.lpwstore.com\/wp-content\/uploads\/2021\/04\/ZHEGAO-00908-Inetax-Mini-7C-FojiFiln-Polaroid-4.jpg\" alt=\"-\" width=\"800\" height=\"800\" title=\"-\"><\/p>","protected":false},"excerpt":{"rendered":"<ul>\n<li>Tartalmazza\u00a0<strong>494+<\/strong>\u00a0db<\/li>\n<li>K\u00e9zi haszn\u00e1lati \u00fatmutat\u00f3<\/li>\n<li>Kiv\u00e1l\u00f3 min\u0151s\u00e9g\u0171 ABS blokk<\/li>\n<\/ul>","protected":false},"featured_media":17917,"comment_status":"open","ping_status":"closed","template":"","meta":{"_acf_changed":false},"product_cat":[],"product_tag":[],"class_list":["product","first","instock","shipping-taxable","purchasable","product-type-simple"],"acf":[],"_links":{"self":[{"href":"https:\/\/mouldking.store\/hu\/wp-json\/wp\/v2\/product\/17916","targetHints":{"allow":["GET"]}}],"collection":[{"href":"https:\/\/mouldking.store\/hu\/wp-json\/wp\/v2\/product"}],"about":[{"href":"https:\/\/mouldking.store\/hu\/wp-json\/wp\/v2\/types\/product"}],"replies":[{"embeddable":true,"href":"https:\/\/mouldking.store\/hu\/wp-json\/wp\/v2\/comments?post=17916"}],"wp:featuredmedia":[{"embeddable":true,"href":"https:\/\/mouldking.store\/hu\/wp-json\/wp\/v2\/media\/17917"}],"wp:attachment":[{"href":"https:\/\/mouldking.store\/hu\/wp-json\/wp\/v2\/media?parent=17916"}],"wp:term":[{"taxonomy":"product_cat","embeddable":true,"href":"https:\/\/mouldking.store\/hu\/wp-json\/wp\/v2\/product_cat?post=17916"},{"taxonomy":"product_tag","embeddable":true,"href":"https:\/\/mouldking.store\/hu\/wp-json\/wp\/v2\/product_tag?post=17916"}],"curies":[{"name":"wp","href":"https:\/\/api.w.org\/{rel}","templated":true}]}}