{"id":17940,"date":"2021-09-28T03:53:36","date_gmt":"2021-09-28T03:53:36","guid":{"rendered":"https:\/\/mouldking.store\/product\/moyu-83001-83004-four-famous-generals-of-the-warring-states-5052868"},"modified":"2021-12-23T09:50:53","modified_gmt":"2021-12-23T09:50:53","slug":"moyu-83001-83004-four-famous-generals-of-the-warring-states","status":"publish","type":"product","link":"https:\/\/mouldking.store\/hu\/shop\/moyu-83001-83004-four-famous-generals-of-the-warring-states\/","title":{"rendered":"MOYU 83001-83004 A hadvisel\u0151 \u00e1llamok n\u00e9gy h\u00edres t\u00e1bornoka"},"content":{"rendered":"<p style=\"text-align: center;\">MOYU 83001-83004 A hadvisel\u0151 \u00e1llamok n\u00e9gy h\u00edres t\u00e1bornoka, Baiqi, Li Mu, Lian Po \u00e9s Wang Jian (a hadvisel\u0151 \u00e1llamok t\u00e1bornoka) a Fangtouzi sorozat \u00e9p\u00edt\u0151elemei k\u00f6z\u00e9 tartozik. A teljes k\u00e9szlet 1137 \u00e9p\u00edt\u0151elem r\u00e9szecsk\u00e9t tartalmaz. El\u0151sz\u00f6r 2021-ben jelent meg.<\/p>\n<figure id=\"attachment_205924\" aria-describedby=\"caption-attachment-205924\" style=\"width: 800px\" class=\"wp-caption aligncenter\"><a href=\"https:\/\/pay.lpwstore.com\/wp-content\/uploads\/2021\/04\/MOYU-83001-83004-Four-Famous-Generals-of-the-Warring-States.jpg\" target=\"_blank\" rel=\"noopener\"><img fetchpriority=\"high\" decoding=\"async\" class=\"wp-image-205924 size-full\" title=\"MOYU 83001-83004 A hadvisel\u0151 \u00e1llamok n\u00e9gy h\u00edres t\u00e1bornoka \" src=\"https:\/\/pay.lpwstore.com\/wp-content\/uploads\/2021\/04\/MOYU-83001-83004-Four-Famous-Generals-of-the-Warring-States.jpg\" alt=\"MOYU 83001-83004 Four Famous Generals of the Warring States \" width=\"800\" height=\"800\" \/><\/a><figcaption id=\"caption-attachment-205924\" class=\"wp-caption-text\">MOYU 83001-83004 A hadvisel\u0151 \u00e1llamok n\u00e9gy h\u00edres t\u00e1bornoka<\/figcaption><\/figure>\n<p><img decoding=\"async\" class=\"alignnone size-full wp-image-205925 aligncenter\" src=\"https:\/\/pay.lpwstore.com\/wp-content\/uploads\/2021\/04\/MOYU-83001-83004-Four-Famous-Generals-of-the-Warring-States-2.jpg\" alt=\"-\" width=\"800\" height=\"800\" title=\"-\"> <img decoding=\"async\" class=\"alignnone size-full wp-image-205926 aligncenter\" src=\"https:\/\/pay.lpwstore.com\/wp-content\/uploads\/2021\/04\/MOYU-83001-83004-Four-Famous-Generals-of-the-Warring-States-3.jpg\" alt=\"-\" width=\"800\" height=\"800\" title=\"-\"> <img loading=\"lazy\" decoding=\"async\" class=\"alignnone size-full wp-image-205927 aligncenter\" src=\"https:\/\/pay.lpwstore.com\/wp-content\/uploads\/2021\/04\/MOYU-83001-83004-Four-Famous-Generals-of-the-Warring-States-4.jpg\" alt=\"-\" width=\"800\" height=\"800\" title=\"-\"> <img loading=\"lazy\" decoding=\"async\" class=\"alignnone size-full wp-image-205928 aligncenter\" src=\"https:\/\/pay.lpwstore.com\/wp-content\/uploads\/2021\/04\/MOYU-83001-83004-Four-Famous-Generals-of-the-Warring-States-5.jpg\" alt=\"-\" width=\"800\" height=\"800\" title=\"-\"> <img loading=\"lazy\" decoding=\"async\" class=\"alignnone size-full wp-image-205929 aligncenter\" src=\"https:\/\/pay.lpwstore.com\/wp-content\/uploads\/2021\/04\/MOYU-83001-83004-Four-Famous-Generals-of-the-Warring-States-6.jpg\" alt=\"-\" width=\"800\" height=\"800\" title=\"-\"> <img loading=\"lazy\" decoding=\"async\" class=\"alignnone size-full wp-image-205930 aligncenter\" src=\"https:\/\/pay.lpwstore.com\/wp-content\/uploads\/2021\/04\/MOYU-83001-83004-Four-Famous-Generals-of-the-Warring-States-7.jpg\" alt=\"-\" width=\"800\" height=\"800\" title=\"-\"> <img loading=\"lazy\" decoding=\"async\" class=\"alignnone size-full wp-image-205931 aligncenter\" src=\"https:\/\/pay.lpwstore.com\/wp-content\/uploads\/2021\/04\/MOYU-83001-83004-Four-Famous-Generals-of-the-Warring-States-8.jpg\" alt=\"-\" width=\"800\" height=\"800\" title=\"-\"> <img loading=\"lazy\" decoding=\"async\" class=\"alignnone size-full wp-image-205932 aligncenter\" src=\"https:\/\/pay.lpwstore.com\/wp-content\/uploads\/2021\/04\/MOYU-83001-83004-Four-Famous-Generals-of-the-Warring-States-9.jpg\" alt=\"-\" width=\"800\" height=\"800\" title=\"-\"><\/p>","protected":false},"excerpt":{"rendered":"<ul>\n<li>Tartalmazza <strong>1137+<\/strong> db<\/li>\n<li>K\u00e9zi haszn\u00e1lati \u00fatmutat\u00f3<\/li>\n<li>Kiv\u00e1l\u00f3 min\u0151s\u00e9g\u0171 ABS blokk<\/li>\n<li>Eredeti doboza nincs<\/li>\n<\/ul>","protected":false},"featured_media":17941,"comment_status":"open","ping_status":"closed","template":"","meta":{"_acf_changed":false},"product_cat":[],"product_tag":[],"class_list":["product","first","instock","shipping-taxable","purchasable","product-type-simple"],"acf":[],"_links":{"self":[{"href":"https:\/\/mouldking.store\/hu\/wp-json\/wp\/v2\/product\/17940","targetHints":{"allow":["GET"]}}],"collection":[{"href":"https:\/\/mouldking.store\/hu\/wp-json\/wp\/v2\/product"}],"about":[{"href":"https:\/\/mouldking.store\/hu\/wp-json\/wp\/v2\/types\/product"}],"replies":[{"embeddable":true,"href":"https:\/\/mouldking.store\/hu\/wp-json\/wp\/v2\/comments?post=17940"}],"wp:featuredmedia":[{"embeddable":true,"href":"https:\/\/mouldking.store\/hu\/wp-json\/wp\/v2\/media\/17941"}],"wp:attachment":[{"href":"https:\/\/mouldking.store\/hu\/wp-json\/wp\/v2\/media?parent=17940"}],"wp:term":[{"taxonomy":"product_cat","embeddable":true,"href":"https:\/\/mouldking.store\/hu\/wp-json\/wp\/v2\/product_cat?post=17940"},{"taxonomy":"product_tag","embeddable":true,"href":"https:\/\/mouldking.store\/hu\/wp-json\/wp\/v2\/product_tag?post=17940"}],"curies":[{"name":"wp","href":"https:\/\/api.w.org\/{rel}","templated":true}]}}