{"id":17980,"date":"2021-09-28T03:54:05","date_gmt":"2021-09-28T03:54:05","guid":{"rendered":"https:\/\/mouldking.store\/product\/sembo-708601c-jackpot-magic-sound-building-block-phonograph-bluetooth-speaker-3368562"},"modified":"2022-04-26T15:02:47","modified_gmt":"2022-04-26T08:02:47","slug":"sembo-708601c-jackpot-magic-sound-building-block-phonograph-bluetooth-speaker","status":"publish","type":"product","link":"https:\/\/mouldking.store\/hu\/shop\/sembo-708601c-jackpot-magic-sound-building-block-phonograph-bluetooth-speaker\/","title":{"rendered":"SEMBO 708601C Jackpot Magic Sound: \u00e9p\u00edt\u0151elem fonogr\u00e1f Bluetooth hangsz\u00f3r\u00f3"},"content":{"rendered":"<p style=\"text-align: center;\">A SEMBO 708601C Jackpot Magic Sound: Building Block Phonograph Bluetooth hangsz\u00f3r\u00f3 a blokkok t\u00e9masorozat\u00e1hoz tartozik. El\u0151sz\u00f6r 2021-ben jelent meg.<\/p>\n<figure id=\"attachment_206004\" aria-describedby=\"caption-attachment-206004\" style=\"width: 800px\" class=\"wp-caption aligncenter\"><a href=\"https:\/\/pay.lpwstore.com\/wp-content\/uploads\/2021\/04\/SEMBO-708601C-Jackpot-Magic-Sound-Building-Block-Phonograph-Bluetooth-Speaker.jpg\" target=\"_blank\" rel=\"noopener\"><img fetchpriority=\"high\" decoding=\"async\" class=\"wp-image-206004 size-full\" title=\"SEMBO 708601C Jackpot Magic Sound: \u00e9p\u00edt\u0151elem fonogr\u00e1f Bluetooth hangsz\u00f3r\u00f3\" src=\"https:\/\/pay.lpwstore.com\/wp-content\/uploads\/2021\/04\/SEMBO-708601C-Jackpot-Magic-Sound-Building-Block-Phonograph-Bluetooth-Speaker.jpg\" alt=\"SEMBO 708601C Jackpot Magic Sound: Building Block Phonograph Bluetooth Speaker\" width=\"800\" height=\"800\" \/><\/a><figcaption id=\"caption-attachment-206004\" class=\"wp-caption-text\">SEMBO 708601C Jackpot Magic Sound: \u00e9p\u00edt\u0151elem fonogr\u00e1f Bluetooth hangsz\u00f3r\u00f3<\/figcaption><\/figure>\n<p><img decoding=\"async\" class=\"alignnone size-full wp-image-206005 aligncenter\" src=\"https:\/\/pay.lpwstore.com\/wp-content\/uploads\/2021\/04\/SEMBO-708601C-Jackpot-Magic-Sound-Building-Block-Phonograph-Bluetooth-Speaker-2.jpg\" alt=\"-\" width=\"800\" height=\"800\" title=\"-\"> <img decoding=\"async\" class=\"alignnone size-full wp-image-206006 aligncenter\" src=\"https:\/\/pay.lpwstore.com\/wp-content\/uploads\/2021\/04\/SEMBO-708601C-Jackpot-Magic-Sound-Building-Block-Phonograph-Bluetooth-Speaker-3.jpg\" alt=\"-\" width=\"800\" height=\"800\" title=\"-\"><\/p>","protected":false},"excerpt":{"rendered":"<ul>\n<li>Tartalmazza<strong> 253+<\/strong> db<\/li>\n<li>K\u00e9zi haszn\u00e1lati \u00fatmutat\u00f3<\/li>\n<li>Kiv\u00e1l\u00f3 min\u0151s\u00e9g\u0171 ABS blokk<\/li>\n<\/ul>","protected":false},"featured_media":17981,"comment_status":"open","ping_status":"closed","template":"","meta":{"_acf_changed":false},"product_cat":[15],"product_tag":[],"class_list":["product","first","outofstock","shipping-taxable","purchasable","product-type-simple"],"acf":[],"_links":{"self":[{"href":"https:\/\/mouldking.store\/hu\/wp-json\/wp\/v2\/product\/17980","targetHints":{"allow":["GET"]}}],"collection":[{"href":"https:\/\/mouldking.store\/hu\/wp-json\/wp\/v2\/product"}],"about":[{"href":"https:\/\/mouldking.store\/hu\/wp-json\/wp\/v2\/types\/product"}],"replies":[{"embeddable":true,"href":"https:\/\/mouldking.store\/hu\/wp-json\/wp\/v2\/comments?post=17980"}],"wp:featuredmedia":[{"embeddable":true,"href":"https:\/\/mouldking.store\/hu\/wp-json\/wp\/v2\/media\/17981"}],"wp:attachment":[{"href":"https:\/\/mouldking.store\/hu\/wp-json\/wp\/v2\/media?parent=17980"}],"wp:term":[{"taxonomy":"product_cat","embeddable":true,"href":"https:\/\/mouldking.store\/hu\/wp-json\/wp\/v2\/product_cat?post=17980"},{"taxonomy":"product_tag","embeddable":true,"href":"https:\/\/mouldking.store\/hu\/wp-json\/wp\/v2\/product_tag?post=17980"}],"curies":[{"name":"wp","href":"https:\/\/api.w.org\/{rel}","templated":true}]}}