{"id":18063,"date":"2021-09-28T03:55:14","date_gmt":"2021-09-28T03:55:14","guid":{"rendered":"https:\/\/mouldking.store\/product\/panlos-672001-chic-block-motorbike-ducati-1299-5913141"},"modified":"2021-12-23T09:50:52","modified_gmt":"2021-12-23T09:50:52","slug":"panlos-672001-chic-block-motorbike-ducati-1299","status":"publish","type":"product","link":"https:\/\/mouldking.store\/hu\/shop\/panlos-672001-chic-block-motorbike-ducati-1299\/","title":{"rendered":"PANLOS 672001 CHIC-Block Motorbike Ducati 1299"},"content":{"rendered":"<p style=\"text-align: center;\"><span>PANLOS 672001 CHIC-Block Motorbike Ducati 1299 belongs to the mechanical group series building block set, the whole set contains 803 building block particles. <\/span><span>El\u0151sz\u00f6r 2021-ben jelent meg.<\/span><\/p>\n<figure id=\"attachment_206246\" aria-describedby=\"caption-attachment-206246\" style=\"width: 800px\" class=\"wp-caption aligncenter\"><a href=\"https:\/\/pay.lpwstore.com\/wp-content\/uploads\/2021\/05\/PANLOS-672001-CHIC-Block-Motorbike-Ducati-1299.jpg\" target=\"_blank\" rel=\"noopener\"><img fetchpriority=\"high\" decoding=\"async\" class=\"wp-image-206246 size-full\" title=\"PANLOS 672001 CHIC-Block Motorbike Ducati 1299\" src=\"https:\/\/pay.lpwstore.com\/wp-content\/uploads\/2021\/05\/PANLOS-672001-CHIC-Block-Motorbike-Ducati-1299.jpg\" alt=\"PANLOS 672001 CHIC-Block Motorbike Ducati 1299\" width=\"800\" height=\"800\" \/><\/a><figcaption id=\"caption-attachment-206246\" class=\"wp-caption-text\">PANLOS 672001 CHIC-Block Motorbike Ducati 1299<\/figcaption><\/figure>\n<p><img decoding=\"async\" class=\"alignnone size-full wp-image-206247 aligncenter\" src=\"https:\/\/pay.lpwstore.com\/wp-content\/uploads\/2021\/05\/PANLOS-672001-CHIC-Block-Motorbike-Ducati-1299-v2.jpg\" alt=\"-\" width=\"800\" height=\"800\" title=\"-\"> <img decoding=\"async\" class=\"alignnone size-full wp-image-206248 aligncenter\" src=\"https:\/\/pay.lpwstore.com\/wp-content\/uploads\/2021\/05\/PANLOS-672001-CHIC-Block-Motorbike-Ducati-1299-v3.jpg\" alt=\"-\" width=\"800\" height=\"800\" title=\"-\"> <img loading=\"lazy\" decoding=\"async\" class=\"alignnone size-full wp-image-206249 aligncenter\" src=\"https:\/\/pay.lpwstore.com\/wp-content\/uploads\/2021\/05\/PANLOS-672001-CHIC-Block-Motorbike-Ducati-1299-v4.jpg\" alt=\"-\" width=\"800\" height=\"800\" title=\"-\"> <img loading=\"lazy\" decoding=\"async\" class=\"alignnone size-full wp-image-206250 aligncenter\" src=\"https:\/\/pay.lpwstore.com\/wp-content\/uploads\/2021\/05\/PANLOS-672001-CHIC-Block-Motorbike-Ducati-1299-v5.jpg\" alt=\"-\" width=\"800\" height=\"800\" title=\"-\"><\/p>","protected":false},"excerpt":{"rendered":"<ul>\n<li>Tartalmazza <strong>803+<\/strong> db<\/li>\n<li>K\u00e9zi haszn\u00e1lati \u00fatmutat\u00f3<\/li>\n<li>Kiv\u00e1l\u00f3 min\u0151s\u00e9g\u0171 ABS blokk<\/li>\n<\/ul>","protected":false},"featured_media":18064,"comment_status":"open","ping_status":"closed","template":"","meta":{"_acf_changed":false},"product_cat":[],"product_tag":[],"class_list":["product","first","instock","shipping-taxable","purchasable","product-type-simple"],"acf":[],"_links":{"self":[{"href":"https:\/\/mouldking.store\/hu\/wp-json\/wp\/v2\/product\/18063","targetHints":{"allow":["GET"]}}],"collection":[{"href":"https:\/\/mouldking.store\/hu\/wp-json\/wp\/v2\/product"}],"about":[{"href":"https:\/\/mouldking.store\/hu\/wp-json\/wp\/v2\/types\/product"}],"replies":[{"embeddable":true,"href":"https:\/\/mouldking.store\/hu\/wp-json\/wp\/v2\/comments?post=18063"}],"wp:featuredmedia":[{"embeddable":true,"href":"https:\/\/mouldking.store\/hu\/wp-json\/wp\/v2\/media\/18064"}],"wp:attachment":[{"href":"https:\/\/mouldking.store\/hu\/wp-json\/wp\/v2\/media?parent=18063"}],"wp:term":[{"taxonomy":"product_cat","embeddable":true,"href":"https:\/\/mouldking.store\/hu\/wp-json\/wp\/v2\/product_cat?post=18063"},{"taxonomy":"product_tag","embeddable":true,"href":"https:\/\/mouldking.store\/hu\/wp-json\/wp\/v2\/product_tag?post=18063"}],"curies":[{"name":"wp","href":"https:\/\/api.w.org\/{rel}","templated":true}]}}