{"id":18096,"date":"2021-09-28T03:55:39","date_gmt":"2021-09-28T03:55:39","guid":{"rendered":"https:\/\/mouldking.store\/product\/tigaole-t5006-bugatti-chiron-9593505"},"modified":"2021-10-17T15:16:22","modified_gmt":"2021-10-17T15:16:22","slug":"tigaole-t5006-bugatti-chiron","status":"publish","type":"product","link":"https:\/\/mouldking.store\/hu\/shop\/tigaole-t5006-bugatti-chiron\/","title":{"rendered":"TIGAOLE T5006 Bugatti Chiron"},"content":{"rendered":"<p style=\"text-align: left;\">TIGAOLE T5006 Bugatti Chiron belongs to the mechanical group series building block set, the whole set contains 1258 building block particles. First released in 2021.<\/p>\n<figure id=\"attachment_206307\" aria-describedby=\"caption-attachment-206307\" style=\"width: 800px\" class=\"wp-caption aligncenter\"><a href=\"https:\/\/pay.lpwstore.com\/wp-content\/uploads\/2021\/05\/TIGAOLE-T5006-Bugatti-Chiron-2.jpg\" target=\"_blank\" rel=\"noopener\"><img fetchpriority=\"high\" decoding=\"async\" class=\"wp-image-206307 size-full\" title=\"TIGAOLE T5006 Bugatti Chiron \" src=\"https:\/\/pay.lpwstore.com\/wp-content\/uploads\/2021\/05\/TIGAOLE-T5006-Bugatti-Chiron-2.jpg\" alt=\"TIGAOLE T5006 Bugatti Chiron \" width=\"800\" height=\"800\" \/><\/a><figcaption id=\"caption-attachment-206307\" class=\"wp-caption-text\">TIGAOLE T5006 Bugatti Chiron<\/figcaption><\/figure>\n<p><img decoding=\"async\" class=\"alignnone size-full wp-image-206308 aligncenter\" src=\"https:\/\/pay.lpwstore.com\/wp-content\/uploads\/2021\/05\/TIGAOLE-T5006-Bugatti-Chiron-3.jpg\" alt=\"-\" width=\"800\" height=\"800\" title=\"-\"> <img decoding=\"async\" class=\"alignnone size-full wp-image-206309 aligncenter\" src=\"https:\/\/pay.lpwstore.com\/wp-content\/uploads\/2021\/05\/TIGAOLE-T5006-Bugatti-Chiron-4.jpg\" alt=\"-\" width=\"800\" height=\"800\" title=\"-\"> <img loading=\"lazy\" decoding=\"async\" class=\"alignnone size-full wp-image-206306 aligncenter\" src=\"https:\/\/pay.lpwstore.com\/wp-content\/uploads\/2021\/05\/TIGAOLE-T5006-Bugatti-Chiron.jpg\" alt=\"-\" width=\"800\" height=\"800\" title=\"-\"><\/p>","protected":false},"excerpt":{"rendered":"<p><span style=\"font-size: 150%; color: #ff0000;\"><strong>PRESELL! AVAILABLE IN JUNE 2021<\/strong><\/span><\/p>\n<ul>\n<li>Tartalmazza\u00a0<strong>1258+<\/strong>\u00a0db<\/li>\n<li>K\u00e9zi haszn\u00e1lati \u00fatmutat\u00f3<\/li>\n<li>Kiv\u00e1l\u00f3 min\u0151s\u00e9g\u0171 ABS blokk<\/li>\n<li>Nincs motor<\/li>\n<\/ul>","protected":false},"featured_media":18097,"comment_status":"open","ping_status":"closed","template":"","meta":{"_acf_changed":false},"product_cat":[],"product_tag":[],"class_list":["product","first","outofstock","shipping-taxable","purchasable","product-type-simple"],"acf":[],"_links":{"self":[{"href":"https:\/\/mouldking.store\/hu\/wp-json\/wp\/v2\/product\/18096","targetHints":{"allow":["GET"]}}],"collection":[{"href":"https:\/\/mouldking.store\/hu\/wp-json\/wp\/v2\/product"}],"about":[{"href":"https:\/\/mouldking.store\/hu\/wp-json\/wp\/v2\/types\/product"}],"replies":[{"embeddable":true,"href":"https:\/\/mouldking.store\/hu\/wp-json\/wp\/v2\/comments?post=18096"}],"wp:featuredmedia":[{"embeddable":true,"href":"https:\/\/mouldking.store\/hu\/wp-json\/wp\/v2\/media\/18097"}],"wp:attachment":[{"href":"https:\/\/mouldking.store\/hu\/wp-json\/wp\/v2\/media?parent=18096"}],"wp:term":[{"taxonomy":"product_cat","embeddable":true,"href":"https:\/\/mouldking.store\/hu\/wp-json\/wp\/v2\/product_cat?post=18096"},{"taxonomy":"product_tag","embeddable":true,"href":"https:\/\/mouldking.store\/hu\/wp-json\/wp\/v2\/product_tag?post=18096"}],"curies":[{"name":"wp","href":"https:\/\/api.w.org\/{rel}","templated":true}]}}