{"id":18106,"date":"2021-09-28T03:55:51","date_gmt":"2021-09-28T03:55:51","guid":{"rendered":"https:\/\/mouldking.store\/product\/wange-3970-5971-vehicle-series-for-city-tour-7483397"},"modified":"2021-12-23T09:50:52","modified_gmt":"2021-12-23T09:50:52","slug":"wange-3970-5971-vehicle-series-for-city-tour","status":"publish","type":"product","link":"https:\/\/mouldking.store\/hu\/shop\/wange-3970-5971-vehicle-series-for-city-tour\/","title":{"rendered":"WANGE 3970-5971 Vehicle Series for City Tour"},"content":{"rendered":"<p style=\"text-align: left;\">WANGE 3970-5971 Vehicle Series for City Tour belongs to the city series building block set, the whole set contains 1976 building block particles.<\/p>\n<figure id=\"attachment_206332\" aria-describedby=\"caption-attachment-206332\" style=\"width: 800px\" class=\"wp-caption aligncenter\"><a href=\"https:\/\/pay.lpwstore.com\/wp-content\/uploads\/2021\/05\/WANGE-3970-5971-Vehicle-Series-for-City-Tour.jpg\" target=\"_blank\" rel=\"noopener\"><img fetchpriority=\"high\" decoding=\"async\" class=\"wp-image-206332 size-full\" title=\"WANGE 3970-5971 Vehicle Series for City Tour\" src=\"https:\/\/pay.lpwstore.com\/wp-content\/uploads\/2021\/05\/WANGE-3970-5971-Vehicle-Series-for-City-Tour.jpg\" alt=\"WANGE 3970-5971 Vehicle Series for City Tour\" width=\"800\" height=\"800\" \/><\/a><figcaption id=\"caption-attachment-206332\" class=\"wp-caption-text\">WANGE 3970-5971 Vehicle Series for City Tour<\/figcaption><\/figure>\n<p><img decoding=\"async\" class=\"alignnone size-full wp-image-206333 aligncenter\" src=\"https:\/\/pay.lpwstore.com\/wp-content\/uploads\/2021\/05\/WANGE-3970-5971-Vehicle-Series-for-City-Tour-2.jpg\" alt=\"-\" width=\"800\" height=\"800\" title=\"-\"> <img decoding=\"async\" class=\"alignnone size-full wp-image-206334 aligncenter\" src=\"https:\/\/pay.lpwstore.com\/wp-content\/uploads\/2021\/05\/WANGE-3970-5971-Vehicle-Series-for-City-Tour-3.jpg\" alt=\"-\" width=\"800\" height=\"800\" title=\"-\"> <img loading=\"lazy\" decoding=\"async\" class=\"alignnone size-full wp-image-206335 aligncenter\" src=\"https:\/\/pay.lpwstore.com\/wp-content\/uploads\/2021\/05\/WANGE-3970-5971-Vehicle-Series-for-City-Tour-4.jpg\" alt=\"-\" width=\"800\" height=\"800\" title=\"-\"><\/p>","protected":false},"excerpt":{"rendered":"<ul>\n<li>Tartalmazza <strong>229 &#8211; 456 pcs<\/strong>\/set<\/li>\n<li>K\u00e9zi haszn\u00e1lati \u00fatmutat\u00f3<\/li>\n<li>Kiv\u00e1l\u00f3 min\u0151s\u00e9g\u0171 ABS blokk<\/li>\n<li>Eredeti doboza nincs<\/li>\n<\/ul>","protected":false},"featured_media":18107,"comment_status":"open","ping_status":"closed","template":"","meta":{"_acf_changed":false},"product_cat":[],"product_tag":[],"class_list":["product","first","instock","shipping-taxable","purchasable","product-type-simple"],"acf":[],"_links":{"self":[{"href":"https:\/\/mouldking.store\/hu\/wp-json\/wp\/v2\/product\/18106","targetHints":{"allow":["GET"]}}],"collection":[{"href":"https:\/\/mouldking.store\/hu\/wp-json\/wp\/v2\/product"}],"about":[{"href":"https:\/\/mouldking.store\/hu\/wp-json\/wp\/v2\/types\/product"}],"replies":[{"embeddable":true,"href":"https:\/\/mouldking.store\/hu\/wp-json\/wp\/v2\/comments?post=18106"}],"wp:featuredmedia":[{"embeddable":true,"href":"https:\/\/mouldking.store\/hu\/wp-json\/wp\/v2\/media\/18107"}],"wp:attachment":[{"href":"https:\/\/mouldking.store\/hu\/wp-json\/wp\/v2\/media?parent=18106"}],"wp:term":[{"taxonomy":"product_cat","embeddable":true,"href":"https:\/\/mouldking.store\/hu\/wp-json\/wp\/v2\/product_cat?post=18106"},{"taxonomy":"product_tag","embeddable":true,"href":"https:\/\/mouldking.store\/hu\/wp-json\/wp\/v2\/product_tag?post=18106"}],"curies":[{"name":"wp","href":"https:\/\/api.w.org\/{rel}","templated":true}]}}