{"id":18123,"date":"2021-09-28T03:56:06","date_gmt":"2021-09-28T03:56:06","guid":{"rendered":"https:\/\/mouldking.store\/product\/dk-1500-warcraft-frostmourne-5186252"},"modified":"2022-11-01T09:40:19","modified_gmt":"2022-11-01T02:40:19","slug":"dk-1500-warcraft-frostmourne","status":"publish","type":"product","link":"https:\/\/mouldking.store\/hu\/shop\/dk-1500-warcraft-frostmourne\/","title":{"rendered":"DK 1500 Warcraft Frostmourne"},"content":{"rendered":"<p>DK 1500 Warcraft Frostmourne belongs to the advanced model series building block set, the whole set contains 2349 building block particles. First released in 2021.<\/p>\n<figure id=\"attachment_18124\" aria-describedby=\"caption-attachment-18124\" style=\"width: 773px\" class=\"wp-caption aligncenter\"><img fetchpriority=\"high\" decoding=\"async\" class=\"wp-image-18124\" src=\"https:\/\/mouldking.store\/wp-content\/uploads\/2021\/09\/dk_1500_warcraft_frostmourne_8763.jpg\" alt=\"DK 1500 Warcraft Frostmourne\" width=\"773\" height=\"773\" title=\"-\"><figcaption id=\"caption-attachment-18124\" class=\"wp-caption-text\">DK 1500 Warcraft Frostmourne<\/figcaption><\/figure>\n<figure id=\"attachment_18125\" aria-describedby=\"caption-attachment-18125\" style=\"width: 789px\" class=\"wp-caption aligncenter\"><img decoding=\"async\" class=\"wp-image-18125\" src=\"https:\/\/mouldking.store\/wp-content\/uploads\/2021\/09\/dk_1500_warcraft_frostmourne_4616.jpg\" alt=\"DK 1500 Warcraft Frostmourne\" width=\"789\" height=\"789\" title=\"-\"><figcaption id=\"caption-attachment-18125\" class=\"wp-caption-text\">DK 1500 Warcraft Frostmourne<\/figcaption><\/figure>\n<figure id=\"attachment_18126\" aria-describedby=\"caption-attachment-18126\" style=\"width: 790px\" class=\"wp-caption aligncenter\"><img decoding=\"async\" class=\"wp-image-18126\" src=\"https:\/\/mouldking.store\/wp-content\/uploads\/2021\/09\/dk_1500_warcraft_frostmourne_4262.jpg\" alt=\"DK 1500 Warcraft Frostmourne\" width=\"790\" height=\"790\" title=\"-\"><figcaption id=\"caption-attachment-18126\" class=\"wp-caption-text\">DK 1500 Warcraft Frostmourne<\/figcaption><\/figure>\n<figure id=\"attachment_18128\" aria-describedby=\"caption-attachment-18128\" style=\"width: 814px\" class=\"wp-caption aligncenter\"><img loading=\"lazy\" decoding=\"async\" class=\"wp-image-18128\" src=\"https:\/\/mouldking.store\/wp-content\/uploads\/2021\/09\/dk_1500_warcraft_frostmourne_1893.jpg\" alt=\"DK 1500 Warcraft Frostmourne\" width=\"814\" height=\"814\" title=\"-\"><figcaption id=\"caption-attachment-18128\" class=\"wp-caption-text\">DK 1500 Warcraft Frostmourne<\/figcaption><\/figure>\n<figure id=\"attachment_18127\" aria-describedby=\"caption-attachment-18127\" style=\"width: 795px\" class=\"wp-caption aligncenter\"><img loading=\"lazy\" decoding=\"async\" class=\"wp-image-18127\" src=\"https:\/\/mouldking.store\/wp-content\/uploads\/2021\/09\/dk_1500_warcraft_frostmourne_4527.jpg\" alt=\"DK 1500 Warcraft Frostmourne\" width=\"795\" height=\"795\" title=\"-\"><figcaption id=\"caption-attachment-18127\" class=\"wp-caption-text\">DK 1500 Warcraft Frostmourne<\/figcaption><\/figure>\n<p>&nbsp;<\/p>","protected":false},"excerpt":{"rendered":"<ul>\n<li>Tartalmazza<strong> 2349+<\/strong> db<\/li>\n<li>K\u00e9zi haszn\u00e1lati \u00fatmutat\u00f3<\/li>\n<li>Kiv\u00e1l\u00f3 min\u0151s\u00e9g\u0171 ABS blokk<\/li>\n<li>Eredeti doboza nincs<\/li>\n<\/ul>","protected":false},"featured_media":18124,"comment_status":"open","ping_status":"closed","template":"","meta":{"_acf_changed":false},"product_cat":[415],"product_tag":[6150,6149,6152,6151],"class_list":["product","first","instock","shipping-taxable","purchasable","product-type-simple"],"acf":[],"_links":{"self":[{"href":"https:\/\/mouldking.store\/hu\/wp-json\/wp\/v2\/product\/18123","targetHints":{"allow":["GET"]}}],"collection":[{"href":"https:\/\/mouldking.store\/hu\/wp-json\/wp\/v2\/product"}],"about":[{"href":"https:\/\/mouldking.store\/hu\/wp-json\/wp\/v2\/types\/product"}],"replies":[{"embeddable":true,"href":"https:\/\/mouldking.store\/hu\/wp-json\/wp\/v2\/comments?post=18123"}],"wp:featuredmedia":[{"embeddable":true,"href":"https:\/\/mouldking.store\/hu\/wp-json\/wp\/v2\/media\/18124"}],"wp:attachment":[{"href":"https:\/\/mouldking.store\/hu\/wp-json\/wp\/v2\/media?parent=18123"}],"wp:term":[{"taxonomy":"product_cat","embeddable":true,"href":"https:\/\/mouldking.store\/hu\/wp-json\/wp\/v2\/product_cat?post=18123"},{"taxonomy":"product_tag","embeddable":true,"href":"https:\/\/mouldking.store\/hu\/wp-json\/wp\/v2\/product_tag?post=18123"}],"curies":[{"name":"wp","href":"https:\/\/api.w.org\/{rel}","templated":true}]}}