{"id":18145,"date":"2021-09-28T03:56:23","date_gmt":"2021-09-28T03:56:23","guid":{"rendered":"https:\/\/mouldking.store\/product\/panlos-670006-desert-eagle-pistol-5881240"},"modified":"2021-12-23T09:50:51","modified_gmt":"2021-12-23T09:50:51","slug":"panlos-670006-desert-eagle-pistol","status":"publish","type":"product","link":"https:\/\/mouldking.store\/hu\/shop\/panlos-670006-desert-eagle-pistol\/","title":{"rendered":"PANLOS 670006 Desert Eagle pisztoly"},"content":{"rendered":"<p>PANLOS 670006 Desert Eagle Pistol belongs to the military series building block set, the whole set contains 360 building block particles. First released in 2020.<\/p>\n<figure id=\"attachment_206536\" aria-describedby=\"caption-attachment-206536\" style=\"width: 800px\" class=\"wp-caption aligncenter\"><a href=\"https:\/\/pay.lpwstore.com\/wp-content\/uploads\/2021\/05\/panlos-670006-desert-eagle-pistol-223257.jpg\" target=\"_blank\" rel=\"noopener\"><img fetchpriority=\"high\" decoding=\"async\" class=\"wp-image-206536 size-full\" title=\"PANLOS 670006 Desert Eagle pisztoly\" src=\"https:\/\/pay.lpwstore.com\/wp-content\/uploads\/2021\/05\/panlos-670006-desert-eagle-pistol-223257.jpg\" alt=\"PANLOS 670006 Desert Eagle Pistol\" width=\"800\" height=\"800\" \/><\/a><figcaption id=\"caption-attachment-206536\" class=\"wp-caption-text\">PANLOS 670006 Desert Eagle pisztoly<\/figcaption><\/figure>\n<figure id=\"attachment_206537\" aria-describedby=\"caption-attachment-206537\" style=\"width: 800px\" class=\"wp-caption aligncenter\"><img decoding=\"async\" class=\"size-full wp-image-206537\" title=\"PANLOS 670006 Desert Eagle pisztoly\" src=\"https:\/\/pay.lpwstore.com\/wp-content\/uploads\/2021\/05\/panlos-670006-desert-eagle-pistol-223301.jpg\" alt=\"PANLOS 670006 Desert Eagle Pistol\" width=\"800\" height=\"800\" \/><figcaption id=\"caption-attachment-206537\" class=\"wp-caption-text\">PANLOS 670006 Desert Eagle pisztoly<\/figcaption><\/figure>\n<figure id=\"attachment_206538\" aria-describedby=\"caption-attachment-206538\" style=\"width: 800px\" class=\"wp-caption aligncenter\"><img decoding=\"async\" class=\"size-full wp-image-206538\" title=\"PANLOS 670006 Desert Eagle pisztoly\" src=\"https:\/\/pay.lpwstore.com\/wp-content\/uploads\/2021\/05\/panlos-670006-desert-eagle-pistol-223305.jpg\" alt=\"PANLOS 670006 Desert Eagle Pistol\" width=\"800\" height=\"800\" \/><figcaption id=\"caption-attachment-206538\" class=\"wp-caption-text\">PANLOS 670006 Desert Eagle pisztoly<\/figcaption><\/figure>\n<figure id=\"attachment_206539\" aria-describedby=\"caption-attachment-206539\" style=\"width: 800px\" class=\"wp-caption aligncenter\"><img loading=\"lazy\" decoding=\"async\" class=\"size-full wp-image-206539\" title=\"PANLOS 670006 Desert Eagle pisztoly\" src=\"https:\/\/pay.lpwstore.com\/wp-content\/uploads\/2021\/05\/panlos-670006-desert-eagle-pistol-223308.jpg\" alt=\"PANLOS 670006 Desert Eagle Pistol\" width=\"800\" height=\"800\" \/><figcaption id=\"caption-attachment-206539\" class=\"wp-caption-text\">PANLOS 670006 Desert Eagle pisztoly<\/figcaption><\/figure>\n<figure id=\"attachment_206540\" aria-describedby=\"caption-attachment-206540\" style=\"width: 800px\" class=\"wp-caption aligncenter\"><img loading=\"lazy\" decoding=\"async\" class=\"size-full wp-image-206540\" title=\"PANLOS 670006 Desert Eagle pisztoly\" src=\"https:\/\/pay.lpwstore.com\/wp-content\/uploads\/2021\/05\/panlos-670006-desert-eagle-pistol-223312.jpg\" alt=\"PANLOS 670006 Desert Eagle Pistol\" width=\"800\" height=\"800\" \/><figcaption id=\"caption-attachment-206540\" class=\"wp-caption-text\">PANLOS 670006 Desert Eagle pisztoly<\/figcaption><\/figure>\n<p>&nbsp;<\/p>","protected":false},"excerpt":{"rendered":"<ul>\n<li>Tartalmazza <strong>360+<\/strong> db<\/li>\n<li>K\u00e9zi haszn\u00e1lati \u00fatmutat\u00f3<\/li>\n<li>Kiv\u00e1l\u00f3 min\u0151s\u00e9g\u0171 ABS blokk<\/li>\n<\/ul>","protected":false},"featured_media":18146,"comment_status":"open","ping_status":"closed","template":"","meta":{"_acf_changed":false},"product_cat":[372],"product_tag":[],"class_list":["product","first","instock","shipping-taxable","purchasable","product-type-simple"],"acf":[],"_links":{"self":[{"href":"https:\/\/mouldking.store\/hu\/wp-json\/wp\/v2\/product\/18145","targetHints":{"allow":["GET"]}}],"collection":[{"href":"https:\/\/mouldking.store\/hu\/wp-json\/wp\/v2\/product"}],"about":[{"href":"https:\/\/mouldking.store\/hu\/wp-json\/wp\/v2\/types\/product"}],"replies":[{"embeddable":true,"href":"https:\/\/mouldking.store\/hu\/wp-json\/wp\/v2\/comments?post=18145"}],"wp:featuredmedia":[{"embeddable":true,"href":"https:\/\/mouldking.store\/hu\/wp-json\/wp\/v2\/media\/18146"}],"wp:attachment":[{"href":"https:\/\/mouldking.store\/hu\/wp-json\/wp\/v2\/media?parent=18145"}],"wp:term":[{"taxonomy":"product_cat","embeddable":true,"href":"https:\/\/mouldking.store\/hu\/wp-json\/wp\/v2\/product_cat?post=18145"},{"taxonomy":"product_tag","embeddable":true,"href":"https:\/\/mouldking.store\/hu\/wp-json\/wp\/v2\/product_tag?post=18145"}],"curies":[{"name":"wp","href":"https:\/\/api.w.org\/{rel}","templated":true}]}}