{"id":18151,"date":"2021-09-28T03:56:26","date_gmt":"2021-09-28T03:56:26","guid":{"rendered":"https:\/\/mouldking.store\/product\/sembo-203017-super-cute-rocket-q-version-of-the-astronaut-8431380"},"modified":"2021-12-23T09:50:49","modified_gmt":"2021-12-23T09:50:49","slug":"sembo-203017-super-cute-rocket-q-version-of-the-astronaut","status":"publish","type":"product","link":"https:\/\/mouldking.store\/hu\/shop\/sembo-203017-super-cute-rocket-q-version-of-the-astronaut\/","title":{"rendered":"SEMBO 203017 Super Cute Rocket: Az \u0171rhaj\u00f3s Q v\u00e1ltozata"},"content":{"rendered":"<p>A SEMBO 203017 Super Cute Rocket: Az \u0171rhaj\u00f3s Q v\u00e1ltozata az \u00e9p\u00edt\u0151elem-k\u00e9szlet t\u00e9masorozat\u00e1hoz tartozik, a teljes k\u00e9szlet 518 \u00e9p\u00edt\u0151elem-r\u00e9szecsk\u00e9t tartalmaz. El\u0151sz\u00f6r 2021-ben jelent meg.<\/p>\n<figure id=\"attachment_206623\" aria-describedby=\"caption-attachment-206623\" style=\"width: 800px\" class=\"wp-caption aligncenter\"><a href=\"https:\/\/pay.lpwstore.com\/wp-content\/uploads\/2021\/05\/sembo-203017-super-cute-rocket-q-version-of-the-astronaut-211937.jpg\" target=\"_blank\" rel=\"noopener\"><img fetchpriority=\"high\" decoding=\"async\" class=\"wp-image-206623 size-full\" title=\"SEMBO 203017 Super Cute Rocket: Az \u0171rhaj\u00f3s Q v\u00e1ltozata\" src=\"https:\/\/pay.lpwstore.com\/wp-content\/uploads\/2021\/05\/sembo-203017-super-cute-rocket-q-version-of-the-astronaut-211937.jpg\" alt=\"SEMBO 203017 Super Cute Rocket: Q version of the astronaut\" width=\"800\" height=\"800\" \/><\/a><figcaption id=\"caption-attachment-206623\" class=\"wp-caption-text\">SEMBO 203017 Super Cute Rocket: Az \u0171rhaj\u00f3s Q v\u00e1ltozata<\/figcaption><\/figure>\n<figure id=\"attachment_206624\" aria-describedby=\"caption-attachment-206624\" style=\"width: 800px\" class=\"wp-caption aligncenter\"><img decoding=\"async\" class=\"size-full wp-image-206624\" title=\"SEMBO 203017 Super Cute Rocket: Az \u0171rhaj\u00f3s Q v\u00e1ltozata\" src=\"https:\/\/pay.lpwstore.com\/wp-content\/uploads\/2021\/05\/sembo-203017-super-cute-rocket-q-version-of-the-astronaut-211940.jpg\" alt=\"SEMBO 203017 Super Cute Rocket: Q version of the astronaut\" width=\"800\" height=\"800\" \/><figcaption id=\"caption-attachment-206624\" class=\"wp-caption-text\">SEMBO 203017 Super Cute Rocket: Az \u0171rhaj\u00f3s Q v\u00e1ltozata<\/figcaption><\/figure>\n<figure id=\"attachment_206625\" aria-describedby=\"caption-attachment-206625\" style=\"width: 800px\" class=\"wp-caption aligncenter\"><img decoding=\"async\" class=\"size-full wp-image-206625\" title=\"SEMBO 203017 Super Cute Rocket: Az \u0171rhaj\u00f3s Q v\u00e1ltozata\" src=\"https:\/\/pay.lpwstore.com\/wp-content\/uploads\/2021\/05\/sembo-203017-super-cute-rocket-q-version-of-the-astronaut-211943.jpg\" alt=\"SEMBO 203017 Super Cute Rocket: Q version of the astronaut\" width=\"800\" height=\"800\" \/><figcaption id=\"caption-attachment-206625\" class=\"wp-caption-text\">SEMBO 203017 Super Cute Rocket: Az \u0171rhaj\u00f3s Q v\u00e1ltozata<\/figcaption><\/figure>\n<figure id=\"attachment_206626\" aria-describedby=\"caption-attachment-206626\" style=\"width: 800px\" class=\"wp-caption aligncenter\"><img loading=\"lazy\" decoding=\"async\" class=\"size-full wp-image-206626\" title=\"SEMBO 203017 Super Cute Rocket: Az \u0171rhaj\u00f3s Q v\u00e1ltozata\" src=\"https:\/\/pay.lpwstore.com\/wp-content\/uploads\/2021\/05\/sembo-203017-super-cute-rocket-q-version-of-the-astronaut-211947.jpg\" alt=\"SEMBO 203017 Super Cute Rocket: Q version of the astronaut\" width=\"800\" height=\"800\" \/><figcaption id=\"caption-attachment-206626\" class=\"wp-caption-text\">SEMBO 203017 Super Cute Rocket: Az \u0171rhaj\u00f3s Q v\u00e1ltozata<\/figcaption><\/figure>","protected":false},"excerpt":{"rendered":"<ul>\n<li>Tartalmazza <strong>518+<\/strong> db<\/li>\n<li>K\u00e9zi haszn\u00e1lati \u00fatmutat\u00f3<\/li>\n<li>Kiv\u00e1l\u00f3 min\u0151s\u00e9g\u0171 ABS blokk<\/li>\n<\/ul>","protected":false},"featured_media":18152,"comment_status":"open","ping_status":"closed","template":"","meta":{"_acf_changed":false},"product_cat":[],"product_tag":[],"class_list":["product","first","instock","shipping-taxable","purchasable","product-type-simple"],"acf":[],"_links":{"self":[{"href":"https:\/\/mouldking.store\/hu\/wp-json\/wp\/v2\/product\/18151","targetHints":{"allow":["GET"]}}],"collection":[{"href":"https:\/\/mouldking.store\/hu\/wp-json\/wp\/v2\/product"}],"about":[{"href":"https:\/\/mouldking.store\/hu\/wp-json\/wp\/v2\/types\/product"}],"replies":[{"embeddable":true,"href":"https:\/\/mouldking.store\/hu\/wp-json\/wp\/v2\/comments?post=18151"}],"wp:featuredmedia":[{"embeddable":true,"href":"https:\/\/mouldking.store\/hu\/wp-json\/wp\/v2\/media\/18152"}],"wp:attachment":[{"href":"https:\/\/mouldking.store\/hu\/wp-json\/wp\/v2\/media?parent=18151"}],"wp:term":[{"taxonomy":"product_cat","embeddable":true,"href":"https:\/\/mouldking.store\/hu\/wp-json\/wp\/v2\/product_cat?post=18151"},{"taxonomy":"product_tag","embeddable":true,"href":"https:\/\/mouldking.store\/hu\/wp-json\/wp\/v2\/product_tag?post=18151"}],"curies":[{"name":"wp","href":"https:\/\/api.w.org\/{rel}","templated":true}]}}