{"id":18162,"date":"2021-09-28T03:56:37","date_gmt":"2021-09-28T03:56:37","guid":{"rendered":"https:\/\/mouldking.store\/product\/sy-8252-bugatti-chiron-118-2532129"},"modified":"2021-12-23T09:50:49","modified_gmt":"2021-12-23T09:50:49","slug":"sy-8252-bugatti-chiron-118","status":"publish","type":"product","link":"https:\/\/mouldking.store\/hu\/shop\/sy-8252-bugatti-chiron-118\/","title":{"rendered":"SY 8252 Bugatti Chiron 1:18"},"content":{"rendered":"<p style=\"text-align: center;\"><span>SY 8252 Bugatti Chiron 1:18 belongs to the racing series building block set, the whole set contains 690 building block particles. <\/span><span>El\u0151sz\u00f6r 2021-ben jelent meg.<\/span><\/p>\n<figure id=\"attachment_206702\" aria-describedby=\"caption-attachment-206702\" style=\"width: 800px\" class=\"wp-caption aligncenter\"><a href=\"https:\/\/pay.lpwstore.com\/wp-content\/uploads\/2021\/05\/SY-8252-Bugatti-Chiron-118.jpg\" target=\"_blank\" rel=\"noopener\"><img fetchpriority=\"high\" decoding=\"async\" class=\"wp-image-206702 size-full\" title=\"SY 8252 Bugatti Chiron 1:18\" src=\"https:\/\/pay.lpwstore.com\/wp-content\/uploads\/2021\/05\/SY-8252-Bugatti-Chiron-118.jpg\" alt=\"SY 8252 Bugatti Chiron 1:18\" width=\"800\" height=\"800\" \/><\/a><figcaption id=\"caption-attachment-206702\" class=\"wp-caption-text\">SY 8252 Bugatti Chiron 1:18<\/figcaption><\/figure>\n<p><img decoding=\"async\" class=\"alignnone size-full wp-image-206703 aligncenter\" src=\"https:\/\/pay.lpwstore.com\/wp-content\/uploads\/2021\/05\/SY-8252-Bugatti-Chiron-118-2.jpg\" alt=\"-\" width=\"800\" height=\"800\" title=\"-\"> <img decoding=\"async\" class=\"alignnone size-full wp-image-206704 aligncenter\" src=\"https:\/\/pay.lpwstore.com\/wp-content\/uploads\/2021\/05\/SY-8252-Bugatti-Chiron-118-3.jpg\" alt=\"-\" width=\"800\" height=\"800\" title=\"-\"><\/p>","protected":false},"excerpt":{"rendered":"<ul>\n<li>Tartalmazza <strong>690+<\/strong> db<\/li>\n<li>K\u00e9zi haszn\u00e1lati \u00fatmutat\u00f3<\/li>\n<li>Kiv\u00e1l\u00f3 min\u0151s\u00e9g\u0171 ABS blokk<\/li>\n<\/ul>","protected":false},"featured_media":18163,"comment_status":"open","ping_status":"closed","template":"","meta":{"_acf_changed":false},"product_cat":[],"product_tag":[],"class_list":["product","first","instock","shipping-taxable","purchasable","product-type-simple"],"acf":[],"_links":{"self":[{"href":"https:\/\/mouldking.store\/hu\/wp-json\/wp\/v2\/product\/18162","targetHints":{"allow":["GET"]}}],"collection":[{"href":"https:\/\/mouldking.store\/hu\/wp-json\/wp\/v2\/product"}],"about":[{"href":"https:\/\/mouldking.store\/hu\/wp-json\/wp\/v2\/types\/product"}],"replies":[{"embeddable":true,"href":"https:\/\/mouldking.store\/hu\/wp-json\/wp\/v2\/comments?post=18162"}],"wp:featuredmedia":[{"embeddable":true,"href":"https:\/\/mouldking.store\/hu\/wp-json\/wp\/v2\/media\/18163"}],"wp:attachment":[{"href":"https:\/\/mouldking.store\/hu\/wp-json\/wp\/v2\/media?parent=18162"}],"wp:term":[{"taxonomy":"product_cat","embeddable":true,"href":"https:\/\/mouldking.store\/hu\/wp-json\/wp\/v2\/product_cat?post=18162"},{"taxonomy":"product_tag","embeddable":true,"href":"https:\/\/mouldking.store\/hu\/wp-json\/wp\/v2\/product_tag?post=18162"}],"curies":[{"name":"wp","href":"https:\/\/api.w.org\/{rel}","templated":true}]}}