{"id":18172,"date":"2021-09-28T03:56:42","date_gmt":"2021-09-28T03:56:42","guid":{"rendered":"https:\/\/mouldking.store\/product\/panlos-611001-dinosaur-forest-tyrannosaurus-rex-9705440"},"modified":"2021-12-23T09:50:49","modified_gmt":"2021-12-23T09:50:49","slug":"panlos-611001-dinosaur-forest-tyrannosaurus-rex","status":"publish","type":"product","link":"https:\/\/mouldking.store\/hu\/shop\/panlos-611001-dinosaur-forest-tyrannosaurus-rex\/","title":{"rendered":"PANLOS 611001 Dinosaur: Forest Tyrannosaurus Rex"},"content":{"rendered":"<p>PANLOS 611001 Dinosaur: Forest Tyrannosaurus Rex belongs to the creator series building block set, the whole set contains 1813 building block particles. First released in 2021.<\/p>\n<figure id=\"attachment_206677\" aria-describedby=\"caption-attachment-206677\" style=\"width: 800px\" class=\"wp-caption aligncenter\"><a href=\"https:\/\/pay.lpwstore.com\/wp-content\/uploads\/2021\/05\/panlos-611001-dinosaur-forest-tyrannosaurus-rex-212340.jpg\" target=\"_blank\" rel=\"noopener\"><img fetchpriority=\"high\" decoding=\"async\" class=\"wp-image-206677 size-full\" title=\"PANLOS 611001 Dinosaur: Forest Tyrannosaurus Rex\" src=\"https:\/\/pay.lpwstore.com\/wp-content\/uploads\/2021\/05\/panlos-611001-dinosaur-forest-tyrannosaurus-rex-212340.jpg\" alt=\"PANLOS 611001 Dinosaur: Forest Tyrannosaurus Rex\" width=\"800\" height=\"800\" \/><\/a><figcaption id=\"caption-attachment-206677\" class=\"wp-caption-text\">PANLOS 611001 Dinosaur: Forest Tyrannosaurus Rex<\/figcaption><\/figure>\n<figure id=\"attachment_206678\" aria-describedby=\"caption-attachment-206678\" style=\"width: 750px\" class=\"wp-caption aligncenter\"><img decoding=\"async\" class=\"size-full wp-image-206678\" title=\"PANLOS 611001 Dinosaur: Forest Tyrannosaurus Rex\" src=\"https:\/\/pay.lpwstore.com\/wp-content\/uploads\/2021\/05\/panlos-611001-dinosaur-forest-tyrannosaurus-rex-212342.jpg\" alt=\"PANLOS 611001 Dinosaur: Forest Tyrannosaurus Rex\" width=\"750\" height=\"765\" \/><figcaption id=\"caption-attachment-206678\" class=\"wp-caption-text\">PANLOS 611001 Dinosaur: Forest Tyrannosaurus Rex<\/figcaption><\/figure>\n<figure id=\"attachment_206679\" aria-describedby=\"caption-attachment-206679\" style=\"width: 750px\" class=\"wp-caption aligncenter\"><img decoding=\"async\" class=\"size-full wp-image-206679\" title=\"PANLOS 611001 Dinosaur: Forest Tyrannosaurus Rex\" src=\"https:\/\/pay.lpwstore.com\/wp-content\/uploads\/2021\/05\/panlos-611001-dinosaur-forest-tyrannosaurus-rex-212345.jpg\" alt=\"PANLOS 611001 Dinosaur: Forest Tyrannosaurus Rex\" width=\"750\" height=\"788\" \/><figcaption id=\"caption-attachment-206679\" class=\"wp-caption-text\">PANLOS 611001 Dinosaur: Forest Tyrannosaurus Rex<\/figcaption><\/figure>\n<figure id=\"attachment_206680\" aria-describedby=\"caption-attachment-206680\" style=\"width: 750px\" class=\"wp-caption aligncenter\"><img loading=\"lazy\" decoding=\"async\" class=\"size-full wp-image-206680\" title=\"PANLOS 611001 Dinosaur: Forest Tyrannosaurus Rex\" src=\"https:\/\/pay.lpwstore.com\/wp-content\/uploads\/2021\/05\/panlos-611001-dinosaur-forest-tyrannosaurus-rex-212347.jpg\" alt=\"PANLOS 611001 Dinosaur: Forest Tyrannosaurus Rex\" width=\"750\" height=\"721\" \/><figcaption id=\"caption-attachment-206680\" class=\"wp-caption-text\">PANLOS 611001 Dinosaur: Forest Tyrannosaurus Rex<\/figcaption><\/figure>\n<figure id=\"attachment_206681\" aria-describedby=\"caption-attachment-206681\" style=\"width: 800px\" class=\"wp-caption aligncenter\"><img loading=\"lazy\" decoding=\"async\" class=\"size-full wp-image-206681\" title=\"PANLOS 611001 Dinosaur: Forest Tyrannosaurus Rex\" src=\"https:\/\/pay.lpwstore.com\/wp-content\/uploads\/2021\/05\/panlos-611001-dinosaur-forest-tyrannosaurus-rex-212348.jpg\" alt=\"PANLOS 611001 Dinosaur: Forest Tyrannosaurus Rex\" width=\"800\" height=\"800\" \/><figcaption id=\"caption-attachment-206681\" class=\"wp-caption-text\">PANLOS 611001 Dinosaur: Forest Tyrannosaurus Rex<\/figcaption><\/figure>\n<figure id=\"attachment_206682\" aria-describedby=\"caption-attachment-206682\" style=\"width: 800px\" class=\"wp-caption aligncenter\"><img loading=\"lazy\" decoding=\"async\" class=\"size-full wp-image-206682\" title=\"PANLOS 611001 Dinosaur: Forest Tyrannosaurus Rex\" src=\"https:\/\/pay.lpwstore.com\/wp-content\/uploads\/2021\/05\/panlos-611001-dinosaur-forest-tyrannosaurus-rex-212352.jpg\" alt=\"PANLOS 611001 Dinosaur: Forest Tyrannosaurus Rex\" width=\"800\" height=\"800\" \/><figcaption id=\"caption-attachment-206682\" class=\"wp-caption-text\">PANLOS 611001 Dinosaur: Forest Tyrannosaurus Rex<\/figcaption><\/figure>\n<p>&nbsp;<\/p>","protected":false},"excerpt":{"rendered":"<ul>\n<li>Tartalmazza <strong>1813+<\/strong> db<\/li>\n<li>K\u00e9zi haszn\u00e1lati \u00fatmutat\u00f3<\/li>\n<li>Kiv\u00e1l\u00f3 min\u0151s\u00e9g\u0171 ABS blokk<\/li>\n<\/ul>","protected":false},"featured_media":18173,"comment_status":"open","ping_status":"closed","template":"","meta":{"_acf_changed":false},"product_cat":[371],"product_tag":[],"class_list":["product","first","instock","shipping-taxable","purchasable","product-type-simple"],"acf":[],"_links":{"self":[{"href":"https:\/\/mouldking.store\/hu\/wp-json\/wp\/v2\/product\/18172","targetHints":{"allow":["GET"]}}],"collection":[{"href":"https:\/\/mouldking.store\/hu\/wp-json\/wp\/v2\/product"}],"about":[{"href":"https:\/\/mouldking.store\/hu\/wp-json\/wp\/v2\/types\/product"}],"replies":[{"embeddable":true,"href":"https:\/\/mouldking.store\/hu\/wp-json\/wp\/v2\/comments?post=18172"}],"wp:featuredmedia":[{"embeddable":true,"href":"https:\/\/mouldking.store\/hu\/wp-json\/wp\/v2\/media\/18173"}],"wp:attachment":[{"href":"https:\/\/mouldking.store\/hu\/wp-json\/wp\/v2\/media?parent=18172"}],"wp:term":[{"taxonomy":"product_cat","embeddable":true,"href":"https:\/\/mouldking.store\/hu\/wp-json\/wp\/v2\/product_cat?post=18172"},{"taxonomy":"product_tag","embeddable":true,"href":"https:\/\/mouldking.store\/hu\/wp-json\/wp\/v2\/product_tag?post=18172"}],"curies":[{"name":"wp","href":"https:\/\/api.w.org\/{rel}","templated":true}]}}