{"id":18307,"date":"2021-09-28T03:58:33","date_gmt":"2021-09-28T03:58:33","guid":{"rendered":"https:\/\/mouldking.store\/product\/tigaole-t3004-ferrari-pull-back-supercar-9194740"},"modified":"2021-12-23T09:50:47","modified_gmt":"2021-12-23T09:50:47","slug":"tigaole-t3004-ferrari-pull-back-supercar","status":"publish","type":"product","link":"https:\/\/mouldking.store\/hu\/shop\/tigaole-t3004-ferrari-pull-back-supercar\/","title":{"rendered":"TIGAOLE T3004 Ferrari Pull Back Supercar"},"content":{"rendered":"<p>A TIGAOLE T3004 Ferrari Pull Back Supercar a mechanikus csoport sorozat \u00e9p\u00edt\u0151elemk\u00e9szlet\u00e9hez tartozik. A teljes k\u00e9szlet 419 \u00e9p\u00edt\u0151elem r\u00e9szecsk\u00e9t tartalmaz. El\u0151sz\u00f6r 2021-ben adt\u00e1k ki.<\/p>\n<p>&nbsp;<\/p>\n<figure id=\"attachment_207406\" aria-describedby=\"caption-attachment-207406\" style=\"width: 800px\" class=\"wp-caption aligncenter\"><a href=\"https:\/\/pay.lpwstore.com\/wp-content\/uploads\/2021\/05\/tigaole-t3004-ferrari-pull-back-supercar-221057.jpg\" target=\"_blank\" rel=\"noopener\"><img fetchpriority=\"high\" decoding=\"async\" class=\"wp-image-207406 size-full\" title=\"TIGAOLE T3004 Ferrari Pull Back Supercar\" src=\"https:\/\/pay.lpwstore.com\/wp-content\/uploads\/2021\/05\/tigaole-t3004-ferrari-pull-back-supercar-221057.jpg\" alt=\"TIGAOLE T3004 Ferrari Pull Back Supercar\" width=\"800\" height=\"801\" \/><\/a><figcaption id=\"caption-attachment-207406\" class=\"wp-caption-text\">TIGAOLE T3004 Ferrari Pull Back Supercar<\/figcaption><\/figure>\n<figure id=\"attachment_207407\" aria-describedby=\"caption-attachment-207407\" style=\"width: 797px\" class=\"wp-caption aligncenter\"><img decoding=\"async\" class=\"size-full wp-image-207407\" title=\"TIGAOLE T3004 Ferrari Pull Back Supercar\" src=\"https:\/\/pay.lpwstore.com\/wp-content\/uploads\/2021\/05\/tigaole-t3004-ferrari-pull-back-supercar-221101.jpg\" alt=\"TIGAOLE T3004 Ferrari Pull Back Supercar\" width=\"797\" height=\"724\" \/><figcaption id=\"caption-attachment-207407\" class=\"wp-caption-text\">TIGAOLE T3004 Ferrari Pull Back Supercar<\/figcaption><\/figure>\n<p>&nbsp;<\/p>","protected":false},"excerpt":{"rendered":"<ul>\n<li>Tartalmazza\u00a0<strong>419+<\/strong>\u00a0db<\/li>\n<li>K\u00e9zi haszn\u00e1lati \u00fatmutat\u00f3<\/li>\n<li>Kiv\u00e1l\u00f3 min\u0151s\u00e9g\u0171 ABS blokk<\/li>\n<li>Eredeti doboza nincs<\/li>\n<\/ul>","protected":false},"featured_media":18308,"comment_status":"open","ping_status":"closed","template":"","meta":{"_acf_changed":false},"product_cat":[],"product_tag":[],"class_list":["product","first","instock","shipping-taxable","purchasable","product-type-simple"],"acf":[],"_links":{"self":[{"href":"https:\/\/mouldking.store\/hu\/wp-json\/wp\/v2\/product\/18307","targetHints":{"allow":["GET"]}}],"collection":[{"href":"https:\/\/mouldking.store\/hu\/wp-json\/wp\/v2\/product"}],"about":[{"href":"https:\/\/mouldking.store\/hu\/wp-json\/wp\/v2\/types\/product"}],"replies":[{"embeddable":true,"href":"https:\/\/mouldking.store\/hu\/wp-json\/wp\/v2\/comments?post=18307"}],"wp:featuredmedia":[{"embeddable":true,"href":"https:\/\/mouldking.store\/hu\/wp-json\/wp\/v2\/media\/18308"}],"wp:attachment":[{"href":"https:\/\/mouldking.store\/hu\/wp-json\/wp\/v2\/media?parent=18307"}],"wp:term":[{"taxonomy":"product_cat","embeddable":true,"href":"https:\/\/mouldking.store\/hu\/wp-json\/wp\/v2\/product_cat?post=18307"},{"taxonomy":"product_tag","embeddable":true,"href":"https:\/\/mouldking.store\/hu\/wp-json\/wp\/v2\/product_tag?post=18307"}],"curies":[{"name":"wp","href":"https:\/\/api.w.org\/{rel}","templated":true}]}}