{"id":18350,"date":"2021-09-28T03:59:02","date_gmt":"2021-09-28T03:59:02","guid":{"rendered":"https:\/\/mouldking.store\/product\/zhegao-qj5003-fire-wolf-helicopter-5751656"},"modified":"2021-12-23T09:50:45","modified_gmt":"2021-12-23T09:50:45","slug":"zhegao-qj5003-fire-wolf-helicopter","status":"publish","type":"product","link":"https:\/\/mouldking.store\/hu\/shop\/zhegao-qj5003-fire-wolf-helicopter\/","title":{"rendered":"ZHEGAO QJ5003 Fire Wolf Helicopter"},"content":{"rendered":"<p>ZHEGAO QJ5003 Fire Wolf Helicopter belongs to the theme series building block set, the whole set contains 1161 building block particles. First released in 2021.<\/p>\n<figure id=\"attachment_207509\" aria-describedby=\"caption-attachment-207509\" style=\"width: 800px\" class=\"wp-caption aligncenter\"><a href=\"https:\/\/pay.lpwstore.com\/wp-content\/uploads\/2021\/05\/zhegao-qj5003-fire-wolf-helicopter-103348.jpg\" target=\"_blank\" rel=\"noopener\"><img fetchpriority=\"high\" decoding=\"async\" class=\"wp-image-207509 size-full\" title=\"ZHEGAO QJ5003 Fire Wolf Helicopter\" src=\"https:\/\/pay.lpwstore.com\/wp-content\/uploads\/2021\/05\/zhegao-qj5003-fire-wolf-helicopter-103348.jpg\" alt=\"ZHEGAO QJ5003 Fire Wolf Helicopter\" width=\"800\" height=\"800\" \/><\/a><figcaption id=\"caption-attachment-207509\" class=\"wp-caption-text\">ZHEGAO QJ5003 Fire Wolf Helicopter<\/figcaption><\/figure>\n<figure id=\"attachment_207510\" aria-describedby=\"caption-attachment-207510\" style=\"width: 800px\" class=\"wp-caption aligncenter\"><img decoding=\"async\" class=\"size-full wp-image-207510\" title=\"ZHEGAO QJ5003 Fire Wolf Helicopter\" src=\"https:\/\/pay.lpwstore.com\/wp-content\/uploads\/2021\/05\/zhegao-qj5003-fire-wolf-helicopter-103352.jpg\" alt=\"ZHEGAO QJ5003 Fire Wolf Helicopter\" width=\"800\" height=\"800\" \/><figcaption id=\"caption-attachment-207510\" class=\"wp-caption-text\">ZHEGAO QJ5003 Fire Wolf Helicopter<\/figcaption><\/figure>\n<figure id=\"attachment_207511\" aria-describedby=\"caption-attachment-207511\" style=\"width: 800px\" class=\"wp-caption aligncenter\"><img decoding=\"async\" class=\"size-full wp-image-207511\" title=\"ZHEGAO QJ5003 Fire Wolf Helicopter\" src=\"https:\/\/pay.lpwstore.com\/wp-content\/uploads\/2021\/05\/zhegao-qj5003-fire-wolf-helicopter-103354.jpg\" alt=\"ZHEGAO QJ5003 Fire Wolf Helicopter\" width=\"800\" height=\"800\" \/><figcaption id=\"caption-attachment-207511\" class=\"wp-caption-text\">ZHEGAO QJ5003 Fire Wolf Helicopter<\/figcaption><\/figure>\n<figure id=\"attachment_207512\" aria-describedby=\"caption-attachment-207512\" style=\"width: 800px\" class=\"wp-caption aligncenter\"><img loading=\"lazy\" decoding=\"async\" class=\"size-full wp-image-207512\" title=\"ZHEGAO QJ5003 Fire Wolf Helicopter\" src=\"https:\/\/pay.lpwstore.com\/wp-content\/uploads\/2021\/05\/zhegao-qj5003-fire-wolf-helicopter-103356.jpg\" alt=\"ZHEGAO QJ5003 Fire Wolf Helicopter\" width=\"800\" height=\"800\" \/><figcaption id=\"caption-attachment-207512\" class=\"wp-caption-text\">ZHEGAO QJ5003 Fire Wolf Helicopter<\/figcaption><\/figure>","protected":false},"excerpt":{"rendered":"<ul>\n<li>Tartalmazza\u00a0<strong>1161+<\/strong>\u00a0db<\/li>\n<li>K\u00e9zi haszn\u00e1lati \u00fatmutat\u00f3<\/li>\n<li>Kiv\u00e1l\u00f3 min\u0151s\u00e9g\u0171 ABS blokk<\/li>\n<li>Eredeti doboza nincs<\/li>\n<\/ul>","protected":false},"featured_media":18351,"comment_status":"open","ping_status":"closed","template":"","meta":{"_acf_changed":false},"product_cat":[],"product_tag":[],"class_list":["product","first","instock","shipping-taxable","purchasable","product-type-simple"],"acf":[],"_links":{"self":[{"href":"https:\/\/mouldking.store\/hu\/wp-json\/wp\/v2\/product\/18350","targetHints":{"allow":["GET"]}}],"collection":[{"href":"https:\/\/mouldking.store\/hu\/wp-json\/wp\/v2\/product"}],"about":[{"href":"https:\/\/mouldking.store\/hu\/wp-json\/wp\/v2\/types\/product"}],"replies":[{"embeddable":true,"href":"https:\/\/mouldking.store\/hu\/wp-json\/wp\/v2\/comments?post=18350"}],"wp:featuredmedia":[{"embeddable":true,"href":"https:\/\/mouldking.store\/hu\/wp-json\/wp\/v2\/media\/18351"}],"wp:attachment":[{"href":"https:\/\/mouldking.store\/hu\/wp-json\/wp\/v2\/media?parent=18350"}],"wp:term":[{"taxonomy":"product_cat","embeddable":true,"href":"https:\/\/mouldking.store\/hu\/wp-json\/wp\/v2\/product_cat?post=18350"},{"taxonomy":"product_tag","embeddable":true,"href":"https:\/\/mouldking.store\/hu\/wp-json\/wp\/v2\/product_tag?post=18350"}],"curies":[{"name":"wp","href":"https:\/\/api.w.org\/{rel}","templated":true}]}}