{"id":18389,"date":"2021-09-28T03:59:35","date_gmt":"2021-09-28T03:59:35","guid":{"rendered":"https:\/\/mouldking.store\/product\/tigaole-t2003-mercedes-benz-big-g-pull-back-car-8863956"},"modified":"2021-12-23T09:50:44","modified_gmt":"2021-12-23T09:50:44","slug":"tigaole-t2003-mercedes-benz-big-g-pull-back-car","status":"publish","type":"product","link":"https:\/\/mouldking.store\/hu\/shop\/tigaole-t2003-mercedes-benz-big-g-pull-back-car\/","title":{"rendered":"TIGAOLE T2003 Mercedes-Benz Big G Pull Back Car"},"content":{"rendered":"<p>TIGAOLE T2003 Mercedes-Benz Big G Pull Back Car belongs to the mechanical group series building block set, the whole set contains 939 building block particles. First released in 2021.<\/p>\n<figure id=\"attachment_207547\" aria-describedby=\"caption-attachment-207547\" style=\"width: 800px\" class=\"wp-caption aligncenter\"><a href=\"https:\/\/pay.lpwstore.com\/wp-content\/uploads\/2021\/05\/tigaole-t2003-mercedes-benz-big-g-pull-back-car-212306.jpg\" target=\"_blank\" rel=\"noopener\"><img fetchpriority=\"high\" decoding=\"async\" class=\"wp-image-207547 size-full\" title=\"TIGAOLE T2003 Mercedes-Benz Big G Pull Back Car\" src=\"https:\/\/pay.lpwstore.com\/wp-content\/uploads\/2021\/05\/tigaole-t2003-mercedes-benz-big-g-pull-back-car-212306.jpg\" alt=\"TIGAOLE T2003 Mercedes-Benz Big G Pull Back Car\" width=\"800\" height=\"800\" \/><\/a><figcaption id=\"caption-attachment-207547\" class=\"wp-caption-text\">TIGAOLE T2003 Mercedes-Benz Big G Pull Back Car<\/figcaption><\/figure>\n<figure id=\"attachment_207548\" aria-describedby=\"caption-attachment-207548\" style=\"width: 800px\" class=\"wp-caption aligncenter\"><img decoding=\"async\" class=\"size-full wp-image-207548\" title=\"TIGAOLE T2003 Mercedes-Benz Big G Pull Back Car\" src=\"https:\/\/pay.lpwstore.com\/wp-content\/uploads\/2021\/05\/tigaole-t2003-mercedes-benz-big-g-pull-back-car-212311.jpg\" alt=\"TIGAOLE T2003 Mercedes-Benz Big G Pull Back Car\" width=\"800\" height=\"800\" \/><figcaption id=\"caption-attachment-207548\" class=\"wp-caption-text\">TIGAOLE T2003 Mercedes-Benz Big G Pull Back Car<\/figcaption><\/figure>\n<figure id=\"attachment_207549\" aria-describedby=\"caption-attachment-207549\" style=\"width: 800px\" class=\"wp-caption aligncenter\"><img decoding=\"async\" class=\"size-full wp-image-207549\" title=\"TIGAOLE T2003 Mercedes-Benz Big G Pull Back Car\" src=\"https:\/\/pay.lpwstore.com\/wp-content\/uploads\/2021\/05\/tigaole-t2003-mercedes-benz-big-g-pull-back-car-212314.jpg\" alt=\"TIGAOLE T2003 Mercedes-Benz Big G Pull Back Car\" width=\"800\" height=\"800\" \/><figcaption id=\"caption-attachment-207549\" class=\"wp-caption-text\">TIGAOLE T2003 Mercedes-Benz Big G Pull Back Car<\/figcaption><\/figure>\n<figure id=\"attachment_207550\" aria-describedby=\"caption-attachment-207550\" style=\"width: 800px\" class=\"wp-caption aligncenter\"><img loading=\"lazy\" decoding=\"async\" class=\"size-full wp-image-207550\" title=\"TIGAOLE T2003 Mercedes-Benz Big G Pull Back Car\" src=\"https:\/\/pay.lpwstore.com\/wp-content\/uploads\/2021\/05\/tigaole-t2003-mercedes-benz-big-g-pull-back-car-212318.jpg\" alt=\"TIGAOLE T2003 Mercedes-Benz Big G Pull Back Car\" width=\"800\" height=\"800\" \/><figcaption id=\"caption-attachment-207550\" class=\"wp-caption-text\">TIGAOLE T2003 Mercedes-Benz Big G Pull Back Car<\/figcaption><\/figure>\n<figure id=\"attachment_207551\" aria-describedby=\"caption-attachment-207551\" style=\"width: 800px\" class=\"wp-caption aligncenter\"><img loading=\"lazy\" decoding=\"async\" class=\"size-full wp-image-207551\" title=\"TIGAOLE T2003 Mercedes-Benz Big G Pull Back Car\" src=\"https:\/\/pay.lpwstore.com\/wp-content\/uploads\/2021\/05\/tigaole-t2003-mercedes-benz-big-g-pull-back-car-212324.jpg\" alt=\"TIGAOLE T2003 Mercedes-Benz Big G Pull Back Car\" width=\"800\" height=\"800\" \/><figcaption id=\"caption-attachment-207551\" class=\"wp-caption-text\">TIGAOLE T2003 Mercedes-Benz Big G Pull Back Car<\/figcaption><\/figure>","protected":false},"excerpt":{"rendered":"<ul>\n<li>Tartalmazza\u00a0<strong>939+ <\/strong>\u00a0db<\/li>\n<li>K\u00e9zi haszn\u00e1lati \u00fatmutat\u00f3<\/li>\n<li>Kiv\u00e1l\u00f3 min\u0151s\u00e9g\u0171 ABS blokk<\/li>\n<li>Eredeti doboza nincs<\/li>\n<\/ul>","protected":false},"featured_media":18390,"comment_status":"open","ping_status":"closed","template":"","meta":{"_acf_changed":false},"product_cat":[],"product_tag":[],"class_list":["product","first","instock","shipping-taxable","purchasable","product-type-simple"],"acf":[],"_links":{"self":[{"href":"https:\/\/mouldking.store\/hu\/wp-json\/wp\/v2\/product\/18389","targetHints":{"allow":["GET"]}}],"collection":[{"href":"https:\/\/mouldking.store\/hu\/wp-json\/wp\/v2\/product"}],"about":[{"href":"https:\/\/mouldking.store\/hu\/wp-json\/wp\/v2\/types\/product"}],"replies":[{"embeddable":true,"href":"https:\/\/mouldking.store\/hu\/wp-json\/wp\/v2\/comments?post=18389"}],"wp:featuredmedia":[{"embeddable":true,"href":"https:\/\/mouldking.store\/hu\/wp-json\/wp\/v2\/media\/18390"}],"wp:attachment":[{"href":"https:\/\/mouldking.store\/hu\/wp-json\/wp\/v2\/media?parent=18389"}],"wp:term":[{"taxonomy":"product_cat","embeddable":true,"href":"https:\/\/mouldking.store\/hu\/wp-json\/wp\/v2\/product_cat?post=18389"},{"taxonomy":"product_tag","embeddable":true,"href":"https:\/\/mouldking.store\/hu\/wp-json\/wp\/v2\/product_tag?post=18389"}],"curies":[{"name":"wp","href":"https:\/\/api.w.org\/{rel}","templated":true}]}}