{"id":18405,"date":"2021-09-28T03:59:47","date_gmt":"2021-09-28T03:59:47","guid":{"rendered":"https:\/\/mouldking.store\/product\/panlos-670008-parade-rifle-3977300"},"modified":"2021-12-23T09:50:44","modified_gmt":"2021-12-23T09:50:44","slug":"panlos-670008-parade-rifle","status":"publish","type":"product","link":"https:\/\/mouldking.store\/hu\/shop\/panlos-670008-parade-rifle\/","title":{"rendered":"PANLOS 670008 par\u00e1d\u00e9s puska"},"content":{"rendered":"<p>A PANLOS 670008 Parade Rifle egy katonai kollekci\u00f3 k\u00e9szlete. A PANLOS 670008 k\u00e9zi utas\u00edt\u00e1ssal \u00e9rkezik, amelyet k\u00f6nny\u0171 meg\u00e9p\u00edteni \u00e9s megtal\u00e1lni a hi\u00e1nyz\u00f3 darabokat. A k\u00e9szlet 1352 darabot tartalmaz, el\u0151sz\u00f6r 2021-ben adt\u00e1k ki.<\/p>\n<figure id=\"attachment_207608\" aria-describedby=\"caption-attachment-207608\" style=\"width: 1000px\" class=\"wp-caption aligncenter\"><a href=\"https:\/\/pay.lpwstore.com\/wp-content\/uploads\/2021\/06\/panlos-670008-parade-rifle-003828.jpg\" target=\"_blank\" rel=\"noopener\"><img fetchpriority=\"high\" decoding=\"async\" class=\"wp-image-207608 size-full\" title=\"PANLOS 670008 par\u00e1d\u00e9s puska\" src=\"https:\/\/pay.lpwstore.com\/wp-content\/uploads\/2021\/06\/panlos-670008-parade-rifle-003828.jpg\" alt=\"PANLOS 670008 Parade Rifle\" width=\"1000\" height=\"1000\" \/><\/a><figcaption id=\"caption-attachment-207608\" class=\"wp-caption-text\">PANLOS 670008 par\u00e1d\u00e9s puska<\/figcaption><\/figure>\n<figure id=\"attachment_207609\" aria-describedby=\"caption-attachment-207609\" style=\"width: 1000px\" class=\"wp-caption aligncenter\"><img decoding=\"async\" class=\"size-full wp-image-207609\" title=\"PANLOS 670008 par\u00e1d\u00e9s puska\" src=\"https:\/\/pay.lpwstore.com\/wp-content\/uploads\/2021\/06\/panlos-670008-parade-rifle-003831.jpg\" alt=\"PANLOS 670008 Parade Rifle\" width=\"1000\" height=\"1000\" \/><figcaption id=\"caption-attachment-207609\" class=\"wp-caption-text\">PANLOS 670008 par\u00e1d\u00e9s puska<\/figcaption><\/figure>\n<figure id=\"attachment_207610\" aria-describedby=\"caption-attachment-207610\" style=\"width: 1000px\" class=\"wp-caption aligncenter\"><img decoding=\"async\" class=\"size-full wp-image-207610\" title=\"PANLOS 670008 par\u00e1d\u00e9s puska\" src=\"https:\/\/pay.lpwstore.com\/wp-content\/uploads\/2021\/06\/panlos-670008-parade-rifle-003834.jpg\" alt=\"PANLOS 670008 Parade Rifle\" width=\"1000\" height=\"1000\" \/><figcaption id=\"caption-attachment-207610\" class=\"wp-caption-text\">PANLOS 670008 par\u00e1d\u00e9s puska<\/figcaption><\/figure>\n<figure id=\"attachment_207611\" aria-describedby=\"caption-attachment-207611\" style=\"width: 1000px\" class=\"wp-caption aligncenter\"><img loading=\"lazy\" decoding=\"async\" class=\"size-full wp-image-207611\" title=\"PANLOS 670008 par\u00e1d\u00e9s puska\" src=\"https:\/\/pay.lpwstore.com\/wp-content\/uploads\/2021\/06\/panlos-670008-parade-rifle-003838.jpg\" alt=\"PANLOS 670008 Parade Rifle\" width=\"1000\" height=\"1000\" \/><figcaption id=\"caption-attachment-207611\" class=\"wp-caption-text\">PANLOS 670008 par\u00e1d\u00e9s puska<\/figcaption><\/figure>","protected":false},"excerpt":{"rendered":"<ul>\n<li>Tartalmazza\u00a0<strong>1352 <\/strong>\u00a0db<\/li>\n<li>K\u00e9zi haszn\u00e1lati \u00fatmutat\u00f3<\/li>\n<li>Kiv\u00e1l\u00f3 min\u0151s\u00e9g\u0171 ABS blokk<\/li>\n<li>Eredeti doboza nincs<\/li>\n<\/ul>","protected":false},"featured_media":18406,"comment_status":"open","ping_status":"closed","template":"","meta":{"_acf_changed":false},"product_cat":[372],"product_tag":[],"class_list":["product","first","instock","shipping-taxable","purchasable","product-type-simple"],"acf":[],"_links":{"self":[{"href":"https:\/\/mouldking.store\/hu\/wp-json\/wp\/v2\/product\/18405","targetHints":{"allow":["GET"]}}],"collection":[{"href":"https:\/\/mouldking.store\/hu\/wp-json\/wp\/v2\/product"}],"about":[{"href":"https:\/\/mouldking.store\/hu\/wp-json\/wp\/v2\/types\/product"}],"replies":[{"embeddable":true,"href":"https:\/\/mouldking.store\/hu\/wp-json\/wp\/v2\/comments?post=18405"}],"wp:featuredmedia":[{"embeddable":true,"href":"https:\/\/mouldking.store\/hu\/wp-json\/wp\/v2\/media\/18406"}],"wp:attachment":[{"href":"https:\/\/mouldking.store\/hu\/wp-json\/wp\/v2\/media?parent=18405"}],"wp:term":[{"taxonomy":"product_cat","embeddable":true,"href":"https:\/\/mouldking.store\/hu\/wp-json\/wp\/v2\/product_cat?post=18405"},{"taxonomy":"product_tag","embeddable":true,"href":"https:\/\/mouldking.store\/hu\/wp-json\/wp\/v2\/product_tag?post=18405"}],"curies":[{"name":"wp","href":"https:\/\/api.w.org\/{rel}","templated":true}]}}