{"id":18464,"date":"2021-09-28T04:00:41","date_gmt":"2021-09-28T04:00:41","guid":{"rendered":"https:\/\/mouldking.store\/product\/decool-kc010-flame-kingkong-911-rsr-super-racing-car-8899576"},"modified":"2021-12-23T09:50:43","modified_gmt":"2021-12-23T09:50:43","slug":"decool-kc010-flame-kingkong-911-rsr-super-racing-car","status":"publish","type":"product","link":"https:\/\/mouldking.store\/hu\/shop\/decool-kc010-flame-kingkong-911-rsr-super-racing-car\/","title":{"rendered":"DECOOL KC010 FLAME KINGKONG 911 RSR Super Racing Car"},"content":{"rendered":"<p>A DECOOL KC010 FLAME KINGKONG 911 RSR Super Racing Car a Technic sorozat \u00e9p\u00edt\u0151kocka k\u00e9szlet\u00e9hez tartozik, a teljes k\u00e9szlet 1995-\u00f6s \u00e9p\u00edt\u0151elem r\u00e9szecsk\u00e9ket tartalmaz. El\u0151sz\u00f6r 2021-ben jelent meg.<\/p>\n<figure id=\"attachment_207867\" aria-describedby=\"caption-attachment-207867\" style=\"width: 800px\" class=\"wp-caption aligncenter\"><a href=\"https:\/\/pay.lpwstore.com\/wp-content\/uploads\/2021\/06\/decool-kc010-flame-kingkong-911-rsr-super-racing-car-212756.jpg\" target=\"_blank\" rel=\"noopener\"><img fetchpriority=\"high\" decoding=\"async\" class=\"wp-image-207867 size-full\" title=\"DECOOL KC010 FLAME KINGKONG 911 RSR Super Racing Car\" src=\"https:\/\/pay.lpwstore.com\/wp-content\/uploads\/2021\/06\/decool-kc010-flame-kingkong-911-rsr-super-racing-car-212756.jpg\" alt=\"DECOOL KC010 FLAME KINGKONG 911 RSR Super Racing Car\" width=\"800\" height=\"800\" \/><\/a><figcaption id=\"caption-attachment-207867\" class=\"wp-caption-text\">DECOOL KC010 FLAME KINGKONG 911 RSR Super Racing Car<\/figcaption><\/figure>\n<figure id=\"attachment_207868\" aria-describedby=\"caption-attachment-207868\" style=\"width: 800px\" class=\"wp-caption aligncenter\"><img decoding=\"async\" class=\"size-full wp-image-207868\" title=\"DECOOL KC010 FLAME KINGKONG 911 RSR Super Racing Car\" src=\"https:\/\/pay.lpwstore.com\/wp-content\/uploads\/2021\/06\/decool-kc010-flame-kingkong-911-rsr-super-racing-car-212800.jpg\" alt=\"DECOOL KC010 FLAME KINGKONG 911 RSR Super Racing Car\" width=\"800\" height=\"800\" \/><figcaption id=\"caption-attachment-207868\" class=\"wp-caption-text\">DECOOL KC010 FLAME KINGKONG 911 RSR Super Racing Car<\/figcaption><\/figure>\n<figure id=\"attachment_207869\" aria-describedby=\"caption-attachment-207869\" style=\"width: 800px\" class=\"wp-caption aligncenter\"><img decoding=\"async\" class=\"size-full wp-image-207869\" title=\"DECOOL KC010 FLAME KINGKONG 911 RSR Super Racing Car\" src=\"https:\/\/pay.lpwstore.com\/wp-content\/uploads\/2021\/06\/decool-kc010-flame-kingkong-911-rsr-super-racing-car-212803.jpg\" alt=\"DECOOL KC010 FLAME KINGKONG 911 RSR Super Racing Car\" width=\"800\" height=\"800\" \/><figcaption id=\"caption-attachment-207869\" class=\"wp-caption-text\">DECOOL KC010 FLAME KINGKONG 911 RSR Super Racing Car<\/figcaption><\/figure>","protected":false},"excerpt":{"rendered":"<ul>\n<li>Tartalmazza <strong>1995+<\/strong> db<\/li>\n<li>K\u00e9zi haszn\u00e1lati \u00fatmutat\u00f3<\/li>\n<li>Kiv\u00e1l\u00f3 min\u0151s\u00e9g\u0171 ABS blokk<\/li>\n<li>Eredeti doboza nincs<\/li>\n<\/ul>","protected":false},"featured_media":18465,"comment_status":"open","ping_status":"closed","template":"","meta":{"_acf_changed":false},"product_cat":[],"product_tag":[],"class_list":["product","first","instock","shipping-taxable","purchasable","product-type-simple"],"acf":[],"_links":{"self":[{"href":"https:\/\/mouldking.store\/hu\/wp-json\/wp\/v2\/product\/18464","targetHints":{"allow":["GET"]}}],"collection":[{"href":"https:\/\/mouldking.store\/hu\/wp-json\/wp\/v2\/product"}],"about":[{"href":"https:\/\/mouldking.store\/hu\/wp-json\/wp\/v2\/types\/product"}],"replies":[{"embeddable":true,"href":"https:\/\/mouldking.store\/hu\/wp-json\/wp\/v2\/comments?post=18464"}],"wp:featuredmedia":[{"embeddable":true,"href":"https:\/\/mouldking.store\/hu\/wp-json\/wp\/v2\/media\/18465"}],"wp:attachment":[{"href":"https:\/\/mouldking.store\/hu\/wp-json\/wp\/v2\/media?parent=18464"}],"wp:term":[{"taxonomy":"product_cat","embeddable":true,"href":"https:\/\/mouldking.store\/hu\/wp-json\/wp\/v2\/product_cat?post=18464"},{"taxonomy":"product_tag","embeddable":true,"href":"https:\/\/mouldking.store\/hu\/wp-json\/wp\/v2\/product_tag?post=18464"}],"curies":[{"name":"wp","href":"https:\/\/api.w.org\/{rel}","templated":true}]}}