{"id":18513,"date":"2021-09-28T04:01:22","date_gmt":"2021-09-28T04:01:22","guid":{"rendered":"https:\/\/mouldking.store\/product\/sx-3019-adventure-camp-tree-house-7668722"},"modified":"2021-12-23T09:50:43","modified_gmt":"2021-12-23T09:50:43","slug":"sx-3019-adventure-camp-tree-house","status":"publish","type":"product","link":"https:\/\/mouldking.store\/hu\/shop\/sx-3019-adventure-camp-tree-house\/","title":{"rendered":"SX 3019 Adventure Camp Tree House"},"content":{"rendered":"<p>Az SX 3019 Adventure Camp Tree House a l\u00e1nyos sorozat \u00e9p\u00edt\u0151elem-k\u00e9szlet\u00e9hez tartozik. A teljes k\u00e9szlet 768 \u00e9p\u00edt\u0151elem r\u00e9szecsk\u00e9t tartalmaz. El\u0151sz\u00f6r 2021-ben jelent meg.<\/p>\n<figure id=\"attachment_207961\" aria-describedby=\"caption-attachment-207961\" style=\"width: 800px\" class=\"wp-caption aligncenter\"><a href=\"https:\/\/pay.lpwstore.com\/wp-content\/uploads\/2021\/06\/sx-3019-adventure-camp-tree-house-215300.jpg\" target=\"_blank\" rel=\"noopener\"><img fetchpriority=\"high\" decoding=\"async\" class=\"wp-image-207961 size-full\" title=\"SX 3019 Adventure Camp Tree House\" src=\"https:\/\/pay.lpwstore.com\/wp-content\/uploads\/2021\/06\/sx-3019-adventure-camp-tree-house-215300.jpg\" alt=\"SX 3019 Adventure Camp Tree House\" width=\"800\" height=\"800\" \/><\/a><figcaption id=\"caption-attachment-207961\" class=\"wp-caption-text\">SX 3019 Adventure Camp Tree House<\/figcaption><\/figure>\n<figure id=\"attachment_207962\" aria-describedby=\"caption-attachment-207962\" style=\"width: 800px\" class=\"wp-caption aligncenter\"><img decoding=\"async\" class=\"size-full wp-image-207962\" title=\"SX 3019 Adventure Camp Tree House\" src=\"https:\/\/pay.lpwstore.com\/wp-content\/uploads\/2021\/06\/sx-3019-adventure-camp-tree-house-215306.jpg\" alt=\"SX 3019 Adventure Camp Tree House\" width=\"800\" height=\"800\" \/><figcaption id=\"caption-attachment-207962\" class=\"wp-caption-text\">SX 3019 Adventure Camp Tree House<\/figcaption><\/figure>\n<figure id=\"attachment_207963\" aria-describedby=\"caption-attachment-207963\" style=\"width: 800px\" class=\"wp-caption aligncenter\"><img decoding=\"async\" class=\"size-full wp-image-207963\" title=\"SX 3019 Adventure Camp Tree House\" src=\"https:\/\/pay.lpwstore.com\/wp-content\/uploads\/2021\/06\/sx-3019-adventure-camp-tree-house-215312.jpg\" alt=\"SX 3019 Adventure Camp Tree House\" width=\"800\" height=\"800\" \/><figcaption id=\"caption-attachment-207963\" class=\"wp-caption-text\">SX 3019 Adventure Camp Tree House<\/figcaption><\/figure>\n<figure id=\"attachment_207964\" aria-describedby=\"caption-attachment-207964\" style=\"width: 800px\" class=\"wp-caption aligncenter\"><img loading=\"lazy\" decoding=\"async\" class=\"size-full wp-image-207964\" title=\"SX 3019 Adventure Camp Tree House\" src=\"https:\/\/pay.lpwstore.com\/wp-content\/uploads\/2021\/06\/sx-3019-adventure-camp-tree-house-215319.jpg\" alt=\"SX 3019 Adventure Camp Tree House\" width=\"800\" height=\"800\" \/><figcaption id=\"caption-attachment-207964\" class=\"wp-caption-text\">SX 3019 Adventure Camp Tree House<\/figcaption><\/figure>","protected":false},"excerpt":{"rendered":"<ul>\n<li>Tartalmazza\u00a0<strong>768+<\/strong>\u00a0db<\/li>\n<li>K\u00e9zi haszn\u00e1lati \u00fatmutat\u00f3<\/li>\n<li>Kiv\u00e1l\u00f3 min\u0151s\u00e9g\u0171 ABS blokk<\/li>\n<li>Eredeti doboza nincs<\/li>\n<\/ul>","protected":false},"featured_media":18514,"comment_status":"open","ping_status":"closed","template":"","meta":{"_acf_changed":false},"product_cat":[],"product_tag":[],"class_list":["product","first","instock","shipping-taxable","purchasable","product-type-simple"],"acf":[],"_links":{"self":[{"href":"https:\/\/mouldking.store\/hu\/wp-json\/wp\/v2\/product\/18513","targetHints":{"allow":["GET"]}}],"collection":[{"href":"https:\/\/mouldking.store\/hu\/wp-json\/wp\/v2\/product"}],"about":[{"href":"https:\/\/mouldking.store\/hu\/wp-json\/wp\/v2\/types\/product"}],"replies":[{"embeddable":true,"href":"https:\/\/mouldking.store\/hu\/wp-json\/wp\/v2\/comments?post=18513"}],"wp:featuredmedia":[{"embeddable":true,"href":"https:\/\/mouldking.store\/hu\/wp-json\/wp\/v2\/media\/18514"}],"wp:attachment":[{"href":"https:\/\/mouldking.store\/hu\/wp-json\/wp\/v2\/media?parent=18513"}],"wp:term":[{"taxonomy":"product_cat","embeddable":true,"href":"https:\/\/mouldking.store\/hu\/wp-json\/wp\/v2\/product_cat?post=18513"},{"taxonomy":"product_tag","embeddable":true,"href":"https:\/\/mouldking.store\/hu\/wp-json\/wp\/v2\/product_tag?post=18513"}],"curies":[{"name":"wp","href":"https:\/\/api.w.org\/{rel}","templated":true}]}}