{"id":18523,"date":"2021-09-28T04:01:29","date_gmt":"2021-09-28T04:01:29","guid":{"rendered":"https:\/\/mouldking.store\/product\/sx-3010-heart-lake-city-summer-swimming-pool-1396055"},"modified":"2021-12-23T09:50:43","modified_gmt":"2021-12-23T09:50:43","slug":"sx-3010-heart-lake-city-summer-swimming-pool","status":"publish","type":"product","link":"https:\/\/mouldking.store\/hu\/shop\/sx-3010-heart-lake-city-summer-swimming-pool\/","title":{"rendered":"SX 3010 Heart Lake City Summer Swimming Pool"},"content":{"rendered":"<p>SX 3010 Heart Lake City Summer Swimming Pool belongs to the building block set of the girl series. The whole set contains 768 building block particles. First released in 2021.<\/p>\n<figure id=\"attachment_207971\" aria-describedby=\"caption-attachment-207971\" style=\"width: 800px\" class=\"wp-caption aligncenter\"><a href=\"https:\/\/pay.lpwstore.com\/wp-content\/uploads\/2021\/06\/sx-3010-heart-lake-city-summer-swimming-pool-220649.jpg\" target=\"_blank\" rel=\"noopener\"><img fetchpriority=\"high\" decoding=\"async\" class=\"wp-image-207971 size-full\" title=\"SX 3010 Heart Lake City Summer Swimming Pool\" src=\"https:\/\/pay.lpwstore.com\/wp-content\/uploads\/2021\/06\/sx-3010-heart-lake-city-summer-swimming-pool-220649.jpg\" alt=\"SX 3010 Heart Lake City Summer Swimming Pool\" width=\"800\" height=\"800\" \/><\/a><figcaption id=\"caption-attachment-207971\" class=\"wp-caption-text\">SX 3010 Heart Lake City Summer Swimming Pool<\/figcaption><\/figure>\n<figure id=\"attachment_207972\" aria-describedby=\"caption-attachment-207972\" style=\"width: 800px\" class=\"wp-caption aligncenter\"><img decoding=\"async\" class=\"size-full wp-image-207972\" title=\"SX 3010 Heart Lake City Summer Swimming Pool\" src=\"https:\/\/pay.lpwstore.com\/wp-content\/uploads\/2021\/06\/sx-3010-heart-lake-city-summer-swimming-pool-220659.jpg\" alt=\"SX 3010 Heart Lake City Summer Swimming Pool\" width=\"800\" height=\"800\" \/><figcaption id=\"caption-attachment-207972\" class=\"wp-caption-text\">SX 3010 Heart Lake City Summer Swimming Pool<\/figcaption><\/figure>\n<figure id=\"attachment_207973\" aria-describedby=\"caption-attachment-207973\" style=\"width: 800px\" class=\"wp-caption aligncenter\"><img decoding=\"async\" class=\"size-full wp-image-207973\" title=\"SX 3010 Heart Lake City Summer Swimming Pool\" src=\"https:\/\/pay.lpwstore.com\/wp-content\/uploads\/2021\/06\/sx-3010-heart-lake-city-summer-swimming-pool-220707.jpg\" alt=\"SX 3010 Heart Lake City Summer Swimming Pool\" width=\"800\" height=\"800\" \/><figcaption id=\"caption-attachment-207973\" class=\"wp-caption-text\">SX 3010 Heart Lake City Summer Swimming Pool<\/figcaption><\/figure>\n<figure id=\"attachment_207974\" aria-describedby=\"caption-attachment-207974\" style=\"width: 800px\" class=\"wp-caption aligncenter\"><img loading=\"lazy\" decoding=\"async\" class=\"size-full wp-image-207974\" title=\"SX 3010 Heart Lake City Summer Swimming Pool\" src=\"https:\/\/pay.lpwstore.com\/wp-content\/uploads\/2021\/06\/sx-3010-heart-lake-city-summer-swimming-pool-220714.jpg\" alt=\"SX 3010 Heart Lake City Summer Swimming Pool\" width=\"800\" height=\"800\" \/><figcaption id=\"caption-attachment-207974\" class=\"wp-caption-text\">SX 3010 Heart Lake City Summer Swimming Pool<\/figcaption><\/figure>","protected":false},"excerpt":{"rendered":"<ul>\n<li>Tartalmazza\u00a0<strong>768+<\/strong>\u00a0db<\/li>\n<li>K\u00e9zi haszn\u00e1lati \u00fatmutat\u00f3<\/li>\n<li>Kiv\u00e1l\u00f3 min\u0151s\u00e9g\u0171 ABS blokk<\/li>\n<li>Eredeti doboza nincs<\/li>\n<\/ul>","protected":false},"featured_media":18524,"comment_status":"open","ping_status":"closed","template":"","meta":{"_acf_changed":false},"product_cat":[],"product_tag":[],"class_list":["product","first","instock","shipping-taxable","purchasable","product-type-simple"],"acf":[],"_links":{"self":[{"href":"https:\/\/mouldking.store\/hu\/wp-json\/wp\/v2\/product\/18523","targetHints":{"allow":["GET"]}}],"collection":[{"href":"https:\/\/mouldking.store\/hu\/wp-json\/wp\/v2\/product"}],"about":[{"href":"https:\/\/mouldking.store\/hu\/wp-json\/wp\/v2\/types\/product"}],"replies":[{"embeddable":true,"href":"https:\/\/mouldking.store\/hu\/wp-json\/wp\/v2\/comments?post=18523"}],"wp:featuredmedia":[{"embeddable":true,"href":"https:\/\/mouldking.store\/hu\/wp-json\/wp\/v2\/media\/18524"}],"wp:attachment":[{"href":"https:\/\/mouldking.store\/hu\/wp-json\/wp\/v2\/media?parent=18523"}],"wp:term":[{"taxonomy":"product_cat","embeddable":true,"href":"https:\/\/mouldking.store\/hu\/wp-json\/wp\/v2\/product_cat?post=18523"},{"taxonomy":"product_tag","embeddable":true,"href":"https:\/\/mouldking.store\/hu\/wp-json\/wp\/v2\/product_tag?post=18523"}],"curies":[{"name":"wp","href":"https:\/\/api.w.org\/{rel}","templated":true}]}}