{"id":18528,"date":"2021-09-28T04:01:33","date_gmt":"2021-09-28T04:01:33","guid":{"rendered":"https:\/\/mouldking.store\/product\/kazi-ky-83001-aerospace-long-march-2-launch-operator-station-3926016"},"modified":"2021-12-23T09:50:42","modified_gmt":"2021-12-23T09:50:42","slug":"kazi-ky-83001-aerospace-long-march-2-launch-operator-station","status":"publish","type":"product","link":"https:\/\/mouldking.store\/hu\/shop\/kazi-ky-83001-aerospace-long-march-2-launch-operator-station\/","title":{"rendered":"KAZI KY 83001 Aerospace Long March 2 Launch Operator Station"},"content":{"rendered":"<p>KAZI KY 83001 Aerospace Long March 2 Launch Operator Station belong to the space series building block set. The whole set contains 1137 building block particles. First released in 2021.<\/p>\n<figure id=\"attachment_207976\" aria-describedby=\"caption-attachment-207976\" style=\"width: 800px\" class=\"wp-caption aligncenter\"><a href=\"https:\/\/pay.lpwstore.com\/wp-content\/uploads\/2021\/06\/kazi-ky-83001-aerospace-long-march-2-launch-operator-station-224332.jpg\" target=\"_blank\" rel=\"noopener\"><img fetchpriority=\"high\" decoding=\"async\" class=\"wp-image-207976 size-full\" title=\"KAZI KY 83001 Aerospace Long March 2 Launch Operator Station\" src=\"https:\/\/pay.lpwstore.com\/wp-content\/uploads\/2021\/06\/kazi-ky-83001-aerospace-long-march-2-launch-operator-station-224332.jpg\" alt=\"KAZI KY 83001 Aerospace Long March 2 Launch Operator Station\" width=\"800\" height=\"800\" \/><\/a><figcaption id=\"caption-attachment-207976\" class=\"wp-caption-text\">KAZI KY 83001 Aerospace Long March 2 Launch Operator Station<\/figcaption><\/figure>\n<figure id=\"attachment_207977\" aria-describedby=\"caption-attachment-207977\" style=\"width: 800px\" class=\"wp-caption aligncenter\"><img decoding=\"async\" class=\"size-full wp-image-207977\" title=\"KAZI KY 83001 Aerospace Long March 2 Launch Operator Station\" src=\"https:\/\/pay.lpwstore.com\/wp-content\/uploads\/2021\/06\/kazi-ky-83001-aerospace-long-march-2-launch-operator-station-224337.jpg\" alt=\"KAZI KY 83001 Aerospace Long March 2 Launch Operator Station\" width=\"800\" height=\"800\" \/><figcaption id=\"caption-attachment-207977\" class=\"wp-caption-text\">KAZI KY 83001 Aerospace Long March 2 Launch Operator Station<\/figcaption><\/figure>\n<figure id=\"attachment_207978\" aria-describedby=\"caption-attachment-207978\" style=\"width: 800px\" class=\"wp-caption aligncenter\"><img decoding=\"async\" class=\"size-full wp-image-207978\" title=\"KAZI KY 83001 Aerospace Long March 2 Launch Operator Station\" src=\"https:\/\/pay.lpwstore.com\/wp-content\/uploads\/2021\/06\/kazi-ky-83001-aerospace-long-march-2-launch-operator-station-224340.jpg\" alt=\"KAZI KY 83001 Aerospace Long March 2 Launch Operator Station\" width=\"800\" height=\"800\" \/><figcaption id=\"caption-attachment-207978\" class=\"wp-caption-text\">KAZI KY 83001 Aerospace Long March 2 Launch Operator Station<\/figcaption><\/figure>\n<figure id=\"attachment_207979\" aria-describedby=\"caption-attachment-207979\" style=\"width: 800px\" class=\"wp-caption aligncenter\"><img loading=\"lazy\" decoding=\"async\" class=\"size-full wp-image-207979\" title=\"KAZI KY 83001 Aerospace Long March 2 Launch Operator Station\" src=\"https:\/\/pay.lpwstore.com\/wp-content\/uploads\/2021\/06\/kazi-ky-83001-aerospace-long-march-2-launch-operator-station-224343.jpg\" alt=\"KAZI KY 83001 Aerospace Long March 2 Launch Operator Station\" width=\"800\" height=\"800\" \/><figcaption id=\"caption-attachment-207979\" class=\"wp-caption-text\">KAZI KY 83001 Aerospace Long March 2 Launch Operator Station<\/figcaption><\/figure>","protected":false},"excerpt":{"rendered":"<ul>\n<li>Tartalmazza <strong>822+<\/strong> db<\/li>\n<li>K\u00e9zi haszn\u00e1lati \u00fatmutat\u00f3<\/li>\n<li>Kiv\u00e1l\u00f3 min\u0151s\u00e9g\u0171 ABS blokk<\/li>\n<\/ul>","protected":false},"featured_media":18529,"comment_status":"open","ping_status":"closed","template":"","meta":{"_acf_changed":false},"product_cat":[],"product_tag":[],"class_list":["product","first","instock","shipping-taxable","purchasable","product-type-simple"],"acf":[],"_links":{"self":[{"href":"https:\/\/mouldking.store\/hu\/wp-json\/wp\/v2\/product\/18528","targetHints":{"allow":["GET"]}}],"collection":[{"href":"https:\/\/mouldking.store\/hu\/wp-json\/wp\/v2\/product"}],"about":[{"href":"https:\/\/mouldking.store\/hu\/wp-json\/wp\/v2\/types\/product"}],"replies":[{"embeddable":true,"href":"https:\/\/mouldking.store\/hu\/wp-json\/wp\/v2\/comments?post=18528"}],"wp:featuredmedia":[{"embeddable":true,"href":"https:\/\/mouldking.store\/hu\/wp-json\/wp\/v2\/media\/18529"}],"wp:attachment":[{"href":"https:\/\/mouldking.store\/hu\/wp-json\/wp\/v2\/media?parent=18528"}],"wp:term":[{"taxonomy":"product_cat","embeddable":true,"href":"https:\/\/mouldking.store\/hu\/wp-json\/wp\/v2\/product_cat?post=18528"},{"taxonomy":"product_tag","embeddable":true,"href":"https:\/\/mouldking.store\/hu\/wp-json\/wp\/v2\/product_tag?post=18528"}],"curies":[{"name":"wp","href":"https:\/\/api.w.org\/{rel}","templated":true}]}}