{"id":18580,"date":"2021-09-28T04:02:17","date_gmt":"2021-09-28T04:02:17","guid":{"rendered":"https:\/\/mouldking.store\/product\/sembo-601142c-hong-kong-street-view-4768596"},"modified":"2021-12-23T09:50:41","modified_gmt":"2021-12-23T09:50:41","slug":"sembo-601142c-hong-kong-street-view","status":"publish","type":"product","link":"https:\/\/mouldking.store\/hu\/shop\/sembo-601142c-hong-kong-street-view\/","title":{"rendered":"SEMBO 601142C Hong Kong Street View"},"content":{"rendered":"<p>SEMBO 601142C Hong Kong Street View belongs to the Modular Building series building block set, the whole set contains 4039 building block particles.<\/p>\n<figure id=\"attachment_208782\" aria-describedby=\"caption-attachment-208782\" style=\"width: 800px\" class=\"wp-caption aligncenter\"><img fetchpriority=\"high\" decoding=\"async\" class=\"size-full wp-image-208782\" title=\"SEMBO 601142C Hong Kong Street View\" src=\"https:\/\/pay.lpwstore.com\/wp-content\/uploads\/2021\/06\/sembo-601142c-hong-kong-street-view-213720.jpg\" alt=\"SEMBO 601142C Hong Kong Street View\" width=\"800\" height=\"800\" \/><figcaption id=\"caption-attachment-208782\" class=\"wp-caption-text\">SEMBO 601142C Hong Kong Street View<\/figcaption><\/figure>\n<figure id=\"attachment_208783\" aria-describedby=\"caption-attachment-208783\" style=\"width: 800px\" class=\"wp-caption aligncenter\"><img decoding=\"async\" class=\"size-full wp-image-208783\" title=\"SEMBO 601142C Hong Kong Street View\" src=\"https:\/\/pay.lpwstore.com\/wp-content\/uploads\/2021\/06\/sembo-601142c-hong-kong-street-view-213721.jpg\" alt=\"SEMBO 601142C Hong Kong Street View\" width=\"800\" height=\"800\" \/><figcaption id=\"caption-attachment-208783\" class=\"wp-caption-text\">SEMBO 601142C Hong Kong Street View<\/figcaption><\/figure>\n<figure id=\"attachment_208784\" aria-describedby=\"caption-attachment-208784\" style=\"width: 800px\" class=\"wp-caption aligncenter\"><img decoding=\"async\" class=\"size-full wp-image-208784\" title=\"SEMBO 601142C Hong Kong Street View\" src=\"https:\/\/pay.lpwstore.com\/wp-content\/uploads\/2021\/06\/sembo-601142c-hong-kong-street-view-213722.jpg\" alt=\"SEMBO 601142C Hong Kong Street View\" width=\"800\" height=\"800\" \/><figcaption id=\"caption-attachment-208784\" class=\"wp-caption-text\">SEMBO 601142C Hong Kong Street View<\/figcaption><\/figure>\n<figure id=\"attachment_208785\" aria-describedby=\"caption-attachment-208785\" style=\"width: 800px\" class=\"wp-caption aligncenter\"><img loading=\"lazy\" decoding=\"async\" class=\"size-full wp-image-208785\" title=\"SEMBO 601142C Hong Kong Street View\" src=\"https:\/\/pay.lpwstore.com\/wp-content\/uploads\/2021\/06\/sembo-601142c-hong-kong-street-view-213723.jpg\" alt=\"SEMBO 601142C Hong Kong Street View\" width=\"800\" height=\"800\" \/><figcaption id=\"caption-attachment-208785\" class=\"wp-caption-text\">SEMBO 601142C Hong Kong Street View<\/figcaption><\/figure>\n<p>&nbsp;<\/p>","protected":false},"excerpt":{"rendered":"<ul>\n<li>Tartalmazza <strong>4039+<\/strong> db<\/li>\n<li>K\u00e9zi haszn\u00e1lati \u00fatmutat\u00f3<\/li>\n<li>Kiv\u00e1l\u00f3 min\u0151s\u00e9g\u0171 ABS blokk<\/li>\n<\/ul>","protected":false},"featured_media":18581,"comment_status":"open","ping_status":"closed","template":"","meta":{"_acf_changed":false},"product_cat":[],"product_tag":[],"class_list":["product","first","instock","shipping-taxable","purchasable","product-type-simple"],"acf":[],"_links":{"self":[{"href":"https:\/\/mouldking.store\/hu\/wp-json\/wp\/v2\/product\/18580","targetHints":{"allow":["GET"]}}],"collection":[{"href":"https:\/\/mouldking.store\/hu\/wp-json\/wp\/v2\/product"}],"about":[{"href":"https:\/\/mouldking.store\/hu\/wp-json\/wp\/v2\/types\/product"}],"replies":[{"embeddable":true,"href":"https:\/\/mouldking.store\/hu\/wp-json\/wp\/v2\/comments?post=18580"}],"wp:featuredmedia":[{"embeddable":true,"href":"https:\/\/mouldking.store\/hu\/wp-json\/wp\/v2\/media\/18581"}],"wp:attachment":[{"href":"https:\/\/mouldking.store\/hu\/wp-json\/wp\/v2\/media?parent=18580"}],"wp:term":[{"taxonomy":"product_cat","embeddable":true,"href":"https:\/\/mouldking.store\/hu\/wp-json\/wp\/v2\/product_cat?post=18580"},{"taxonomy":"product_tag","embeddable":true,"href":"https:\/\/mouldking.store\/hu\/wp-json\/wp\/v2\/product_tag?post=18580"}],"curies":[{"name":"wp","href":"https:\/\/api.w.org\/{rel}","templated":true}]}}