{"id":18597,"date":"2021-09-28T04:02:30","date_gmt":"2021-09-28T04:02:30","guid":{"rendered":"https:\/\/mouldking.store\/product\/juhang-86012-garden-street-europe-lighting-effect-9629513"},"modified":"2021-12-23T09:50:40","modified_gmt":"2021-12-23T09:50:40","slug":"juhang-86012-garden-street-europe-lighting-effect","status":"publish","type":"product","link":"https:\/\/mouldking.store\/hu\/shop\/juhang-86012-garden-street-europe-lighting-effect\/","title":{"rendered":"JUHANG 86012 Garden Street Europe Lighting Effect"},"content":{"rendered":"<p>JUHANG 86012 Garden Street Europe Lighting Effect belongs to the Modular Building series building block set, the whole set contains 1914 building block particles.<\/p>\n<figure id=\"attachment_208804\" aria-describedby=\"caption-attachment-208804\" style=\"width: 800px\" class=\"wp-caption aligncenter\"><img fetchpriority=\"high\" decoding=\"async\" class=\"size-full wp-image-208804\" title=\"JUHANG 86012 Garden Street Europe Lighting Effect\" src=\"https:\/\/pay.lpwstore.com\/wp-content\/uploads\/2021\/06\/juhang-86012-garden-street-europe-lighting-effect-221743.jpg\" alt=\"JUHANG 86012 Garden Street Europe Lighting Effect\" width=\"800\" height=\"800\" \/><figcaption id=\"caption-attachment-208804\" class=\"wp-caption-text\">JUHANG 86012 Garden Street Europe Lighting Effect<\/figcaption><\/figure>\n<figure id=\"attachment_208805\" aria-describedby=\"caption-attachment-208805\" style=\"width: 800px\" class=\"wp-caption aligncenter\"><img decoding=\"async\" class=\"size-full wp-image-208805\" title=\"JUHANG 86012 Garden Street Europe Lighting Effect\" src=\"https:\/\/pay.lpwstore.com\/wp-content\/uploads\/2021\/06\/juhang-86012-garden-street-europe-lighting-effect-221752.jpg\" alt=\"JUHANG 86012 Garden Street Europe Lighting Effect\" width=\"800\" height=\"800\" \/><figcaption id=\"caption-attachment-208805\" class=\"wp-caption-text\">JUHANG 86012 Garden Street Europe Lighting Effect<\/figcaption><\/figure>\n<figure id=\"attachment_208806\" aria-describedby=\"caption-attachment-208806\" style=\"width: 800px\" class=\"wp-caption aligncenter\"><img decoding=\"async\" class=\"size-full wp-image-208806\" title=\"JUHANG 86012 Garden Street Europe Lighting Effect\" src=\"https:\/\/pay.lpwstore.com\/wp-content\/uploads\/2021\/06\/juhang-86012-garden-street-europe-lighting-effect-221758.jpg\" alt=\"JUHANG 86012 Garden Street Europe Lighting Effect\" width=\"800\" height=\"800\" \/><figcaption id=\"caption-attachment-208806\" class=\"wp-caption-text\">JUHANG 86012 Garden Street Europe Lighting Effect<\/figcaption><\/figure>\n<figure id=\"attachment_208807\" aria-describedby=\"caption-attachment-208807\" style=\"width: 800px\" class=\"wp-caption aligncenter\"><img loading=\"lazy\" decoding=\"async\" class=\"size-full wp-image-208807\" title=\"JUHANG 86012 Garden Street Europe Lighting Effect\" src=\"https:\/\/pay.lpwstore.com\/wp-content\/uploads\/2021\/06\/juhang-86012-garden-street-europe-lighting-effect-221805.jpg\" alt=\"JUHANG 86012 Garden Street Europe Lighting Effect\" width=\"800\" height=\"800\" \/><figcaption id=\"caption-attachment-208807\" class=\"wp-caption-text\">JUHANG 86012 Garden Street Europe Lighting Effect<\/figcaption><\/figure>","protected":false},"excerpt":{"rendered":"<ul>\n<li>Tartalmazza\u00a0<strong>1914 <\/strong>\u00a0db<\/li>\n<li>K\u00e9zi haszn\u00e1lati \u00fatmutat\u00f3<\/li>\n<li>Kiv\u00e1l\u00f3 min\u0151s\u00e9g\u0171 ABS blokk<\/li>\n<li>Eredeti doboza nincs<\/li>\n<\/ul>","protected":false},"featured_media":18598,"comment_status":"open","ping_status":"closed","template":"","meta":{"_acf_changed":false},"product_cat":[],"product_tag":[],"class_list":["product","first","instock","shipping-taxable","purchasable","product-type-simple"],"acf":[],"_links":{"self":[{"href":"https:\/\/mouldking.store\/hu\/wp-json\/wp\/v2\/product\/18597","targetHints":{"allow":["GET"]}}],"collection":[{"href":"https:\/\/mouldking.store\/hu\/wp-json\/wp\/v2\/product"}],"about":[{"href":"https:\/\/mouldking.store\/hu\/wp-json\/wp\/v2\/types\/product"}],"replies":[{"embeddable":true,"href":"https:\/\/mouldking.store\/hu\/wp-json\/wp\/v2\/comments?post=18597"}],"wp:featuredmedia":[{"embeddable":true,"href":"https:\/\/mouldking.store\/hu\/wp-json\/wp\/v2\/media\/18598"}],"wp:attachment":[{"href":"https:\/\/mouldking.store\/hu\/wp-json\/wp\/v2\/media?parent=18597"}],"wp:term":[{"taxonomy":"product_cat","embeddable":true,"href":"https:\/\/mouldking.store\/hu\/wp-json\/wp\/v2\/product_cat?post=18597"},{"taxonomy":"product_tag","embeddable":true,"href":"https:\/\/mouldking.store\/hu\/wp-json\/wp\/v2\/product_tag?post=18597"}],"curies":[{"name":"wp","href":"https:\/\/api.w.org\/{rel}","templated":true}]}}