{"id":18607,"date":"2021-09-28T04:02:34","date_gmt":"2021-09-28T04:02:34","guid":{"rendered":"https:\/\/mouldking.store\/product\/sy-8613-ferrari-488-gte-super-car-6634702"},"modified":"2021-10-11T02:53:43","modified_gmt":"2021-10-11T02:53:43","slug":"sy-8613-ferrari-488-gte-super-car","status":"publish","type":"product","link":"https:\/\/mouldking.store\/hu\/shop\/sy-8613-ferrari-488-gte-super-car\/","title":{"rendered":"SY 8613 Ferrari 488 GTE Super Car"},"content":{"rendered":"<p>SY 8613 Ferrari 488 GTE Super Car belongs to the Modular Building series building block set, the whole set contains 1206 building block particles.<\/p>\n<figure id=\"attachment_209052\" aria-describedby=\"caption-attachment-209052\" style=\"width: 800px\" class=\"wp-caption aligncenter\"><img fetchpriority=\"high\" decoding=\"async\" class=\"size-full wp-image-209052\" title=\"SY 8613 Ferrari 488 GTE Super Car\" src=\"https:\/\/pay.lpwstore.com\/wp-content\/uploads\/2021\/06\/sy-8613-ferrari-488-gte-super-car-213929.jpg\" alt=\"SY 8613 Ferrari 488 GTE Super Car\" width=\"800\" height=\"800\" \/><figcaption id=\"caption-attachment-209052\" class=\"wp-caption-text\">SY 8613 Ferrari 488 GTE Super Car<\/figcaption><\/figure>\n<figure id=\"attachment_209053\" aria-describedby=\"caption-attachment-209053\" style=\"width: 800px\" class=\"wp-caption aligncenter\"><img decoding=\"async\" class=\"size-full wp-image-209053\" title=\"SY 8613 Ferrari 488 GTE Super Car\" src=\"https:\/\/pay.lpwstore.com\/wp-content\/uploads\/2021\/06\/sy-8613-ferrari-488-gte-super-car-213942.jpg\" alt=\"SY 8613 Ferrari 488 GTE Super Car\" width=\"800\" height=\"800\" \/><figcaption id=\"caption-attachment-209053\" class=\"wp-caption-text\">SY 8613 Ferrari 488 GTE Super Car<\/figcaption><\/figure>\n<figure id=\"attachment_209054\" aria-describedby=\"caption-attachment-209054\" style=\"width: 800px\" class=\"wp-caption aligncenter\"><img decoding=\"async\" class=\"size-full wp-image-209054\" title=\"SY 8613 Ferrari 488 GTE Super Car\" src=\"https:\/\/pay.lpwstore.com\/wp-content\/uploads\/2021\/06\/sy-8613-ferrari-488-gte-super-car-213950.jpg\" alt=\"SY 8613 Ferrari 488 GTE Super Car\" width=\"800\" height=\"800\" \/><figcaption id=\"caption-attachment-209054\" class=\"wp-caption-text\">SY 8613 Ferrari 488 GTE Super Car<\/figcaption><\/figure>\n<figure id=\"attachment_209055\" aria-describedby=\"caption-attachment-209055\" style=\"width: 800px\" class=\"wp-caption aligncenter\"><img loading=\"lazy\" decoding=\"async\" class=\"size-full wp-image-209055\" title=\"SY 8613 Ferrari 488 GTE Super Car\" src=\"https:\/\/pay.lpwstore.com\/wp-content\/uploads\/2021\/06\/sy-8613-ferrari-488-gte-super-car-213958.jpg\" alt=\"SY 8613 Ferrari 488 GTE Super Car\" width=\"800\" height=\"800\" \/><figcaption id=\"caption-attachment-209055\" class=\"wp-caption-text\">SY 8613 Ferrari 488 GTE Super Car<\/figcaption><\/figure>\n<figure id=\"attachment_209056\" aria-describedby=\"caption-attachment-209056\" style=\"width: 800px\" class=\"wp-caption aligncenter\"><img loading=\"lazy\" decoding=\"async\" class=\"size-full wp-image-209056\" title=\"SY 8613 Ferrari 488 GTE Super Car\" src=\"https:\/\/pay.lpwstore.com\/wp-content\/uploads\/2021\/06\/sy-8613-ferrari-488-gte-super-car-214046.jpg\" alt=\"SY 8613 Ferrari 488 GTE Super Car\" width=\"800\" height=\"800\" \/><figcaption id=\"caption-attachment-209056\" class=\"wp-caption-text\">SY 8613 Ferrari 488 GTE Super Car<\/figcaption><\/figure>","protected":false},"excerpt":{"rendered":"<ul>\n<li>Tartalmazza <strong>1206+<\/strong> db<\/li>\n<li>K\u00e9zi haszn\u00e1lati \u00fatmutat\u00f3<\/li>\n<li>Kiv\u00e1l\u00f3 min\u0151s\u00e9g\u0171 ABS blokk<\/li>\n<\/ul>","protected":false},"featured_media":18608,"comment_status":"open","ping_status":"closed","template":"","meta":{"_acf_changed":false},"product_cat":[],"product_tag":[],"class_list":["product","first","outofstock","shipping-taxable","purchasable","product-type-variable","has-default-attributes"],"acf":[],"_links":{"self":[{"href":"https:\/\/mouldking.store\/hu\/wp-json\/wp\/v2\/product\/18607","targetHints":{"allow":["GET"]}}],"collection":[{"href":"https:\/\/mouldking.store\/hu\/wp-json\/wp\/v2\/product"}],"about":[{"href":"https:\/\/mouldking.store\/hu\/wp-json\/wp\/v2\/types\/product"}],"replies":[{"embeddable":true,"href":"https:\/\/mouldking.store\/hu\/wp-json\/wp\/v2\/comments?post=18607"}],"wp:featuredmedia":[{"embeddable":true,"href":"https:\/\/mouldking.store\/hu\/wp-json\/wp\/v2\/media\/18608"}],"wp:attachment":[{"href":"https:\/\/mouldking.store\/hu\/wp-json\/wp\/v2\/media?parent=18607"}],"wp:term":[{"taxonomy":"product_cat","embeddable":true,"href":"https:\/\/mouldking.store\/hu\/wp-json\/wp\/v2\/product_cat?post=18607"},{"taxonomy":"product_tag","embeddable":true,"href":"https:\/\/mouldking.store\/hu\/wp-json\/wp\/v2\/product_tag?post=18607"}],"curies":[{"name":"wp","href":"https:\/\/api.w.org\/{rel}","templated":true}]}}