{"id":18627,"date":"2021-09-28T04:02:55","date_gmt":"2021-09-28T04:02:55","guid":{"rendered":"https:\/\/mouldking.store\/product\/18k-k20004-executor-class-super-star-destroyer-3214267"},"modified":"2021-12-23T09:50:40","modified_gmt":"2021-12-23T09:50:40","slug":"18k-k20004-executor-class-super-star-destroyer","status":"publish","type":"product","link":"https:\/\/mouldking.store\/hu\/shop\/18k-k20004-executor-class-super-star-destroyer\/","title":{"rendered":"18K K20004 Executor-Class Super Star-Destroyer"},"content":{"rendered":"<p style=\"text-align: left;\"><span>18K K20004 Executor-Class Super Star-Destroyer belongs to the Star Wars series building block set, the entire set contains 2131 building block particles. <\/span><span>El\u0151sz\u00f6r 2021-ben jelent meg.<\/span><\/p>\n<figure id=\"attachment_209135\" aria-describedby=\"caption-attachment-209135\" style=\"width: 800px\" class=\"wp-caption aligncenter\"><a href=\"https:\/\/pay.lpwstore.com\/wp-content\/uploads\/2021\/06\/18K-K20004-Executor-Class-Super-Star-Destroyer.jpg\" target=\"_blank\" rel=\"noopener\"><img fetchpriority=\"high\" decoding=\"async\" class=\"wp-image-209135 size-full\" title=\"18K K20004 Executor-Class Super Star-Destroyer\" src=\"https:\/\/pay.lpwstore.com\/wp-content\/uploads\/2021\/06\/18K-K20004-Executor-Class-Super-Star-Destroyer.jpg\" alt=\"18K K20004 Executor-Class Super Star-Destroyer\" width=\"800\" height=\"800\" \/><\/a><figcaption id=\"caption-attachment-209135\" class=\"wp-caption-text\">18K K20004 Executor-Class Super Star-Destroyer<\/figcaption><\/figure>\n<p><img decoding=\"async\" class=\"alignnone size-medium wp-image-209136 aligncenter\" src=\"https:\/\/pay.lpwstore.com\/wp-content\/uploads\/2021\/06\/18K-K20004-Executor-Class-Super-Star-Destroyer-2.jpg\" alt=\"-\" width=\"800\" height=\"800\" title=\"-\"> <img decoding=\"async\" class=\"alignnone size-medium wp-image-209137 aligncenter\" src=\"https:\/\/pay.lpwstore.com\/wp-content\/uploads\/2021\/06\/18K-K20004-Executor-Class-Super-Star-Destroyer-3.jpg\" alt=\"-\" width=\"800\" height=\"800\" title=\"-\"> <img loading=\"lazy\" decoding=\"async\" class=\"alignnone size-medium wp-image-209138 aligncenter\" src=\"https:\/\/pay.lpwstore.com\/wp-content\/uploads\/2021\/06\/18K-K20004-Executor-Class-Super-Star-Destroyer-4.jpg\" alt=\"-\" width=\"800\" height=\"800\" title=\"-\"> <img loading=\"lazy\" decoding=\"async\" class=\"alignnone size-medium wp-image-209139 aligncenter\" src=\"https:\/\/pay.lpwstore.com\/wp-content\/uploads\/2021\/06\/18K-K20004-Executor-Class-Super-Star-Destroyer-5.jpg\" alt=\"-\" width=\"800\" height=\"800\" title=\"-\"><\/p>","protected":false},"excerpt":{"rendered":"<ul>\n<li>Tartalmazza <strong>2116+<\/strong> db<\/li>\n<li>K\u00e9zi haszn\u00e1lati \u00fatmutat\u00f3<\/li>\n<li>Kiv\u00e1l\u00f3 min\u0151s\u00e9g\u0171 ABS blokk<\/li>\n<\/ul>","protected":false},"featured_media":18628,"comment_status":"open","ping_status":"closed","template":"","meta":{"_acf_changed":false},"product_cat":[],"product_tag":[],"class_list":["product","first","instock","shipping-taxable","purchasable","product-type-simple"],"acf":[],"_links":{"self":[{"href":"https:\/\/mouldking.store\/hu\/wp-json\/wp\/v2\/product\/18627","targetHints":{"allow":["GET"]}}],"collection":[{"href":"https:\/\/mouldking.store\/hu\/wp-json\/wp\/v2\/product"}],"about":[{"href":"https:\/\/mouldking.store\/hu\/wp-json\/wp\/v2\/types\/product"}],"replies":[{"embeddable":true,"href":"https:\/\/mouldking.store\/hu\/wp-json\/wp\/v2\/comments?post=18627"}],"wp:featuredmedia":[{"embeddable":true,"href":"https:\/\/mouldking.store\/hu\/wp-json\/wp\/v2\/media\/18628"}],"wp:attachment":[{"href":"https:\/\/mouldking.store\/hu\/wp-json\/wp\/v2\/media?parent=18627"}],"wp:term":[{"taxonomy":"product_cat","embeddable":true,"href":"https:\/\/mouldking.store\/hu\/wp-json\/wp\/v2\/product_cat?post=18627"},{"taxonomy":"product_tag","embeddable":true,"href":"https:\/\/mouldking.store\/hu\/wp-json\/wp\/v2\/product_tag?post=18627"}],"curies":[{"name":"wp","href":"https:\/\/api.w.org\/{rel}","templated":true}]}}