{"id":18655,"date":"2021-09-28T04:03:17","date_gmt":"2021-09-28T04:03:17","guid":{"rendered":"https:\/\/mouldking.store\/product\/kazi-ky2014-tourism-and-cultural-creation-xian-bell-tower-8782122"},"modified":"2021-12-23T09:50:40","modified_gmt":"2021-12-23T09:50:40","slug":"kazi-ky2014-tourism-and-cultural-creation-xian-bell-tower","status":"publish","type":"product","link":"https:\/\/mouldking.store\/hu\/shop\/kazi-ky2014-tourism-and-cultural-creation-xian-bell-tower\/","title":{"rendered":"KAZI KY2014 Tourism and Cultural Creation: Xi&#8217;an Bell Tower"},"content":{"rendered":"<p>KAZI KY2014 Tourism and Cultural Creation: Xi&#8217;an Bell Tower belongs to the advanced model series building block set, the whole set contains 1410 building block particles. First released in 2021.<\/p>\n<figure id=\"attachment_209156\" aria-describedby=\"caption-attachment-209156\" style=\"width: 800px\" class=\"wp-caption aligncenter\"><a href=\"https:\/\/pay.lpwstore.com\/wp-content\/uploads\/2021\/06\/kazi-ky2014-tourism-and-cultural-creation-xian-bell-tower-225806.jpg\" target=\"_blank\" rel=\"noopener\"><img fetchpriority=\"high\" decoding=\"async\" class=\"wp-image-209156 size-full\" title=\"KAZI KY2014 Tourism and Cultural Creation: Xi'an Bell Tower\" src=\"https:\/\/pay.lpwstore.com\/wp-content\/uploads\/2021\/06\/kazi-ky2014-tourism-and-cultural-creation-xian-bell-tower-225806.jpg\" alt=\"KAZI KY2014 Tourism and Cultural Creation: Xi'an Bell Tower\" width=\"800\" height=\"800\" \/><\/a><figcaption id=\"caption-attachment-209156\" class=\"wp-caption-text\">KAZI KY2014 Tourism and Cultural Creation: Xi&#8217;an Bell Tower<\/figcaption><\/figure>\n<figure id=\"attachment_209157\" aria-describedby=\"caption-attachment-209157\" style=\"width: 800px\" class=\"wp-caption aligncenter\"><img decoding=\"async\" class=\"size-full wp-image-209157\" title=\"KAZI KY2014 Tourism and Cultural Creation: Xi'an Bell Tower\" src=\"https:\/\/pay.lpwstore.com\/wp-content\/uploads\/2021\/06\/kazi-ky2014-tourism-and-cultural-creation-xian-bell-tower-225807.jpg\" alt=\"KAZI KY2014 Tourism and Cultural Creation: Xi'an Bell Tower\" width=\"800\" height=\"800\" \/><figcaption id=\"caption-attachment-209157\" class=\"wp-caption-text\">KAZI KY2014 Tourism and Cultural Creation: Xi&#8217;an Bell Tower<\/figcaption><\/figure>\n<figure id=\"attachment_209158\" aria-describedby=\"caption-attachment-209158\" style=\"width: 800px\" class=\"wp-caption aligncenter\"><img decoding=\"async\" class=\"size-full wp-image-209158\" title=\"KAZI KY2014 Tourism and Cultural Creation: Xi'an Bell Tower\" src=\"https:\/\/pay.lpwstore.com\/wp-content\/uploads\/2021\/06\/kazi-ky2014-tourism-and-cultural-creation-xian-bell-tower-225809.jpg\" alt=\"KAZI KY2014 Tourism and Cultural Creation: Xi'an Bell Tower\" width=\"800\" height=\"800\" \/><figcaption id=\"caption-attachment-209158\" class=\"wp-caption-text\">KAZI KY2014 Tourism and Cultural Creation: Xi&#8217;an Bell Tower<\/figcaption><\/figure>\n<figure id=\"attachment_209159\" aria-describedby=\"caption-attachment-209159\" style=\"width: 800px\" class=\"wp-caption aligncenter\"><img loading=\"lazy\" decoding=\"async\" class=\"size-full wp-image-209159\" title=\"KAZI KY2014 Tourism and Cultural Creation: Xi'an Bell Tower\" src=\"https:\/\/pay.lpwstore.com\/wp-content\/uploads\/2021\/06\/kazi-ky2014-tourism-and-cultural-creation-xian-bell-tower-225810.jpg\" alt=\"KAZI KY2014 Tourism and Cultural Creation: Xi'an Bell Tower\" width=\"800\" height=\"800\" \/><figcaption id=\"caption-attachment-209159\" class=\"wp-caption-text\">KAZI KY2014 Tourism and Cultural Creation: Xi&#8217;an Bell Tower<\/figcaption><\/figure>\n<figure id=\"attachment_209160\" aria-describedby=\"caption-attachment-209160\" style=\"width: 800px\" class=\"wp-caption aligncenter\"><img loading=\"lazy\" decoding=\"async\" class=\"size-full wp-image-209160\" title=\"KAZI KY2014 Tourism and Cultural Creation: Xi'an Bell Tower\" src=\"https:\/\/pay.lpwstore.com\/wp-content\/uploads\/2021\/06\/kazi-ky2014-tourism-and-cultural-creation-xian-bell-tower-225812.jpg\" alt=\"KAZI KY2014 Tourism and Cultural Creation: Xi'an Bell Tower\" width=\"800\" height=\"800\" \/><figcaption id=\"caption-attachment-209160\" class=\"wp-caption-text\">KAZI KY2014 Tourism and Cultural Creation: Xi&#8217;an Bell Tower<\/figcaption><\/figure>\n<figure id=\"attachment_209161\" aria-describedby=\"caption-attachment-209161\" style=\"width: 800px\" class=\"wp-caption aligncenter\"><img loading=\"lazy\" decoding=\"async\" class=\"size-full wp-image-209161\" title=\"KAZI KY2014 Tourism and Cultural Creation: Xi'an Bell Tower\" src=\"https:\/\/pay.lpwstore.com\/wp-content\/uploads\/2021\/06\/kazi-ky2014-tourism-and-cultural-creation-xian-bell-tower-225814.jpg\" alt=\"KAZI KY2014 Tourism and Cultural Creation: Xi'an Bell Tower\" width=\"800\" height=\"800\" \/><figcaption id=\"caption-attachment-209161\" class=\"wp-caption-text\">KAZI KY2014 Tourism and Cultural Creation: Xi&#8217;an Bell Tower<\/figcaption><\/figure>","protected":false},"excerpt":{"rendered":"<ul>\n<li>Tartalmazza\u00a0<strong>1410 <\/strong>\u00a0db<\/li>\n<li>K\u00e9zi haszn\u00e1lati \u00fatmutat\u00f3<\/li>\n<li>Kiv\u00e1l\u00f3 min\u0151s\u00e9g\u0171 ABS blokk<\/li>\n<li>Eredeti doboza nincs<\/li>\n<\/ul>","protected":false},"featured_media":18656,"comment_status":"open","ping_status":"closed","template":"","meta":{"_acf_changed":false},"product_cat":[],"product_tag":[],"class_list":["product","first","instock","shipping-taxable","purchasable","product-type-simple"],"acf":[],"_links":{"self":[{"href":"https:\/\/mouldking.store\/hu\/wp-json\/wp\/v2\/product\/18655","targetHints":{"allow":["GET"]}}],"collection":[{"href":"https:\/\/mouldking.store\/hu\/wp-json\/wp\/v2\/product"}],"about":[{"href":"https:\/\/mouldking.store\/hu\/wp-json\/wp\/v2\/types\/product"}],"replies":[{"embeddable":true,"href":"https:\/\/mouldking.store\/hu\/wp-json\/wp\/v2\/comments?post=18655"}],"wp:featuredmedia":[{"embeddable":true,"href":"https:\/\/mouldking.store\/hu\/wp-json\/wp\/v2\/media\/18656"}],"wp:attachment":[{"href":"https:\/\/mouldking.store\/hu\/wp-json\/wp\/v2\/media?parent=18655"}],"wp:term":[{"taxonomy":"product_cat","embeddable":true,"href":"https:\/\/mouldking.store\/hu\/wp-json\/wp\/v2\/product_cat?post=18655"},{"taxonomy":"product_tag","embeddable":true,"href":"https:\/\/mouldking.store\/hu\/wp-json\/wp\/v2\/product_tag?post=18655"}],"curies":[{"name":"wp","href":"https:\/\/api.w.org\/{rel}","templated":true}]}}