{"id":18698,"date":"2021-09-28T04:03:47","date_gmt":"2021-09-28T04:03:47","guid":{"rendered":"https:\/\/mouldking.store\/product\/jiestar-59001-th-10-steam-train-1610355"},"modified":"2021-12-23T09:50:40","modified_gmt":"2021-12-23T09:50:40","slug":"jiestar-59001-th-10-steam-train","status":"publish","type":"product","link":"https:\/\/mouldking.store\/hu\/shop\/jiestar-59001-th-10-steam-train\/","title":{"rendered":"JIESTAR 59001 TH 10 g\u0151zvonat"},"content":{"rendered":"<p>A JIESTAR 59001 TH 10 Steam Train a kreat\u00edv \u00e9s v\u00e1ltozatos master sorozat \u00e9p\u00edt\u0151elem k\u00e9szlet\u00e9be tartozik. A teljes k\u00e9szlet 560 \u00e9p\u00edt\u0151elem r\u00e9szecsk\u00e9t tartalmaz. El\u0151sz\u00f6r 2021-ben jelent meg.<\/p>\n<figure id=\"attachment_209245\" aria-describedby=\"caption-attachment-209245\" style=\"width: 800px\" class=\"wp-caption aligncenter\"><a href=\"https:\/\/pay.lpwstore.com\/wp-content\/uploads\/2021\/06\/jiestar-59001-th-10-steam-train-212039.jpg\" target=\"_blank\" rel=\"noopener\"><img fetchpriority=\"high\" decoding=\"async\" class=\"wp-image-209245 size-full\" title=\"JIESTAR 59001 TH 10 g\u0151zvonat\" src=\"https:\/\/pay.lpwstore.com\/wp-content\/uploads\/2021\/06\/jiestar-59001-th-10-steam-train-212039.jpg\" alt=\"JIESTAR 59001 TH 10 Steam Train\" width=\"800\" height=\"800\" \/><\/a><figcaption id=\"caption-attachment-209245\" class=\"wp-caption-text\">JIESTAR 59001 TH 10 g\u0151zvonat<\/figcaption><\/figure>\n<figure id=\"attachment_209246\" aria-describedby=\"caption-attachment-209246\" style=\"width: 800px\" class=\"wp-caption aligncenter\"><img decoding=\"async\" class=\"size-full wp-image-209246\" title=\"JIESTAR 59001 TH 10 g\u0151zvonat\" src=\"https:\/\/pay.lpwstore.com\/wp-content\/uploads\/2021\/06\/jiestar-59001-th-10-steam-train-212041.jpg\" alt=\"JIESTAR 59001 TH 10 Steam Train\" width=\"800\" height=\"800\" \/><figcaption id=\"caption-attachment-209246\" class=\"wp-caption-text\">JIESTAR 59001 TH 10 g\u0151zvonat<\/figcaption><\/figure>\n<figure id=\"attachment_209247\" aria-describedby=\"caption-attachment-209247\" style=\"width: 800px\" class=\"wp-caption aligncenter\"><img decoding=\"async\" class=\"size-full wp-image-209247\" title=\"JIESTAR 59001 TH 10 g\u0151zvonat\" src=\"https:\/\/pay.lpwstore.com\/wp-content\/uploads\/2021\/06\/jiestar-59001-th-10-steam-train-212042.jpg\" alt=\"JIESTAR 59001 TH 10 Steam Train\" width=\"800\" height=\"800\" \/><figcaption id=\"caption-attachment-209247\" class=\"wp-caption-text\">JIESTAR 59001 TH 10 g\u0151zvonat<\/figcaption><\/figure>\n<figure id=\"attachment_209248\" aria-describedby=\"caption-attachment-209248\" style=\"width: 800px\" class=\"wp-caption aligncenter\"><img loading=\"lazy\" decoding=\"async\" class=\"size-full wp-image-209248\" title=\"JIESTAR 59001 TH 10 g\u0151zvonat\" src=\"https:\/\/pay.lpwstore.com\/wp-content\/uploads\/2021\/06\/jiestar-59001-th-10-steam-train-212043.jpg\" alt=\"JIESTAR 59001 TH 10 Steam Train\" width=\"800\" height=\"800\" \/><figcaption id=\"caption-attachment-209248\" class=\"wp-caption-text\">JIESTAR 59001 TH 10 g\u0151zvonat<\/figcaption><\/figure>\n<figure id=\"attachment_209249\" aria-describedby=\"caption-attachment-209249\" style=\"width: 800px\" class=\"wp-caption aligncenter\"><img loading=\"lazy\" decoding=\"async\" class=\"size-full wp-image-209249\" title=\"JIESTAR 59001 TH 10 g\u0151zvonat\" src=\"https:\/\/pay.lpwstore.com\/wp-content\/uploads\/2021\/06\/jiestar-59001-th-10-steam-train-212044.jpg\" alt=\"JIESTAR 59001 TH 10 Steam Train\" width=\"800\" height=\"800\" \/><figcaption id=\"caption-attachment-209249\" class=\"wp-caption-text\">JIESTAR 59001 TH 10 g\u0151zvonat<\/figcaption><\/figure>","protected":false},"excerpt":{"rendered":"<ul>\n<li>Tartalmazza <strong>560 <\/strong> db<\/li>\n<li>K\u00e9zi haszn\u00e1lati \u00fatmutat\u00f3<\/li>\n<li>Kiv\u00e1l\u00f3 min\u0151s\u00e9g\u0171 ABS blokk<\/li>\n<li>Eredeti doboza nincs<\/li>\n<\/ul>","protected":false},"featured_media":18699,"comment_status":"open","ping_status":"closed","template":"","meta":{"_acf_changed":false},"product_cat":[],"product_tag":[],"class_list":["product","first","instock","shipping-taxable","purchasable","product-type-simple"],"acf":[],"_links":{"self":[{"href":"https:\/\/mouldking.store\/hu\/wp-json\/wp\/v2\/product\/18698","targetHints":{"allow":["GET"]}}],"collection":[{"href":"https:\/\/mouldking.store\/hu\/wp-json\/wp\/v2\/product"}],"about":[{"href":"https:\/\/mouldking.store\/hu\/wp-json\/wp\/v2\/types\/product"}],"replies":[{"embeddable":true,"href":"https:\/\/mouldking.store\/hu\/wp-json\/wp\/v2\/comments?post=18698"}],"wp:featuredmedia":[{"embeddable":true,"href":"https:\/\/mouldking.store\/hu\/wp-json\/wp\/v2\/media\/18699"}],"wp:attachment":[{"href":"https:\/\/mouldking.store\/hu\/wp-json\/wp\/v2\/media?parent=18698"}],"wp:term":[{"taxonomy":"product_cat","embeddable":true,"href":"https:\/\/mouldking.store\/hu\/wp-json\/wp\/v2\/product_cat?post=18698"},{"taxonomy":"product_tag","embeddable":true,"href":"https:\/\/mouldking.store\/hu\/wp-json\/wp\/v2\/product_tag?post=18698"}],"curies":[{"name":"wp","href":"https:\/\/api.w.org\/{rel}","templated":true}]}}