{"id":18710,"date":"2021-09-28T04:04:00","date_gmt":"2021-09-28T04:04:00","guid":{"rendered":"https:\/\/mouldking.store\/product\/jiestar-59002-the-gwr-steam-train-3581245"},"modified":"2021-12-23T09:50:40","modified_gmt":"2021-12-23T09:50:40","slug":"jiestar-59002-the-gwr-steam-train","status":"publish","type":"product","link":"https:\/\/mouldking.store\/hu\/shop\/jiestar-59002-the-gwr-steam-train\/","title":{"rendered":"JIESTAR 59002 A GWR g\u0151zvonat"},"content":{"rendered":"<p>JIESTAR 59002 A GWR Steam Train a Creative and Variety Master sorozat\u00fa \u00e9p\u00edt\u0151elem k\u00e9szlethez tartozik. A teljes k\u00e9szlet 789 \u00e9p\u00edt\u0151elem r\u00e9szecsk\u00e9t tartalmaz. El\u0151sz\u00f6r 2021-ben jelent meg.<\/p>\n<figure id=\"attachment_209261\" aria-describedby=\"caption-attachment-209261\" style=\"width: 800px\" class=\"wp-caption aligncenter\"><img fetchpriority=\"high\" decoding=\"async\" class=\"size-full wp-image-209261\" title=\"JIESTAR 59002 A GWR g\u0151zvonat\" src=\"https:\/\/pay.lpwstore.com\/wp-content\/uploads\/2021\/06\/jiestar-59002-the-gwr-steam-train-213847.jpg\" alt=\"JIESTAR 59002 The GWR Steam Train\" width=\"800\" height=\"800\" \/><figcaption id=\"caption-attachment-209261\" class=\"wp-caption-text\">JIESTAR 59002 A GWR g\u0151zvonat<\/figcaption><\/figure>\n<figure id=\"attachment_209262\" aria-describedby=\"caption-attachment-209262\" style=\"width: 800px\" class=\"wp-caption aligncenter\"><img decoding=\"async\" class=\"size-full wp-image-209262\" title=\"JIESTAR 59002 A GWR g\u0151zvonat\" src=\"https:\/\/pay.lpwstore.com\/wp-content\/uploads\/2021\/06\/jiestar-59002-the-gwr-steam-train-213851.jpg\" alt=\"JIESTAR 59002 The GWR Steam Train\" width=\"800\" height=\"800\" \/><figcaption id=\"caption-attachment-209262\" class=\"wp-caption-text\">JIESTAR 59002 A GWR g\u0151zvonat<\/figcaption><\/figure>\n<figure id=\"attachment_209263\" aria-describedby=\"caption-attachment-209263\" style=\"width: 800px\" class=\"wp-caption aligncenter\"><img decoding=\"async\" class=\"size-full wp-image-209263\" title=\"JIESTAR 59002 A GWR g\u0151zvonat\" src=\"https:\/\/pay.lpwstore.com\/wp-content\/uploads\/2021\/06\/jiestar-59002-the-gwr-steam-train-213852.jpg\" alt=\"JIESTAR 59002 The GWR Steam Train\" width=\"800\" height=\"800\" \/><figcaption id=\"caption-attachment-209263\" class=\"wp-caption-text\">JIESTAR 59002 A GWR g\u0151zvonat<\/figcaption><\/figure>\n<figure id=\"attachment_209264\" aria-describedby=\"caption-attachment-209264\" style=\"width: 800px\" class=\"wp-caption aligncenter\"><img loading=\"lazy\" decoding=\"async\" class=\"size-full wp-image-209264\" title=\"JIESTAR 59002 A GWR g\u0151zvonat\" src=\"https:\/\/pay.lpwstore.com\/wp-content\/uploads\/2021\/06\/jiestar-59002-the-gwr-steam-train-213854.jpg\" alt=\"JIESTAR 59002 The GWR Steam Train\" width=\"800\" height=\"800\" \/><figcaption id=\"caption-attachment-209264\" class=\"wp-caption-text\">JIESTAR 59002 A GWR g\u0151zvonat<\/figcaption><\/figure>\n<figure id=\"attachment_209265\" aria-describedby=\"caption-attachment-209265\" style=\"width: 800px\" class=\"wp-caption aligncenter\"><img loading=\"lazy\" decoding=\"async\" class=\"size-full wp-image-209265\" title=\"JIESTAR 59002 A GWR g\u0151zvonat\" src=\"https:\/\/pay.lpwstore.com\/wp-content\/uploads\/2021\/06\/jiestar-59002-the-gwr-steam-train-213856.jpg\" alt=\"JIESTAR 59002 The GWR Steam Train\" width=\"800\" height=\"800\" \/><figcaption id=\"caption-attachment-209265\" class=\"wp-caption-text\">JIESTAR 59002 A GWR g\u0151zvonat<\/figcaption><\/figure>","protected":false},"excerpt":{"rendered":"<ul>\n<li>Tartalmazza\u00a0<strong>789+ <\/strong>db<\/li>\n<li>K\u00e9zi haszn\u00e1lati \u00fatmutat\u00f3<\/li>\n<li>Kiv\u00e1l\u00f3 min\u0151s\u00e9g\u0171 ABS blokk<\/li>\n<li>Eredeti doboza nincs<\/li>\n<\/ul>","protected":false},"featured_media":18711,"comment_status":"open","ping_status":"closed","template":"","meta":{"_acf_changed":false},"product_cat":[],"product_tag":[],"class_list":["product","first","instock","shipping-taxable","purchasable","product-type-simple"],"acf":[],"_links":{"self":[{"href":"https:\/\/mouldking.store\/hu\/wp-json\/wp\/v2\/product\/18710","targetHints":{"allow":["GET"]}}],"collection":[{"href":"https:\/\/mouldking.store\/hu\/wp-json\/wp\/v2\/product"}],"about":[{"href":"https:\/\/mouldking.store\/hu\/wp-json\/wp\/v2\/types\/product"}],"replies":[{"embeddable":true,"href":"https:\/\/mouldking.store\/hu\/wp-json\/wp\/v2\/comments?post=18710"}],"wp:featuredmedia":[{"embeddable":true,"href":"https:\/\/mouldking.store\/hu\/wp-json\/wp\/v2\/media\/18711"}],"wp:attachment":[{"href":"https:\/\/mouldking.store\/hu\/wp-json\/wp\/v2\/media?parent=18710"}],"wp:term":[{"taxonomy":"product_cat","embeddable":true,"href":"https:\/\/mouldking.store\/hu\/wp-json\/wp\/v2\/product_cat?post=18710"},{"taxonomy":"product_tag","embeddable":true,"href":"https:\/\/mouldking.store\/hu\/wp-json\/wp\/v2\/product_tag?post=18710"}],"curies":[{"name":"wp","href":"https:\/\/api.w.org\/{rel}","templated":true}]}}