{"id":18751,"date":"2021-09-28T04:04:19","date_gmt":"2021-09-28T04:04:19","guid":{"rendered":"https:\/\/mouldking.store\/product\/builo-yc-50003-music-box-rocket-world-4819296"},"modified":"2021-12-23T09:50:40","modified_gmt":"2021-12-23T09:50:40","slug":"builo-yc-50003-music-box-rocket-world","status":"publish","type":"product","link":"https:\/\/mouldking.store\/hu\/shop\/builo-yc-50003-music-box-rocket-world\/","title":{"rendered":"BUILO YC-50003 zenedoboz: Rocket World"},"content":{"rendered":"<p>A BUILO YC-50003 Music Box: Rocket World a t\u00e9masorozat \u00e9p\u00edt\u0151kocka k\u00e9szlet\u00e9hez tartozik, a teljes k\u00e9szlet 304 \u00e9p\u00edt\u0151elem r\u00e9szecsk\u00e9t tartalmaz. El\u0151sz\u00f6r 2021-ben jelent meg.<\/p>\n<figure id=\"attachment_209310\" aria-describedby=\"caption-attachment-209310\" style=\"width: 800px\" class=\"wp-caption aligncenter\"><a href=\"https:\/\/pay.lpwstore.com\/wp-content\/uploads\/2021\/07\/builo-yc-50003-music-box-rocket-world-224703.jpg\" target=\"_blank\" rel=\"noopener\"><img fetchpriority=\"high\" decoding=\"async\" class=\"wp-image-209310 size-full\" title=\"BUILO YC-50003 zenedoboz: Rocket World\" src=\"https:\/\/pay.lpwstore.com\/wp-content\/uploads\/2021\/07\/builo-yc-50003-music-box-rocket-world-224703.jpg\" alt=\"BUILO YC-50003 Music Box: Rocket World\" width=\"800\" height=\"800\" \/><\/a><figcaption id=\"caption-attachment-209310\" class=\"wp-caption-text\">BUILO YC-50003 zenedoboz: Rocket World<\/figcaption><\/figure>\n<figure id=\"attachment_209311\" aria-describedby=\"caption-attachment-209311\" style=\"width: 800px\" class=\"wp-caption aligncenter\"><img decoding=\"async\" class=\"size-full wp-image-209311\" title=\"BUILO YC-50003 zenedoboz: Rocket World\" src=\"https:\/\/pay.lpwstore.com\/wp-content\/uploads\/2021\/07\/builo-yc-50003-music-box-rocket-world-224707.jpg\" alt=\"BUILO YC-50003 Music Box: Rocket World\" width=\"800\" height=\"800\" \/><figcaption id=\"caption-attachment-209311\" class=\"wp-caption-text\">BUILO YC-50003 zenedoboz: Rocket World<\/figcaption><\/figure>","protected":false},"excerpt":{"rendered":"<ul>\n<li>Tartalmazza\u00a0<strong>304+<\/strong>\u00a0db<\/li>\n<li>K\u00e9zi haszn\u00e1lati \u00fatmutat\u00f3<\/li>\n<li>Kiv\u00e1l\u00f3 min\u0151s\u00e9g\u0171 ABS blokk<\/li>\n<li>Eredeti doboza nincs<\/li>\n<\/ul>","protected":false},"featured_media":18752,"comment_status":"open","ping_status":"closed","template":"","meta":{"_acf_changed":false},"product_cat":[],"product_tag":[],"class_list":["product","first","instock","shipping-taxable","purchasable","product-type-simple"],"acf":[],"_links":{"self":[{"href":"https:\/\/mouldking.store\/hu\/wp-json\/wp\/v2\/product\/18751","targetHints":{"allow":["GET"]}}],"collection":[{"href":"https:\/\/mouldking.store\/hu\/wp-json\/wp\/v2\/product"}],"about":[{"href":"https:\/\/mouldking.store\/hu\/wp-json\/wp\/v2\/types\/product"}],"replies":[{"embeddable":true,"href":"https:\/\/mouldking.store\/hu\/wp-json\/wp\/v2\/comments?post=18751"}],"wp:featuredmedia":[{"embeddable":true,"href":"https:\/\/mouldking.store\/hu\/wp-json\/wp\/v2\/media\/18752"}],"wp:attachment":[{"href":"https:\/\/mouldking.store\/hu\/wp-json\/wp\/v2\/media?parent=18751"}],"wp:term":[{"taxonomy":"product_cat","embeddable":true,"href":"https:\/\/mouldking.store\/hu\/wp-json\/wp\/v2\/product_cat?post=18751"},{"taxonomy":"product_tag","embeddable":true,"href":"https:\/\/mouldking.store\/hu\/wp-json\/wp\/v2\/product_tag?post=18751"}],"curies":[{"name":"wp","href":"https:\/\/api.w.org\/{rel}","templated":true}]}}