{"id":18803,"date":"2021-10-09T04:16:52","date_gmt":"2021-10-09T04:16:52","guid":{"rendered":"https:\/\/mouldking.store\/?post_type=product&#038;p=18803"},"modified":"2025-12-25T09:28:01","modified_gmt":"2025-12-25T02:28:01","slug":"moc-18916-the-empire-over-jedha-city","status":"publish","type":"product","link":"https:\/\/mouldking.store\/hu\/shop\/moc-18916-the-empire-over-jedha-city\/","title":{"rendered":"MOC 18916 The Empire over Jedha City"},"content":{"rendered":"<p>This fantastic <strong>MOC 18916 The Empire over Jedha City<\/strong> made from LEPINWORLD is a really awesome MOC.<\/p>\n<h4><strong>ITEM SPECIFICATIONS<\/strong><\/h4>\n<ul>\n<li>An awesome MOC 18916 The Empire over Jedha City <span style=\"font-size: 14.4px\">from Rebrickable<\/span><\/li>\n<li><strong>5098 pieces<\/strong> made from high-quality 100% ABS plastic bricks, safe for children, long time to play, 100% compatible with other brick brand like Le .go<\/li>\n<li><span style=\"font-size: 14.4px\">Easy-to-build with pdf instruction with brick by brick guide and high quality pictures \u2013 sent pdf file via email.<\/span><\/li>\n<li>Full dimensions of the stand can been viewed in the image below.<\/li>\n<\/ul>\n<h4><strong>MOC BUILDING INSTRUCTION<\/strong><\/h4>\n<p>The instructions for all our MOC SET will be sent after you receive your order via email or Livechat Facebook. Please contact with us for it.<\/p>\n<h4><strong>SHIPPING DATE<\/strong><\/h4>\n<p>The MOC sets need 10-12 days for prepare and; <span style=\"color: red\"><strong>will be shipped out within 15 days<\/strong><\/span><\/p>\n<h4><strong>HI\u00c1NYZ\u00d3 R\u00c9SZEK<\/strong><\/h4>\n<p>All parts are quality checked before shipping, so if you find some missing or damaged parts, don&#8217;t worry.\u00a0 Please contact us and we will send them to you without any fees, or we will offer a small refund for you to buy in another places.<\/p>","protected":false},"excerpt":{"rendered":"<p>\u2022 With 5098 Pcs \u2022 Highest Quality bricks (Better than Lepin)<\/p>","protected":false},"featured_media":18829,"comment_status":"open","ping_status":"closed","template":"","meta":{"_acf_changed":false},"product_cat":[15],"product_tag":[],"class_list":["product","first","instock","featured","shipping-taxable","purchasable","product-type-simple"],"acf":[],"_links":{"self":[{"href":"https:\/\/mouldking.store\/hu\/wp-json\/wp\/v2\/product\/18803","targetHints":{"allow":["GET"]}}],"collection":[{"href":"https:\/\/mouldking.store\/hu\/wp-json\/wp\/v2\/product"}],"about":[{"href":"https:\/\/mouldking.store\/hu\/wp-json\/wp\/v2\/types\/product"}],"replies":[{"embeddable":true,"href":"https:\/\/mouldking.store\/hu\/wp-json\/wp\/v2\/comments?post=18803"}],"wp:featuredmedia":[{"embeddable":true,"href":"https:\/\/mouldking.store\/hu\/wp-json\/wp\/v2\/media\/18829"}],"wp:attachment":[{"href":"https:\/\/mouldking.store\/hu\/wp-json\/wp\/v2\/media?parent=18803"}],"wp:term":[{"taxonomy":"product_cat","embeddable":true,"href":"https:\/\/mouldking.store\/hu\/wp-json\/wp\/v2\/product_cat?post=18803"},{"taxonomy":"product_tag","embeddable":true,"href":"https:\/\/mouldking.store\/hu\/wp-json\/wp\/v2\/product_tag?post=18803"}],"curies":[{"name":"wp","href":"https:\/\/api.w.org\/{rel}","templated":true}]}}