{"id":19120,"date":"2021-10-09T04:26:25","date_gmt":"2021-10-08T21:26:25","guid":{"rendered":"https:\/\/mouldking.store\/shop\/moc-23556-imperial-star-destroyer-monarch-star-wars\/"},"modified":"2025-12-25T09:27:38","modified_gmt":"2025-12-25T02:27:38","slug":"moc-23556-imperial-star-destroyer-monarch-star-wars","status":"publish","type":"product","link":"https:\/\/mouldking.store\/hu\/shop\/moc-23556-imperial-star-destroyer-monarch-star-wars\/","title":{"rendered":"MOC 23556 birodalmi csillagrombol\u00f3 Monarch Star Wars"},"content":{"rendered":"<p>This fantastic <strong>MOC 23556 Imperial Star Destroyer Monarch<\/strong> made from LEPINWORLD is a really awesome MOC from Rebrickable<\/p>\n<p>&nbsp;<\/p>\n<ul>\n<li>\n<figure id=\"attachment_19605\" aria-describedby=\"caption-attachment-19605\" style=\"width: 800px\" class=\"wp-caption aligncenter\"><img fetchpriority=\"high\" decoding=\"async\" class=\"wp-image-19605 size-full\" src=\"https:\/\/mocfactory.com\/wp-content\/uploads\/2020\/12\/MOC-23556-Star-Wars-ISD-Monarch-Designer-onecase-11.jpg\" alt=\"MOC-23556 Star Wars ISD Monarch - Designer onecase\" width=\"800\" height=\"800\" title=\"-\"><figcaption id=\"caption-attachment-19605\" class=\"wp-caption-text\">MOC-23556 Star Wars ISD Monarch &#8211; Designer onecase<\/figcaption><\/figure>\n<figure id=\"attachment_19606\" aria-describedby=\"caption-attachment-19606\" style=\"width: 800px\" class=\"wp-caption aligncenter\"><img decoding=\"async\" class=\"wp-image-19606 size-full\" src=\"https:\/\/mocfactory.com\/wp-content\/uploads\/2020\/12\/MOC-23556-Star-Wars-ISD-Monarch-Designer-onecase.jpg\" alt=\"MOC-23556 Star Wars ISD Monarch - Designer onecase\" width=\"800\" height=\"800\" title=\"-\"><figcaption id=\"caption-attachment-19606\" class=\"wp-caption-text\">MOC-23556 Star Wars ISD Monarch &#8211; Designer onecase<\/figcaption><\/figure>\n<figure id=\"attachment_19607\" aria-describedby=\"caption-attachment-19607\" style=\"width: 800px\" class=\"wp-caption aligncenter\"><img decoding=\"async\" class=\"wp-image-19607 size-full\" src=\"https:\/\/mocfactory.com\/wp-content\/uploads\/2020\/12\/MOC-23556-Star-Wars-ISD-Monarch-Designer-onecase4.jpg\" alt=\"MOC-23556 Star Wars ISD Monarch - Designer onecase\" width=\"800\" height=\"800\" title=\"-\"><figcaption id=\"caption-attachment-19607\" class=\"wp-caption-text\">MOC-23556 Star Wars ISD Monarch &#8211; Designer onecase<\/figcaption><\/figure>\n<figure id=\"attachment_19608\" aria-describedby=\"caption-attachment-19608\" style=\"width: 800px\" class=\"wp-caption aligncenter\"><img loading=\"lazy\" decoding=\"async\" class=\"wp-image-19608 size-full\" src=\"https:\/\/mocfactory.com\/wp-content\/uploads\/2020\/12\/MOC-23556-Star-Wars-ISD-Monarch-Designer-onecase3.jpg\" alt=\"MOC-23556 Star Wars ISD Monarch - Designer onecase\" width=\"800\" height=\"800\" title=\"-\"><figcaption id=\"caption-attachment-19608\" class=\"wp-caption-text\">MOC-23556 Star Wars ISD Monarch &#8211; Designer onecase<\/figcaption><\/figure>\n<figure id=\"attachment_19610\" aria-describedby=\"caption-attachment-19610\" style=\"width: 800px\" class=\"wp-caption aligncenter\"><img loading=\"lazy\" decoding=\"async\" class=\"wp-image-19610 size-full\" src=\"https:\/\/mocfactory.com\/wp-content\/uploads\/2020\/12\/MOC-23556-Star-Wars-ISD-Monarch-Designer-onecase5.jpg\" alt=\"MOC-23556 Star Wars ISD Monarch - Designer onecase\" width=\"800\" height=\"800\" title=\"-\"><figcaption id=\"caption-attachment-19610\" class=\"wp-caption-text\">MOC-23556 Star Wars ISD Monarch &#8211; Designer onecase<\/figcaption><\/figure>\n<figure id=\"attachment_19609\" aria-describedby=\"caption-attachment-19609\" style=\"width: 800px\" class=\"wp-caption aligncenter\"><img loading=\"lazy\" decoding=\"async\" class=\"wp-image-19609 size-full\" src=\"https:\/\/mocfactory.com\/wp-content\/uploads\/2020\/12\/MOC-23556-Star-Wars-ISD-Monarch-Designer-onecase2.jpg\" alt=\"MOC-23556 Star Wars ISD Monarch - Designer onecase\" width=\"800\" height=\"800\" title=\"-\"><figcaption id=\"caption-attachment-19609\" class=\"wp-caption-text\">MOC-23556 Star Wars ISD Monarch &#8211; Designer onecase<\/figcaption><\/figure>\n<p><figure id=\"attachment_19611\" aria-describedby=\"caption-attachment-19611\" style=\"width: 800px\" class=\"wp-caption aligncenter\"><img loading=\"lazy\" decoding=\"async\" class=\"wp-image-19611 size-full\" src=\"https:\/\/mocfactory.com\/wp-content\/uploads\/2020\/12\/MOC-23556-Star-Wars-ISD-Monarch-Designer-onecase6.jpg\" alt=\"MOC-23556 Star Wars ISD Monarch - Designer onecase\" width=\"800\" height=\"800\" title=\"-\"><figcaption id=\"caption-attachment-19611\" class=\"wp-caption-text\">MOC-23556 Star Wars ISD Monarch &#8211; Designer onecase<\/figcaption><\/figure><\/li>\n<\/ul>\n<p>&nbsp;<\/p>\n<h4><strong>ITEM SPECIFICATIONS<\/strong><\/h4>\n<ul>\n<li>An awesome MOC 23556 Imperial Star Destroyer Monarch <span style=\"font-size: 14.4px\">from Rebrickable<\/span><\/li>\n<li><strong>+11340 pieces<\/strong> made from high-quality 100% ABS plastic bricks, safe for children, long time to play, 100% compatible with other brick brand like Le .go<\/li>\n<li><span style=\"font-size: 14.4px\">Easy-to-build with pdf instruction with brick by brick guide and high quality pictures \u2013 sent pdf file via email.<\/span><\/li>\n<li>Full dimensions of the stand can been viewed in the image below. Size\uff1a L : 118 cm W : 71 cm H :39 cm<\/li>\n<li>Id\u0151beoszt\u00e1s: 4-8 h\u00e9t<\/li>\n<\/ul>\n<h4><strong>MOC BUILDING INSTRUCTION<\/strong><\/h4>\n<p>The instructions for all our MOC 23556 Imperial Star Destroyer Monarch will be sent after you receive your order via email or Livechat Facebook. Please contact with us for it.<\/p>\n<h4><strong>SHIPPING DATE<\/strong><\/h4>\n<p>The MOC 23556 Imperial Star Destroyer Monarch sets need 10-12 days for prepare and; <span style=\"color: red\"><strong>will be shipped out within 25 days<\/strong><\/span><\/p>\n<h4><strong>HI\u00c1NYZ\u00d3 R\u00c9SZEK<\/strong><\/h4>\n<p>All parts of MOC 23556 Imperial Star Destroyer Monarch are quality checked before shipping, so if you find some missing or damaged parts, don&#8217;t worry.\u00a0 Please contact us and we will send them to you without any fees, or we will offer a small refund for you to buy in another places.<\/p>","protected":false},"excerpt":{"rendered":"<p>\u2022 With 11340+ pcs<\/p>\n<p>\u2022 Highest Quality bricks (Better than Lepin)<\/p>\n<p>\u2022 Size: L: 118 cm | W:71 cm | H:39 cm<\/p>\n<p>The MOC 23556 Imperial Star Destroyer Monarch sets need 10-12 days for prepare and; <span style=\"color: red\"><strong>will be shipped out within 25 days<\/strong><\/span><\/p>","protected":false},"featured_media":19110,"comment_status":"open","ping_status":"closed","template":"","meta":{"_acf_changed":false},"product_cat":[415],"product_tag":[682,8443,686,8445,8446,8442,685,8444,673,436],"class_list":["product","first","instock","featured","shipping-taxable","purchasable","product-type-simple"],"acf":[],"_links":{"self":[{"href":"https:\/\/mouldking.store\/hu\/wp-json\/wp\/v2\/product\/19120","targetHints":{"allow":["GET"]}}],"collection":[{"href":"https:\/\/mouldking.store\/hu\/wp-json\/wp\/v2\/product"}],"about":[{"href":"https:\/\/mouldking.store\/hu\/wp-json\/wp\/v2\/types\/product"}],"replies":[{"embeddable":true,"href":"https:\/\/mouldking.store\/hu\/wp-json\/wp\/v2\/comments?post=19120"}],"wp:featuredmedia":[{"embeddable":true,"href":"https:\/\/mouldking.store\/hu\/wp-json\/wp\/v2\/media\/19110"}],"wp:attachment":[{"href":"https:\/\/mouldking.store\/hu\/wp-json\/wp\/v2\/media?parent=19120"}],"wp:term":[{"taxonomy":"product_cat","embeddable":true,"href":"https:\/\/mouldking.store\/hu\/wp-json\/wp\/v2\/product_cat?post=19120"},{"taxonomy":"product_tag","embeddable":true,"href":"https:\/\/mouldking.store\/hu\/wp-json\/wp\/v2\/product_tag?post=19120"}],"curies":[{"name":"wp","href":"https:\/\/api.w.org\/{rel}","templated":true}]}}