{"id":19443,"date":"2021-10-09T04:32:30","date_gmt":"2021-10-09T04:32:30","guid":{"rendered":"https:\/\/mouldking.store\/shop\/moc-42055-mk-288-bwe-giant-dig-machine-by-moc-factory\/"},"modified":"2025-12-25T09:27:27","modified_gmt":"2025-12-25T02:27:27","slug":"moc-42055-mk-288-bwe-giant-dig-machine-by-moc-factory","status":"publish","type":"product","link":"https:\/\/mouldking.store\/hu\/shop\/moc-42055-mk-288-bwe-giant-dig-machine-by-moc-factory\/","title":{"rendered":"MOC 42055 MK 288 BWE \u00f3ri\u00e1s \u00e1s\u00f3g\u00e9p a MOC FACTORY-t\u00f3l"},"content":{"rendered":"<p>&nbsp;<\/p>\n<div class=\"\">\n<ul class=\"product-specs-list util-clearfix\">\n<li class=\"product-prop line-limit-length\"><span class=\"property-title\">Gender:\u00a0<\/span><span class=\"property-desc line-limit-length\">Unisex<\/span><\/li>\n<li class=\"product-prop line-limit-length\"><span class=\"property-title\">Korcsoport:\u00a0<\/span><span class=\"property-desc line-limit-length\">&gt; 8 \u00e9ves<\/span><\/li>\n<li class=\"product-prop line-limit-length\"><span class=\"property-title\">T\u00edpussz\u00e1m:\u00a0<\/span><span class=\"property-desc line-limit-length\">MOC-42055<\/span><\/li>\n<li class=\"product-prop line-limit-length\"><span class=\"property-title\">Type:\u00a0<\/span><span class=\"property-desc line-limit-length\">BLOCKS<\/span><\/li>\n<li class=\"product-prop line-limit-length\"><span class=\"property-title\">Material:\u00a0<\/span><span class=\"property-desc line-limit-length\">M\u0171anyag<\/span><\/li>\n<li class=\"product-prop line-limit-length\"><span class=\"property-title\">Plastic Type:\u00a0<\/span><span class=\"property-desc line-limit-length\">ABS<\/span><\/li>\n<li class=\"product-prop line-limit-length\"><span class=\"property-title\">Plastic Block Shape:\u00a0<\/span><span class=\"property-desc line-limit-length\">Self-Locking Bricks<\/span><\/li>\n<\/ul>\n<\/div>","protected":false},"excerpt":{"rendered":"<ul>\n<li>Tartalmazza <strong>22,000<\/strong> pieces<\/li>\n<li>Online PDF utas\u00edt\u00e1s<\/li>\n<\/ul>","protected":false},"featured_media":19439,"comment_status":"open","ping_status":"closed","template":"","meta":{"_acf_changed":false},"product_cat":[15],"product_tag":[],"class_list":["product","first","instock","shipping-taxable","purchasable","product-type-variable","has-default-attributes"],"acf":[],"_links":{"self":[{"href":"https:\/\/mouldking.store\/hu\/wp-json\/wp\/v2\/product\/19443","targetHints":{"allow":["GET"]}}],"collection":[{"href":"https:\/\/mouldking.store\/hu\/wp-json\/wp\/v2\/product"}],"about":[{"href":"https:\/\/mouldking.store\/hu\/wp-json\/wp\/v2\/types\/product"}],"replies":[{"embeddable":true,"href":"https:\/\/mouldking.store\/hu\/wp-json\/wp\/v2\/comments?post=19443"}],"wp:featuredmedia":[{"embeddable":true,"href":"https:\/\/mouldking.store\/hu\/wp-json\/wp\/v2\/media\/19439"}],"wp:attachment":[{"href":"https:\/\/mouldking.store\/hu\/wp-json\/wp\/v2\/media?parent=19443"}],"wp:term":[{"taxonomy":"product_cat","embeddable":true,"href":"https:\/\/mouldking.store\/hu\/wp-json\/wp\/v2\/product_cat?post=19443"},{"taxonomy":"product_tag","embeddable":true,"href":"https:\/\/mouldking.store\/hu\/wp-json\/wp\/v2\/product_tag?post=19443"}],"curies":[{"name":"wp","href":"https:\/\/api.w.org\/{rel}","templated":true}]}}