{"id":19819,"date":"2021-10-09T04:37:57","date_gmt":"2021-10-09T04:37:57","guid":{"rendered":"https:\/\/mouldking.store\/shop\/moc-4446-airport-crash-tender-super-vehicle-by-lucioswitch81-moc-factory\/"},"modified":"2025-12-25T09:27:12","modified_gmt":"2025-12-25T02:27:12","slug":"moc-4446-airport-crash-tender-super-vehicle-by-lucioswitch81-moc-factory","status":"publish","type":"product","link":"https:\/\/mouldking.store\/hu\/shop\/moc-4446-airport-crash-tender-super-vehicle-by-lucioswitch81-moc-factory\/","title":{"rendered":"MOC 4446 Airport Crash Tender super vehicle by Lucioswitch81 MOC FACTORY"},"content":{"rendered":"<p><strong>TERM\u00c9K LE\u00cdR\u00c1S<\/strong><\/p>\n<p>MOC 4446 Airport Crash Tender by Lucioswitch81 MOC FACTORY is based\u00a0 on MOC 4446 Airport Crash Tender by Lucioswitch81 in rebrickable .\u00a0 It&#8217;s an awesome Brick set MOC 4446 Airport Crash Tender by Lucioswitch81 MOC FACTORY<\/p>\n<figure id=\"attachment_189400\" aria-describedby=\"caption-attachment-189400\" style=\"width: 1020px\" class=\"wp-caption alignnone\"><img fetchpriority=\"high\" decoding=\"async\" class=\"size-large wp-image-189400\" src=\"https:\/\/pay.lpwstore.com\/wp-content\/uploads\/2020\/05\/afca60478eaa31cb-1024x768.png\" alt=\"-\" width=\"1020\" height=\"765\" title=\"-\"><figcaption id=\"caption-attachment-189400\" class=\"wp-caption-text\">MOC 4446 Airport Crash Tender by Lucioswitch81 MOC FACTORY<\/figcaption><\/figure>\n<ul>\n<li>+ 7177\u00a0 pieces made from high-quality 100% ABS plastic bricks, safe for children, long time to play, 100% compatible with other brick brands<\/li>\n<li><span style=\"font-size: 14.4px\">Easy-to-build with manual instruction of MOC 4446 Airport Crash Tender by Lucioswitch81 MOC FACTORY <\/span><span style=\"font-size: 14.4px;color: #555555\">t\u00e9gl\u00e1r\u00f3l t\u00e9gl\u00e1ra \u00fatmutat\u00f3val \u00e9s kiv\u00e1l\u00f3 min\u0151s\u00e9g\u0171 k\u00e9pekkel<\/span><\/li>\n<li><span style=\"font-size: 14.4px\">Full dimensions of MOC 4446 Airport Crash Tender by Lucioswitch81 MOC FACTORY :\u00a0<\/span><\/li>\n<\/ul>\n<blockquote>\n<p>MOC No: 4446<br \/>\nName: Airport Crash Tender<br \/>\nDesigned by: Lucioswitch81<br \/>\nDesigned Year: 2015<br \/>\nNumber of parts: 7177 parts<br \/>\nCatgory: Technic<\/p>\n<\/blockquote>\n<h4><strong>SZ\u00c1LL\u00cdT\u00c1S \u00c9S VISSZAT\u00c9R\u00c9S<\/strong><\/h4>\n<p>We guarantee for MOC 4446 Airport Crash Tender by Lucioswitch81 MOC FACTORY<\/p>\n<ul>\n<li>Teljes visszat\u00e9r\u00edt\u00e9s, ha nem kapja meg megrendel\u00e9s\u00e9t<\/li>\n<li>Ingyenes gondoskodni a hi\u00e1nyz\u00f3 darabok vagy k\u00e9zik\u00f6nyv k\u00f6nyv<\/li>\n<li>Az \u00dcgyf\u00e9l nem fizet t\u00f6bb ad\u00f3t \u00e9s v\u00e1md\u00edjat. (Ha fizetni kell, visszafizetj\u00fck)<\/li>\n<li>A nemzetk\u00f6zi sz\u00e1ll\u00edt\u00e1s meglehet\u0151sen bonyolult, igyeksz\u00fcnk minden probl\u00e9m\u00e1j\u00e1t feldolgozni. Ha azonban rendel\u00e9se probl\u00e9m\u00e1ba \u00fctk\u00f6zik, k\u00e9rj\u00fck, vegye fel vel\u00fcnk a kapcsolatot e-mailben<\/li>\n<li><span data-text-color=\"alert\"><strong>Megrendel\u00e9s t\u00f6rl\u00e9se:<\/strong><\/span> Ha le kell mondania a rendel\u00e9st, a lehet\u0151 leghamarabb vegye fel vel\u00fcnk a kapcsolatot a contact@pay.lpwstore.com e-mail c\u00edmen. A megrendel\u00e9st 48 \u00f3r\u00e1ig nem \u00e1ll m\u00f3dunkban le\u00e1ll\u00edtani<\/li>\n<\/ul>\n<h4><strong>HI\u00c1NYZ\u00d3 R\u00c9SZEK<\/strong><\/h4>\n<p>All parts of MOC 4446 Airport Crash Tender by Lucioswitch81 MOC FACTORY \u00a0are quality checked before shipping, so if you find some missing or damaged parts, don&#8217;t worry. Please contact us and we will send them to you without any fees, or we will offer a small refund for you to buy in other places.<\/p>\n<h4><strong>PACKAGE<\/strong><\/h4>\n<p>MOC 4446 Airport Crash Tender by Lucioswitch81 MOC FACTORY new in sealed Bag with Bubble Safty Packing (No original box, original box is too big and easy to be broken during shipping, and this will save cost for you. We promise to pack the blocks well.<\/p>","protected":false},"excerpt":{"rendered":"<h3><strong>MOC 4446 Airport Crash Tender by Lucioswitch81 MOC FACTORY <\/strong><\/h3>\n<h3><span data-text-color=\"alert\"><strong>15-20 days for processing order<\/strong><\/span><\/h3>\n<h3><span data-text-color=\"alert\"><strong>With Motor version<\/strong><\/span><\/h3>\n<h3><\/h3>\n<h3><\/h3>\n<ul>\n<li>T\u00e9gla mennyis\u00e9ge: <strong>7177+ <\/strong>db<\/li>\n<li>Szolg\u00e1ltat\u00e1s: Ingyenes cserealkatr\u00e9szek<\/li>\n<li>\u00c9rtes\u00edt\u00e9s: <span style=\"text-decoration: underline\" data-text-color=\"alert\"><strong>Eredeti doboz nincs<\/strong><\/span>,Haszn\u00e1ljon bubor\u00e9kzacsk\u00f3t vagy \u00fcres kartondobozt.<\/li>\n<\/ul>\n<div id=\"gtx-trans\">\n<div class=\"gtx-trans-icon\"><\/div>\n<\/div>","protected":false},"featured_media":19817,"comment_status":"open","ping_status":"closed","template":"","meta":{"_acf_changed":false},"product_cat":[15],"product_tag":[],"class_list":["product","first","outofstock","shipping-taxable","purchasable","product-type-simple"],"acf":[],"_links":{"self":[{"href":"https:\/\/mouldking.store\/hu\/wp-json\/wp\/v2\/product\/19819","targetHints":{"allow":["GET"]}}],"collection":[{"href":"https:\/\/mouldking.store\/hu\/wp-json\/wp\/v2\/product"}],"about":[{"href":"https:\/\/mouldking.store\/hu\/wp-json\/wp\/v2\/types\/product"}],"replies":[{"embeddable":true,"href":"https:\/\/mouldking.store\/hu\/wp-json\/wp\/v2\/comments?post=19819"}],"wp:featuredmedia":[{"embeddable":true,"href":"https:\/\/mouldking.store\/hu\/wp-json\/wp\/v2\/media\/19817"}],"wp:attachment":[{"href":"https:\/\/mouldking.store\/hu\/wp-json\/wp\/v2\/media?parent=19819"}],"wp:term":[{"taxonomy":"product_cat","embeddable":true,"href":"https:\/\/mouldking.store\/hu\/wp-json\/wp\/v2\/product_cat?post=19819"},{"taxonomy":"product_tag","embeddable":true,"href":"https:\/\/mouldking.store\/hu\/wp-json\/wp\/v2\/product_tag?post=19819"}],"curies":[{"name":"wp","href":"https:\/\/api.w.org\/{rel}","templated":true}]}}