{"id":20117,"date":"2021-10-09T04:43:05","date_gmt":"2021-10-09T04:43:05","guid":{"rendered":"https:\/\/mouldking.store\/shop\/moc-8135-ocean-explorer-remastered-rc-6-power-functions-by-brickbybricktechnic-moc-factory\/"},"modified":"2025-12-25T09:26:56","modified_gmt":"2025-12-25T02:26:56","slug":"moc-8135-ocean-explorer-remastered-rc-6-power-functions-by-brickbybricktechnic-moc-factory","status":"publish","type":"product","link":"https:\/\/mouldking.store\/hu\/shop\/moc-8135-ocean-explorer-remastered-rc-6-power-functions-by-brickbybricktechnic-moc-factory\/","title":{"rendered":"MOC 8135 Ocean explorer, REMASTERED (RC, 6 POWER FUNCTIONS) by BrickbyBrickTechnic MOC FACTORY"},"content":{"rendered":"<p>It has 3 boxes, a crane with 3 functions (lifting, rotating, sliding), driving, steering, and propellers. The WHEELHOUSE is full of details and the whole thing is in precise microfig scale. There are lots of overall play features, but also lots of fun complex machinery parts during the construction process.<\/p>\n<p><img fetchpriority=\"high\" decoding=\"async\" class=\"size-full wp-image-190387 aligncenter\" src=\"https:\/\/pay.lpwstore.com\/wp-content\/uploads\/2020\/06\/MOC-8135-Ocean-explorer-REMASTERED-RC-6-POWER-FUNCTIONS-by-BrickbyBrickTechnic-MOC-FACTORY.jpg\" alt=\"MOC-8135-Ocean-explorer,-REMASTERED-(RC,-6-POWER-FUNCTIONS)-by-BrickbyBrickTechnic-MOC-FACTORY\" width=\"800\" height=\"800\" title=\"-\"><\/p>","protected":false},"excerpt":{"rendered":"<ul>\n<li>Tartalmazza <strong>1477+<\/strong> db<\/li>\n<li>Online PDF oktat\u00e1s<\/li>\n<li>Kiv\u00e1l\u00f3 min\u0151s\u00e9g\u0171 ABS blokk<\/li>\n<\/ul>","protected":false},"featured_media":20116,"comment_status":"open","ping_status":"closed","template":"","meta":{"_acf_changed":false},"product_cat":[364],"product_tag":[],"class_list":["product","first","instock","shipping-taxable","purchasable","product-type-simple"],"acf":[],"_links":{"self":[{"href":"https:\/\/mouldking.store\/hu\/wp-json\/wp\/v2\/product\/20117","targetHints":{"allow":["GET"]}}],"collection":[{"href":"https:\/\/mouldking.store\/hu\/wp-json\/wp\/v2\/product"}],"about":[{"href":"https:\/\/mouldking.store\/hu\/wp-json\/wp\/v2\/types\/product"}],"replies":[{"embeddable":true,"href":"https:\/\/mouldking.store\/hu\/wp-json\/wp\/v2\/comments?post=20117"}],"wp:featuredmedia":[{"embeddable":true,"href":"https:\/\/mouldking.store\/hu\/wp-json\/wp\/v2\/media\/20116"}],"wp:attachment":[{"href":"https:\/\/mouldking.store\/hu\/wp-json\/wp\/v2\/media?parent=20117"}],"wp:term":[{"taxonomy":"product_cat","embeddable":true,"href":"https:\/\/mouldking.store\/hu\/wp-json\/wp\/v2\/product_cat?post=20117"},{"taxonomy":"product_tag","embeddable":true,"href":"https:\/\/mouldking.store\/hu\/wp-json\/wp\/v2\/product_tag?post=20117"}],"curies":[{"name":"wp","href":"https:\/\/api.w.org\/{rel}","templated":true}]}}