{"id":20196,"date":"2021-10-09T04:44:32","date_gmt":"2021-10-09T04:44:32","guid":{"rendered":"https:\/\/mouldking.store\/shop\/moc-25395-ultimate-full-rc-42070-tow-truck-super-contruction-vehicle-by-custombricks-de-moc-factory\/"},"modified":"2025-12-25T09:26:55","modified_gmt":"2025-12-25T02:26:55","slug":"moc-25395-ultimate-full-rc-42070-tow-truck-super-contruction-vehicle-by-custombricks-de-moc-factory","status":"publish","type":"product","link":"https:\/\/mouldking.store\/hu\/shop\/moc-25395-ultimate-full-rc-42070-tow-truck-super-contruction-vehicle-by-custombricks-de-moc-factory\/","title":{"rendered":"MOC 25395 ULTIMATE Full RC 42070 vontat\u00f3kocsi, szuper \u00e9p\u00edt\u0151ipari j\u00e1rm\u0171 \u2013 CustomBricks.de MOC FACTORY"},"content":{"rendered":"<div>A modell finoms\u00e1gai:<\/div>\n<div>\u2013 Remek innov\u00e1ci\u00f3s modell rajong\u00f3knak \u00e9s gy\u0171jt\u0151knek<\/div>\n<div>\u2013 A sz\u00fcks\u00e9ges szegmensek teljes sz\u00e1ma \u2013 1930 k\u0151<\/div>\n<div>\u2013 K\u00fcl\u00f6nbs\u00e9g alkatr\u00e9szlista az \u00e1talak\u00edt\u00e1shoz \u2013 235 k\u0151<\/div>\n<div>\u2013 A modell m\u00e9retei B\/T\/H = 20,8\/58,4\/23,3 cm (daru n\u00e9lk\u00fcl)<\/div>\n<div><img fetchpriority=\"high\" decoding=\"async\" class=\"alignnone size-full wp-image-192042\" src=\"https:\/\/pay.lpwstore.com\/wp-content\/uploads\/2020\/06\/MOC-25395.png\" alt=\"-\" width=\"800\" height=\"800\" title=\"-\"><\/div>\n<div><\/div>\n<div>Extr\u00e9m \u00fajratervez\u00e9s:<\/div>\n<div>\u2013 Rug\u00f3s leng\u0151tengelyek (l\u00e1sd lent)<\/div>\n<div>\u2013 A p\u00e1rhuzamos h\u00e1tfalak optimaliz\u00e1lt talajszabads\u00e1ga<\/div>\n<div>\u2013 Optimaliz\u00e1lt\u00e1k a h\u00e1tlapok terjedelm\u00e9t<\/div>\n<div>\u2013 Az els\u0151 h\u0171t\u0151r\u00e1cs kiegyens\u00falyozott, a maci fix<\/div>\n<div>\u2013 A k\u00fcl\u00f6nbs\u00e9g az evaku\u00e1lt tomahawkok k\u00f6z\u00f6tt<\/div>\n<div>\u2013 A t\u00e1maszt\u00e9kok egym\u00e1st\u00f3l f\u00fcggetlen\u00fcl vannak h\u00e1tra \u00e9s oldals\u00f3 meghajt\u00e1s\u00faak<\/div>\n<div>\u2013 A targonca z\u00e1rt rakod\u00f3z\u00f3n\u00e1val rendelkezik<\/div>\n<div>\u2013 A bej\u00e1ratokat meger\u0151s\u00edtett\u00e9k \u00e9s rendezt\u00e9k<\/div>\n<div><img decoding=\"async\" class=\"alignnone size-full wp-image-192043\" src=\"https:\/\/pay.lpwstore.com\/wp-content\/uploads\/2020\/06\/MOC-25395-ULTIMATE-Full-RC-42070-Tow-Truck-2.webp\" alt=\"MOC 25395 ULTIMATE Full RC 42070 Tow Truck \" title=\"-\"> <img decoding=\"async\" class=\"alignnone size-full wp-image-192044\" src=\"https:\/\/pay.lpwstore.com\/wp-content\/uploads\/2020\/06\/MOC-25395-ULTIMATE-Full-RC-42070-Tow-Truck.webp\" alt=\"-\" title=\"-\"><\/div>","protected":false},"excerpt":{"rendered":"<ul>\n<li>Tartalmazza <strong>1926+<\/strong> db<\/li>\n<li>Online PDF oktat\u00e1s<\/li>\n<li>Kiv\u00e1l\u00f3 min\u0151s\u00e9g\u0171 ABS blokk<\/li>\n<\/ul>","protected":false},"featured_media":0,"comment_status":"open","ping_status":"closed","template":"","meta":{"_acf_changed":false},"product_cat":[15],"product_tag":[],"class_list":["product","first","instock","shipping-taxable","purchasable","product-type-simple"],"acf":[],"_links":{"self":[{"href":"https:\/\/mouldking.store\/hu\/wp-json\/wp\/v2\/product\/20196","targetHints":{"allow":["GET"]}}],"collection":[{"href":"https:\/\/mouldking.store\/hu\/wp-json\/wp\/v2\/product"}],"about":[{"href":"https:\/\/mouldking.store\/hu\/wp-json\/wp\/v2\/types\/product"}],"replies":[{"embeddable":true,"href":"https:\/\/mouldking.store\/hu\/wp-json\/wp\/v2\/comments?post=20196"}],"wp:attachment":[{"href":"https:\/\/mouldking.store\/hu\/wp-json\/wp\/v2\/media?parent=20196"}],"wp:term":[{"taxonomy":"product_cat","embeddable":true,"href":"https:\/\/mouldking.store\/hu\/wp-json\/wp\/v2\/product_cat?post=20196"},{"taxonomy":"product_tag","embeddable":true,"href":"https:\/\/mouldking.store\/hu\/wp-json\/wp\/v2\/product_tag?post=20196"}],"curies":[{"name":"wp","href":"https:\/\/api.w.org\/{rel}","templated":true}]}}