{"id":20201,"date":"2021-10-09T04:44:33","date_gmt":"2021-10-08T21:44:33","guid":{"rendered":"https:\/\/mouldking.store\/shop\/moc-32576-assembly-square-alternative-lego-10255-by-inyongbricks-moc-factory\/"},"modified":"2025-12-25T09:26:54","modified_gmt":"2025-12-25T02:26:54","slug":"moc-32576-assembly-square-alternative-lego-10255-by-inyongbricks-moc-factory","status":"publish","type":"product","link":"https:\/\/mouldking.store\/hu\/shop\/moc-32576-assembly-square-alternative-lego-10255-by-inyongbricks-moc-factory\/","title":{"rendered":"MOC 32576 Assembly Square Alternat\u00edv LEGO 10255, InyongBricks MOC FACTORY"},"content":{"rendered":"<div>\u00datmutat\u00f3 a LEGO(R) 10255 Assembly Square egy eur\u00f3pai jazzk\u00e1v\u00e9z\u00f3v\u00e1 alak\u00edt\u00e1s\u00e1hoz.<\/div>\n<div><\/div>\n<div>Ez a modell 3 szintet tartalmaz, amelyek belsej\u00e9ben kiv\u00e9telesen pontr\u00f3l pontra tal\u00e1lhat\u00f3.<\/div>\n<div><\/div>\n<div>A f\u00f6ldszinten egy t\u00e1gas bisztr\u00f3 kapott helyet \u00fajj\u00e1\u00e9led\u0151 torn\u00e1ccal.<\/div>\n<div><\/div>\n<div>A bisztr\u00f3 konyh\u00e1j\u00e1ban mindent megtal\u00e1l, ami egy cs\u00e1b\u00edt\u00f3 k\u00f6rnyezet kialak\u00edt\u00e1s\u00e1hoz sz\u00fcks\u00e9ges. A konyh\u00e1ban van egy vintage eszpressz\u00f3-feldolgoz\u00f3 k\u00e1v\u00e9f\u0151z\u0151vel kieg\u00e9sz\u00edtve, a p\u00e9ks\u00fctem\u00e9nyek meleg\u00edt\u00e9s\u00e9re alkalmas brojlerek, vitrin \u00e9s egy hangulatos fagyasztott joghurtg\u00e9p is.<\/div>\n<div><\/div>\n<div>A m\u00e1sik oldalon egy f\u00fcrd\u0151szoba tal\u00e1lhat\u00f3 a l\u00e9pcs\u0151sor alatt.<\/div>\n<div><\/div>\n<div>A k\u00f6z\u00e9ps\u0151 szinten extra \u00fcl\u0151helyek tal\u00e1lhat\u00f3k, \u00e9s itt tal\u00e1lhat\u00f3 a kis Assembly t\u00e9r. Ugyancsak ezen a szinten szerepel a Jazz show-ra felk\u00e9sz\u00edtett sz\u00ednpad, \u00f6sszesen k\u00fcl\u00f6nb\u00f6z\u0151 hangszerekkel.<\/div>\n<div><\/div>\n<div>A fels\u0151 szinten a sz\u00ednpad figyelmen k\u00edv\u00fcl hagy\u00e1s\u00e1val tov\u00e1bbi \u00fcl\u0151helyek vannak egy extra \u00fcl\u0151ter\u00fcleten. Ezenk\u00edv\u00fcl felfedezheti a sz\u00ednpad fel\u00e9 mutat\u00f3 reflektorokat. Ugyan\u00edgy megtapasztalhatja a bels\u0151 kialak\u00edt\u00e1shoz k\u00e9sz\u00fclt kis cs\u00facscsatlakoz\u00e1st.<\/div>\n<div><\/div>\n<div><\/div>\n<div>A szerkezet k\u00fcls\u0151 r\u00e9sze a barokk, az 1930-as \u00e9vek Art Deco \u00e9s m\u00e1s jelenlegi st\u00edlusok kever\u00e9ke. Jellemz\u0151i eml\u00e9keznek a kiv\u00e9telesen finom kavicsos oromfalra a megfelel\u0151 furn\u00e9rhoz,<\/div>\n<div><\/div>\n<div>hib\u00e1tlanul meghajl\u00edtott cs\u00facs a tetej\u00e9n, rendk\u00edv\u00fcli alak\u00fa tornyok a bal k\u00fcls\u0151 ablakokn\u00e1l \u00e9s elfogulatlan \u00e1rnyalatok, k\u00f6zt\u00fck hom\u00e1lyos, homokz\u00f6ld, barna \u00e9s feh\u00e9r.<\/div>\n<div><\/div>\n<div>\n<figure id=\"attachment_31970\" aria-describedby=\"caption-attachment-31970\" style=\"width: 1000px\" class=\"wp-caption aligncenter\"><img fetchpriority=\"high\" decoding=\"async\" class=\"wp-image-31970 size-full\" src=\"https:\/\/mouldking.store\/wp-content\/uploads\/2021\/10\/MOC-32576-Assembly-Square-Alternative-LEGO-10255-by-InyongBricks-MOC-FACTORY.jpg\" alt=\"MOC 32576 Assembly Square Alternative LEGO 10255 by InyongBricks MOC FACTORY\" width=\"1000\" height=\"1000\" title=\"-\" srcset=\"https:\/\/mouldking.store\/wp-content\/uploads\/2021\/10\/MOC-32576-Assembly-Square-Alternative-LEGO-10255-by-InyongBricks-MOC-FACTORY.jpg 1000w, https:\/\/mouldking.store\/wp-content\/uploads\/2021\/10\/MOC-32576-Assembly-Square-Alternative-LEGO-10255-by-InyongBricks-MOC-FACTORY-300x300.jpg 300w, https:\/\/mouldking.store\/wp-content\/uploads\/2021\/10\/MOC-32576-Assembly-Square-Alternative-LEGO-10255-by-InyongBricks-MOC-FACTORY-768x768.jpg 768w, https:\/\/mouldking.store\/wp-content\/uploads\/2021\/10\/MOC-32576-Assembly-Square-Alternative-LEGO-10255-by-InyongBricks-MOC-FACTORY-600x600.jpg 600w, https:\/\/mouldking.store\/wp-content\/uploads\/2021\/10\/MOC-32576-Assembly-Square-Alternative-LEGO-10255-by-InyongBricks-MOC-FACTORY-150x150.jpg 150w\" sizes=\"(max-width: 1000px) 100vw, 1000px\" \/><figcaption id=\"caption-attachment-31970\" class=\"wp-caption-text\">MOC 32576 Assembly Square Alternat\u00edv LEGO 10255, InyongBricks MOC FACTORY<\/figcaption><\/figure>\n<figure id=\"attachment_31971\" aria-describedby=\"caption-attachment-31971\" style=\"width: 1000px\" class=\"wp-caption aligncenter\"><img decoding=\"async\" class=\"wp-image-31971 size-full\" src=\"https:\/\/mouldking.store\/wp-content\/uploads\/2021\/10\/89100-jiestar-creative-expert-street-vie_main-5.jpg\" alt=\"MOC 32576 Assembly Square Alternative LEGO 10255 by InyongBricks MOC FACTORY\" width=\"1000\" height=\"1000\" title=\"-\" srcset=\"https:\/\/mouldking.store\/wp-content\/uploads\/2021\/10\/89100-jiestar-creative-expert-street-vie_main-5.jpg 1000w, https:\/\/mouldking.store\/wp-content\/uploads\/2021\/10\/89100-jiestar-creative-expert-street-vie_main-5-300x300.jpg 300w, https:\/\/mouldking.store\/wp-content\/uploads\/2021\/10\/89100-jiestar-creative-expert-street-vie_main-5-768x768.jpg 768w, https:\/\/mouldking.store\/wp-content\/uploads\/2021\/10\/89100-jiestar-creative-expert-street-vie_main-5-600x600.jpg 600w, https:\/\/mouldking.store\/wp-content\/uploads\/2021\/10\/89100-jiestar-creative-expert-street-vie_main-5-150x150.jpg 150w\" sizes=\"(max-width: 1000px) 100vw, 1000px\" \/><figcaption id=\"caption-attachment-31971\" class=\"wp-caption-text\">MOC 32576 Assembly Square Alternat\u00edv LEGO 10255, InyongBricks MOC FACTORY<\/figcaption><\/figure>\n<figure id=\"attachment_31974\" aria-describedby=\"caption-attachment-31974\" style=\"width: 1000px\" class=\"wp-caption aligncenter\"><img decoding=\"async\" class=\"wp-image-31974 size-full\" src=\"https:\/\/mouldking.store\/wp-content\/uploads\/2021\/10\/89100-jiestar-creative-expert-street-vie_main-2.jpg\" alt=\"MOC 32576 Assembly Square Alternative LEGO 10255 by InyongBricks MOC FACTORY\" width=\"1000\" height=\"1000\" title=\"-\" srcset=\"https:\/\/mouldking.store\/wp-content\/uploads\/2021\/10\/89100-jiestar-creative-expert-street-vie_main-2.jpg 1000w, https:\/\/mouldking.store\/wp-content\/uploads\/2021\/10\/89100-jiestar-creative-expert-street-vie_main-2-300x300.jpg 300w, https:\/\/mouldking.store\/wp-content\/uploads\/2021\/10\/89100-jiestar-creative-expert-street-vie_main-2-768x768.jpg 768w, https:\/\/mouldking.store\/wp-content\/uploads\/2021\/10\/89100-jiestar-creative-expert-street-vie_main-2-600x600.jpg 600w, https:\/\/mouldking.store\/wp-content\/uploads\/2021\/10\/89100-jiestar-creative-expert-street-vie_main-2-150x150.jpg 150w\" sizes=\"(max-width: 1000px) 100vw, 1000px\" \/><figcaption id=\"caption-attachment-31974\" class=\"wp-caption-text\">MOC 32576 Assembly Square Alternat\u00edv LEGO 10255, InyongBricks MOC FACTORY<\/figcaption><\/figure>\n<figure id=\"attachment_31973\" aria-describedby=\"caption-attachment-31973\" style=\"width: 1000px\" class=\"wp-caption aligncenter\"><img loading=\"lazy\" decoding=\"async\" class=\"wp-image-31973 size-full\" src=\"https:\/\/mouldking.store\/wp-content\/uploads\/2021\/10\/89100-jiestar-creative-expert-street-vie_main-3.jpg\" alt=\"MOC 32576 Assembly Square Alternative LEGO 10255 by InyongBricks MOC FACTORY\" width=\"1000\" height=\"1000\" title=\"-\" srcset=\"https:\/\/mouldking.store\/wp-content\/uploads\/2021\/10\/89100-jiestar-creative-expert-street-vie_main-3.jpg 1000w, https:\/\/mouldking.store\/wp-content\/uploads\/2021\/10\/89100-jiestar-creative-expert-street-vie_main-3-300x300.jpg 300w, https:\/\/mouldking.store\/wp-content\/uploads\/2021\/10\/89100-jiestar-creative-expert-street-vie_main-3-768x768.jpg 768w, https:\/\/mouldking.store\/wp-content\/uploads\/2021\/10\/89100-jiestar-creative-expert-street-vie_main-3-600x600.jpg 600w, https:\/\/mouldking.store\/wp-content\/uploads\/2021\/10\/89100-jiestar-creative-expert-street-vie_main-3-150x150.jpg 150w\" sizes=\"(max-width: 1000px) 100vw, 1000px\" \/><figcaption id=\"caption-attachment-31973\" class=\"wp-caption-text\">MOC 32576 Assembly Square Alternat\u00edv LEGO 10255, InyongBricks MOC FACTORY<\/figcaption><\/figure>\n<figure id=\"attachment_31972\" aria-describedby=\"caption-attachment-31972\" style=\"width: 1000px\" class=\"wp-caption aligncenter\"><img loading=\"lazy\" decoding=\"async\" class=\"wp-image-31972 size-full\" src=\"https:\/\/mouldking.store\/wp-content\/uploads\/2021\/10\/89100-jiestar-creative-expert-street-vie_main-4.jpg\" alt=\"MOC 32576 Assembly Square Alternative LEGO 10255 by InyongBricks MOC FACTORY\" width=\"1000\" height=\"1000\" title=\"-\" srcset=\"https:\/\/mouldking.store\/wp-content\/uploads\/2021\/10\/89100-jiestar-creative-expert-street-vie_main-4.jpg 1000w, https:\/\/mouldking.store\/wp-content\/uploads\/2021\/10\/89100-jiestar-creative-expert-street-vie_main-4-300x300.jpg 300w, https:\/\/mouldking.store\/wp-content\/uploads\/2021\/10\/89100-jiestar-creative-expert-street-vie_main-4-768x768.jpg 768w, https:\/\/mouldking.store\/wp-content\/uploads\/2021\/10\/89100-jiestar-creative-expert-street-vie_main-4-600x600.jpg 600w, https:\/\/mouldking.store\/wp-content\/uploads\/2021\/10\/89100-jiestar-creative-expert-street-vie_main-4-150x150.jpg 150w\" sizes=\"(max-width: 1000px) 100vw, 1000px\" \/><figcaption id=\"caption-attachment-31972\" class=\"wp-caption-text\">MOC 32576 Assembly Square Alternat\u00edv LEGO 10255, InyongBricks MOC FACTORY<\/figcaption><\/figure>\n<\/div>\n<div><\/div>","protected":false},"excerpt":{"rendered":"<ul>\n<li>Tartalmazza <strong>3262+<\/strong> db<\/li>\n<li>Online PDF oktat\u00e1s<\/li>\n<li>Kiv\u00e1l\u00f3 min\u0151s\u00e9g\u0171 ABS blokk<\/li>\n<\/ul>","protected":false},"featured_media":31971,"comment_status":"open","ping_status":"closed","template":"","meta":{"_acf_changed":false},"product_cat":[1395],"product_tag":[5673,5671,5670,5672],"class_list":["product","first","instock","shipping-taxable","purchasable","product-type-simple"],"acf":[],"_links":{"self":[{"href":"https:\/\/mouldking.store\/hu\/wp-json\/wp\/v2\/product\/20201","targetHints":{"allow":["GET"]}}],"collection":[{"href":"https:\/\/mouldking.store\/hu\/wp-json\/wp\/v2\/product"}],"about":[{"href":"https:\/\/mouldking.store\/hu\/wp-json\/wp\/v2\/types\/product"}],"replies":[{"embeddable":true,"href":"https:\/\/mouldking.store\/hu\/wp-json\/wp\/v2\/comments?post=20201"}],"wp:featuredmedia":[{"embeddable":true,"href":"https:\/\/mouldking.store\/hu\/wp-json\/wp\/v2\/media\/31971"}],"wp:attachment":[{"href":"https:\/\/mouldking.store\/hu\/wp-json\/wp\/v2\/media?parent=20201"}],"wp:term":[{"taxonomy":"product_cat","embeddable":true,"href":"https:\/\/mouldking.store\/hu\/wp-json\/wp\/v2\/product_cat?post=20201"},{"taxonomy":"product_tag","embeddable":true,"href":"https:\/\/mouldking.store\/hu\/wp-json\/wp\/v2\/product_tag?post=20201"}],"curies":[{"name":"wp","href":"https:\/\/api.w.org\/{rel}","templated":true}]}}