{"id":20239,"date":"2021-10-09T04:44:53","date_gmt":"2021-10-08T21:44:53","guid":{"rendered":"https:\/\/mouldking.store\/shop\/moc-13219-star-war-first-order-special-forces-fighter-minifig-scale-by-brickvault-moc-factory\/"},"modified":"2025-12-25T09:26:48","modified_gmt":"2025-12-25T02:26:48","slug":"moc-13219-star-war-first-order-special-forces-fighter-minifig-scale-by-brickvault-moc-factory","status":"publish","type":"product","link":"https:\/\/mouldking.store\/hu\/shop\/moc-13219-star-war-first-order-special-forces-fighter-minifig-scale-by-brickvault-moc-factory\/","title":{"rendered":"MOC 13219 Star War First Order Special Forces Fighter \u2013 Minifig Scale, brickvault MOC FACTORY"},"content":{"rendered":"<p>A filmb\u0151l legitim m\u00f3don bemutatva nem fogod megtal\u00e1lni ennek a TIE-harcosnak a fokozatosan pontos form\u00e1j\u00e1t a Leg\u00f3ban. A First Order Special Forces TIE (ikerr\u00e9szecskemotoros) Fighter\u00fcnk ide\u00e1lis minifig m\u00e9retar\u00e1ny\u00fa tervet \u00e9s kellemesen be\u00e1ll\u00edtott testet tartalmaz. Jerac \u00e1tvette egyedi TIE-terv\u00e9t, \u00e9s m\u00e9g hasznosabb\u00e1 tette, \u00e9s helyet k\u00edn\u00e1l egy neh\u00e9zfegyver-specialista \u00e9s pil\u00f3ta sz\u00e1m\u00e1ra. Ezenk\u00edv\u00fcl tartalmaz egy elforgathat\u00f3 als\u00f3 tornyot \u00e9s a h\u00edrhedt v\u00f6r\u00f6s cs\u00edkot.<\/p>\n<p><img fetchpriority=\"high\" decoding=\"async\" class=\"alignnone size-full wp-image-192293\" src=\"https:\/\/pay.lpwstore.com\/wp-content\/uploads\/2020\/06\/New-Project-24.png\" alt=\"MOC 13219\" width=\"800\" height=\"800\" title=\"-\"> <img decoding=\"async\" class=\"alignnone size-full wp-image-192292\" src=\"https:\/\/pay.lpwstore.com\/wp-content\/uploads\/2020\/06\/New-Project-1-2.png\" alt=\"-\" width=\"800\" height=\"800\" title=\"-\"> <img decoding=\"async\" class=\"alignnone size-full wp-image-192291\" src=\"https:\/\/pay.lpwstore.com\/wp-content\/uploads\/2020\/06\/New-Project-2-1.png\" alt=\"MOC 13219\" width=\"800\" height=\"800\" title=\"-\"><\/p>","protected":false},"excerpt":{"rendered":"<ul>\n<li>Tartalmazza <strong>903+<\/strong> db<\/li>\n<li>Online PDF oktat\u00e1s<\/li>\n<li>Kiv\u00e1l\u00f3 min\u0151s\u00e9g\u0171 ABS blokk<\/li>\n<\/ul>","protected":false},"featured_media":20236,"comment_status":"open","ping_status":"closed","template":"","meta":{"_acf_changed":false},"product_cat":[15],"product_tag":[],"class_list":["product","first","instock","shipping-taxable","purchasable","product-type-simple"],"acf":[],"_links":{"self":[{"href":"https:\/\/mouldking.store\/hu\/wp-json\/wp\/v2\/product\/20239","targetHints":{"allow":["GET"]}}],"collection":[{"href":"https:\/\/mouldking.store\/hu\/wp-json\/wp\/v2\/product"}],"about":[{"href":"https:\/\/mouldking.store\/hu\/wp-json\/wp\/v2\/types\/product"}],"replies":[{"embeddable":true,"href":"https:\/\/mouldking.store\/hu\/wp-json\/wp\/v2\/comments?post=20239"}],"wp:featuredmedia":[{"embeddable":true,"href":"https:\/\/mouldking.store\/hu\/wp-json\/wp\/v2\/media\/20236"}],"wp:attachment":[{"href":"https:\/\/mouldking.store\/hu\/wp-json\/wp\/v2\/media?parent=20239"}],"wp:term":[{"taxonomy":"product_cat","embeddable":true,"href":"https:\/\/mouldking.store\/hu\/wp-json\/wp\/v2\/product_cat?post=20239"},{"taxonomy":"product_tag","embeddable":true,"href":"https:\/\/mouldking.store\/hu\/wp-json\/wp\/v2\/product_tag?post=20239"}],"curies":[{"name":"wp","href":"https:\/\/api.w.org\/{rel}","templated":true}]}}