{"id":20248,"date":"2021-10-09T04:44:59","date_gmt":"2021-10-08T21:44:59","guid":{"rendered":"https:\/\/mouldking.store\/shop\/moc-5920-roadster-tc9-super-car-by-muffinbrick-moc-factory\/"},"modified":"2025-12-25T09:26:48","modified_gmt":"2025-12-25T02:26:48","slug":"moc-5920-roadster-tc9-super-car-by-muffinbrick-moc-factory","status":"publish","type":"product","link":"https:\/\/mouldking.store\/hu\/shop\/moc-5920-roadster-tc9-super-car-by-muffinbrick-moc-factory\/","title":{"rendered":"MOC 5920 Roadster (TC9) Super Car a muffinbrick MOC FACTORY-t\u00f3l"},"content":{"rendered":"<p>A roadster modellje az eurobricks Technic Contest (TC9) sz\u00e1m\u00e1ra.<\/p>\n<p>A modell legfontosabb jellemz\u0151i:<br \/>\n\u2013 hasznos ir\u00e1ny\u00edt\u00e1s a HOG+korm\u00e1ny seg\u00edts\u00e9g\u00e9vel<br \/>\n\u2013 hasznos h\u00e1ts\u00f3 differenci\u00e1lm\u0171 180\u00b0-os V4-es motorhoz csatlakoztatva<br \/>\n- \u00f6sszecsukhat\u00f3 tet\u0151<br \/>\n\u2013 nyithat\u00f3 bej\u00e1ratok \u00e9s kalapok<br \/>\n\u2013 mentse a kereket az els\u0151 kalap alatt<\/p>\n<p>Az ir\u00e1nyelvekben szerepl\u0151 modellnek van n\u00e9h\u00e1ny apr\u00f3 elt\u00e9r\u00e9se az el\u0151z\u0151 form\u00e1mhoz k\u00e9pest, de a megjelen\u00e9s \u00e9s a kapacit\u00e1sok megk\u00fcl\u00f6nb\u00f6ztethetetlenek. Ezenk\u00edv\u00fcl a r\u00e9szlist\u00e1ban m\u00f3dos\u00edtottam n\u00e9h\u00e1ny szokatlan \u00e1rnyalat\u00fa r\u00e9szt fokozatosan norm\u00e1l \u00e1rnyalatokra.<\/p>\n<p><img fetchpriority=\"high\" decoding=\"async\" class=\"alignnone size-full wp-image-192305\" src=\"https:\/\/pay.lpwstore.com\/wp-content\/uploads\/2020\/06\/New-Project-7-1.png\" alt=\"MOC 5920\" width=\"800\" height=\"800\" title=\"-\"> <img decoding=\"async\" class=\"alignnone size-full wp-image-192304\" src=\"https:\/\/pay.lpwstore.com\/wp-content\/uploads\/2020\/06\/New-Project-8-1.png\" alt=\"-\" width=\"800\" height=\"800\" title=\"-\"> <img decoding=\"async\" class=\"alignnone size-full wp-image-192303\" src=\"https:\/\/pay.lpwstore.com\/wp-content\/uploads\/2020\/06\/New-Project-9-1.png\" alt=\"-\" width=\"800\" height=\"800\" title=\"-\"> <img loading=\"lazy\" decoding=\"async\" class=\"alignnone size-full wp-image-192302\" src=\"https:\/\/pay.lpwstore.com\/wp-content\/uploads\/2020\/06\/New-Project-10-1.png\" alt=\"MOC 5920\" width=\"800\" height=\"800\" title=\"-\"><\/p>","protected":false},"excerpt":{"rendered":"<ul>\n<li>Tartalmazza <strong>955+<\/strong> db<\/li>\n<li>Online PDF oktat\u00e1s<\/li>\n<li>Kiv\u00e1l\u00f3 min\u0151s\u00e9g\u0171 ABS blokk<\/li>\n<\/ul>","protected":false},"featured_media":20244,"comment_status":"open","ping_status":"closed","template":"","meta":{"_acf_changed":false},"product_cat":[364],"product_tag":[],"class_list":["product","first","instock","shipping-taxable","purchasable","product-type-simple"],"acf":[],"_links":{"self":[{"href":"https:\/\/mouldking.store\/hu\/wp-json\/wp\/v2\/product\/20248","targetHints":{"allow":["GET"]}}],"collection":[{"href":"https:\/\/mouldking.store\/hu\/wp-json\/wp\/v2\/product"}],"about":[{"href":"https:\/\/mouldking.store\/hu\/wp-json\/wp\/v2\/types\/product"}],"replies":[{"embeddable":true,"href":"https:\/\/mouldking.store\/hu\/wp-json\/wp\/v2\/comments?post=20248"}],"wp:featuredmedia":[{"embeddable":true,"href":"https:\/\/mouldking.store\/hu\/wp-json\/wp\/v2\/media\/20244"}],"wp:attachment":[{"href":"https:\/\/mouldking.store\/hu\/wp-json\/wp\/v2\/media?parent=20248"}],"wp:term":[{"taxonomy":"product_cat","embeddable":true,"href":"https:\/\/mouldking.store\/hu\/wp-json\/wp\/v2\/product_cat?post=20248"},{"taxonomy":"product_tag","embeddable":true,"href":"https:\/\/mouldking.store\/hu\/wp-json\/wp\/v2\/product_tag?post=20248"}],"curies":[{"name":"wp","href":"https:\/\/api.w.org\/{rel}","templated":true}]}}