{"id":20268,"date":"2021-10-09T04:45:11","date_gmt":"2021-10-08T21:45:11","guid":{"rendered":"https:\/\/mouldking.store\/shop\/moc-26756-flight-of-the-luck-dragon-from-the-the-neverending-story-by-jkbrickworks-moc-factory\/"},"modified":"2025-12-25T09:26:47","modified_gmt":"2025-12-25T02:26:47","slug":"moc-26756-flight-of-the-luck-dragon-from-the-the-neverending-story-by-jkbrickworks-moc-factory","status":"publish","type":"product","link":"https:\/\/mouldking.store\/hu\/shop\/moc-26756-flight-of-the-luck-dragon-from-the-the-neverending-story-by-jkbrickworks-moc-factory\/","title":{"rendered":"MOC-26756 A szerencses\u00e1rk\u00e1ny rep\u00fcl\u00e9se a V\u00e9gtelen t\u00f6rt\u00e9netb\u0151l, JKBrickworks MOC FACTORY"},"content":{"rendered":"<p>Ez egy kis dinamikus figura Falkornak (vagy Fuchurnak), a karma sz\u00e1rnyas k\u00edgy\u00f3nak a The Neverending Story-b\u00f3l.<\/p>\n<p>A modell fel\u00fclet\u00e9n csavarkulccsal mozgathat\u00f3 a mitikus k\u00edgy\u00f3, a test pedig hull\u00e1mmint\u00e1t k\u00f6vet. A vide\u00f3ban a val\u00f3s\u00e1gban is l\u00e1thatja, a m\u0171k\u00f6d\u00e9s\u00e9nek teljes tiszt\u00e1z\u00e1sa mellett.<\/p>\n<p>Az \u00e1llv\u00e1ny emellett a t\u00f6rt\u00e9netb\u0151l sz\u00e1rmaz\u00f3 szimbolik\u00e1t is tartalmaz, bele\u00e9rtve az Ivory Tower-t \u00e9s a Southern Oracle-t. Az \u00e1llv\u00e1ny v\u00e9g\u00e9n l\u00e9v\u0151 s\u00f6t\u00e9t ter\u00fclet a Semmir\u0151l besz\u00e9l, ahogy fokozatosan beburkolja a vil\u00e1got.<\/p>\n<p><img fetchpriority=\"high\" decoding=\"async\" class=\"alignnone size-full wp-image-192486\" src=\"https:\/\/pay.lpwstore.com\/wp-content\/uploads\/2020\/06\/New-Project-43.png\" alt=\"MOC-26756\" width=\"800\" height=\"800\" title=\"-\"> <img decoding=\"async\" class=\"alignnone size-full wp-image-192485\" src=\"https:\/\/pay.lpwstore.com\/wp-content\/uploads\/2020\/06\/New-Project-44.png\" alt=\"MOC-26756\" width=\"800\" height=\"800\" title=\"-\"><\/p>","protected":false},"excerpt":{"rendered":"<ul>\n<li>Tartalmazza <strong>656+<\/strong> db<\/li>\n<li>Online PDF oktat\u00e1s<\/li>\n<li>Kiv\u00e1l\u00f3 min\u0151s\u00e9g\u0171 ABS blokk<\/li>\n<\/ul>","protected":false},"featured_media":20266,"comment_status":"open","ping_status":"closed","template":"","meta":{"_acf_changed":false},"product_cat":[15],"product_tag":[],"class_list":["product","first","instock","shipping-taxable","purchasable","product-type-simple"],"acf":[],"_links":{"self":[{"href":"https:\/\/mouldking.store\/hu\/wp-json\/wp\/v2\/product\/20268","targetHints":{"allow":["GET"]}}],"collection":[{"href":"https:\/\/mouldking.store\/hu\/wp-json\/wp\/v2\/product"}],"about":[{"href":"https:\/\/mouldking.store\/hu\/wp-json\/wp\/v2\/types\/product"}],"replies":[{"embeddable":true,"href":"https:\/\/mouldking.store\/hu\/wp-json\/wp\/v2\/comments?post=20268"}],"wp:featuredmedia":[{"embeddable":true,"href":"https:\/\/mouldking.store\/hu\/wp-json\/wp\/v2\/media\/20266"}],"wp:attachment":[{"href":"https:\/\/mouldking.store\/hu\/wp-json\/wp\/v2\/media?parent=20268"}],"wp:term":[{"taxonomy":"product_cat","embeddable":true,"href":"https:\/\/mouldking.store\/hu\/wp-json\/wp\/v2\/product_cat?post=20268"},{"taxonomy":"product_tag","embeddable":true,"href":"https:\/\/mouldking.store\/hu\/wp-json\/wp\/v2\/product_tag?post=20268"}],"curies":[{"name":"wp","href":"https:\/\/api.w.org\/{rel}","templated":true}]}}