{"id":20277,"date":"2021-10-09T04:45:16","date_gmt":"2021-10-09T04:45:16","guid":{"rendered":"https:\/\/mouldking.store\/shop\/moc-22560-thors-hammer-mjolnir-desktop-build-super-heroes-marvel-by-lioncity-mocs-moc-factory\/"},"modified":"2025-12-25T09:26:47","modified_gmt":"2025-12-25T02:26:47","slug":"moc-22560-thors-hammer-mjolnir-desktop-build-super-heroes-marvel-by-lioncity-mocs-moc-factory","status":"publish","type":"product","link":"https:\/\/mouldking.store\/hu\/shop\/moc-22560-thors-hammer-mjolnir-desktop-build-super-heroes-marvel-by-lioncity-mocs-moc-factory\/","title":{"rendered":"MOC-22560 Thor&#039;s Hammer \u2013 Mjolnir (asztali \u00e9p\u00edt\u00e9s) Super Heroes Marvel, Lioncity Mocs MOC FACTORY"},"content":{"rendered":"<p>Darabsz\u00e1m: 181 darab<\/p>\n<p>Becsl\u00e9sek: 9,5 cm (sz\u00e9less\u00e9g) X 9,5 cm (hossz) X 16 cm (magass\u00e1g)<\/p>\n<p>S\u00faly: 180 gramm<\/p>\n<p>A Bossz\u00fa\u00e1ll\u00f3k egyik h\u0151se a leny\u0171g\u00f6z\u0151 Thor, az asgardi ord\u00edt\u00e1s skandin\u00e1v istene. N\u00e1la van a Mjolnir n\u00e9ven ismert elvar\u00e1zsolt kalap\u00e1cs, amellyel rep\u00fclhet, \u00e9s vill\u00e1mcsap\u00e1st m\u00e9rhet ellenfel\u00e9re.<\/p>\n<p><img fetchpriority=\"high\" decoding=\"async\" class=\"alignnone size-full wp-image-192466\" src=\"https:\/\/pay.lpwstore.com\/wp-content\/uploads\/2020\/06\/New-Project-28.png\" alt=\"MOC22560\" width=\"800\" height=\"800\" title=\"-\"> <img decoding=\"async\" class=\"alignnone size-full wp-image-192465\" src=\"https:\/\/pay.lpwstore.com\/wp-content\/uploads\/2020\/06\/New-Project-29.png\" alt=\"-\" width=\"800\" height=\"800\" title=\"-\"> <img decoding=\"async\" class=\"alignnone size-full wp-image-192464\" src=\"https:\/\/pay.lpwstore.com\/wp-content\/uploads\/2020\/06\/New-Project-30.png\" alt=\"MOC22560\" width=\"800\" height=\"800\" title=\"-\"><\/p>","protected":false},"excerpt":{"rendered":"<ul>\n<li>Tartalmazza <strong>181+<\/strong> db<\/li>\n<li>Online PDF oktat\u00e1s<\/li>\n<li>Kiv\u00e1l\u00f3 min\u0151s\u00e9g\u0171 ABS blokk<\/li>\n<\/ul>","protected":false},"featured_media":20274,"comment_status":"open","ping_status":"closed","template":"","meta":{"_acf_changed":false},"product_cat":[15],"product_tag":[],"class_list":["product","first","instock","shipping-taxable","purchasable","product-type-simple"],"acf":[],"_links":{"self":[{"href":"https:\/\/mouldking.store\/hu\/wp-json\/wp\/v2\/product\/20277","targetHints":{"allow":["GET"]}}],"collection":[{"href":"https:\/\/mouldking.store\/hu\/wp-json\/wp\/v2\/product"}],"about":[{"href":"https:\/\/mouldking.store\/hu\/wp-json\/wp\/v2\/types\/product"}],"replies":[{"embeddable":true,"href":"https:\/\/mouldking.store\/hu\/wp-json\/wp\/v2\/comments?post=20277"}],"wp:featuredmedia":[{"embeddable":true,"href":"https:\/\/mouldking.store\/hu\/wp-json\/wp\/v2\/media\/20274"}],"wp:attachment":[{"href":"https:\/\/mouldking.store\/hu\/wp-json\/wp\/v2\/media?parent=20277"}],"wp:term":[{"taxonomy":"product_cat","embeddable":true,"href":"https:\/\/mouldking.store\/hu\/wp-json\/wp\/v2\/product_cat?post=20277"},{"taxonomy":"product_tag","embeddable":true,"href":"https:\/\/mouldking.store\/hu\/wp-json\/wp\/v2\/product_tag?post=20277"}],"curies":[{"name":"wp","href":"https:\/\/api.w.org\/{rel}","templated":true}]}}