{"id":20281,"date":"2021-10-09T04:45:18","date_gmt":"2021-10-09T04:45:18","guid":{"rendered":"https:\/\/mouldking.store\/shop\/moc-0271-mars-science-laboratory-curiosity-rover-robot-by-perijove-moc-factory\/"},"modified":"2025-12-25T09:26:47","modified_gmt":"2025-12-25T02:26:47","slug":"moc-0271-mars-science-laboratory-curiosity-rover-robot-by-perijove-moc-factory","status":"publish","type":"product","link":"https:\/\/mouldking.store\/hu\/shop\/moc-0271-mars-science-laboratory-curiosity-rover-robot-by-perijove-moc-factory\/","title":{"rendered":"MOC-0271 Mars Science Laboratory Curiosity Rover Robot, Perijove MOC FACTORY"},"content":{"rendered":"<p>Ez a Curiosity nev\u0171 Mars Science Laboratory rover modellje. Jelenleg a Marson van a V\u00f6r\u00f6s Bolyg\u00f3 m\u00faltj\u00e1nak \u00e9s jelenlegi tarthat\u00f3s\u00e1g\u00e1nak strat\u00e9giai felfedez\u00e9s\u00e9vel. 2012. augusztus 5-\u00e9n kapcsolatba l\u00e9pett a Gale-kr\u00e1terrel, k\u00f6zel az Egyenl\u00edt\u0151h\u00f6z. Ennek a modellnek teljesen kimondott karja, kivehet\u0151 r\u00fadja \u00e9s m\u0171k\u00f6d\u0151 billen\u0151-forg\u00f3v\u00e1zas felf\u00fcggeszt\u00e9si kerete van, amely lehet\u0151v\u00e9 teszi, hogy a meander hatalmas r\u00e1zk\u00f3d\u00e1sokon \u00e1thaladjon, \u00e9s mind a hat kerek\u00e9t a talajon tartsa.<\/p>\n<p><img fetchpriority=\"high\" decoding=\"async\" class=\"alignnone size-full wp-image-192471\" src=\"https:\/\/pay.lpwstore.com\/wp-content\/uploads\/2020\/06\/New-Project-33.png\" alt=\"MOC0271\" width=\"800\" height=\"800\" title=\"-\"> <img decoding=\"async\" class=\"alignnone size-full wp-image-192470\" src=\"https:\/\/pay.lpwstore.com\/wp-content\/uploads\/2020\/06\/New-Project-34.png\" alt=\"MOC0271\" width=\"800\" height=\"800\" title=\"-\"> <img decoding=\"async\" class=\"alignnone size-full wp-image-192469\" src=\"https:\/\/pay.lpwstore.com\/wp-content\/uploads\/2020\/06\/New-Project-35.png\" alt=\"MOC0271\" width=\"800\" height=\"800\" title=\"-\"><\/p>","protected":false},"excerpt":{"rendered":"<ul>\n<li>Tartalmazza <strong>314+<\/strong> db<\/li>\n<li>Online PDF oktat\u00e1s<\/li>\n<li>Kiv\u00e1l\u00f3 min\u0151s\u00e9g\u0171 ABS blokk<\/li>\n<\/ul>","protected":false},"featured_media":20278,"comment_status":"open","ping_status":"closed","template":"","meta":{"_acf_changed":false},"product_cat":[15],"product_tag":[],"class_list":["product","first","instock","shipping-taxable","purchasable","product-type-simple"],"acf":[],"_links":{"self":[{"href":"https:\/\/mouldking.store\/hu\/wp-json\/wp\/v2\/product\/20281","targetHints":{"allow":["GET"]}}],"collection":[{"href":"https:\/\/mouldking.store\/hu\/wp-json\/wp\/v2\/product"}],"about":[{"href":"https:\/\/mouldking.store\/hu\/wp-json\/wp\/v2\/types\/product"}],"replies":[{"embeddable":true,"href":"https:\/\/mouldking.store\/hu\/wp-json\/wp\/v2\/comments?post=20281"}],"wp:featuredmedia":[{"embeddable":true,"href":"https:\/\/mouldking.store\/hu\/wp-json\/wp\/v2\/media\/20278"}],"wp:attachment":[{"href":"https:\/\/mouldking.store\/hu\/wp-json\/wp\/v2\/media?parent=20281"}],"wp:term":[{"taxonomy":"product_cat","embeddable":true,"href":"https:\/\/mouldking.store\/hu\/wp-json\/wp\/v2\/product_cat?post=20281"},{"taxonomy":"product_tag","embeddable":true,"href":"https:\/\/mouldking.store\/hu\/wp-json\/wp\/v2\/product_tag?post=20281"}],"curies":[{"name":"wp","href":"https:\/\/api.w.org\/{rel}","templated":true}]}}